{"id":924,"date":"2021-02-09T12:20:00","date_gmt":"2021-02-09T11:20:00","guid":{"rendered":"https:\/\/dotlacknih.sk\/?post_type=product&#038;p=924"},"modified":"2026-01-28T14:37:28","modified_gmt":"2026-01-28T13:37:28","slug":"vojvoda-a-ja","status":"publish","type":"product","link":"https:\/\/dotlacknih.sk\/index.php\/produkt\/vojvoda-a-ja\/","title":{"rendered":"Vojvoda a ja &#8211; Julia Quinnov\u00e1"},"content":{"rendered":"<p>Po\u010det str\u00e1n: 288<\/p>\n<p>Pevn\u00e1 v\u00e4zba bez prebalu, rok vydania 2021.<\/p>\n<p>&nbsp;<\/p>\n<p><b>Existuje pre lond\u00fdnske Cti\u017eiadostiv\u00e9 matky v\u00e4\u010d\u0161ia v\u00fdzva ako slobodn\u00fd vojvoda?<\/b><\/p>\n<p>SPOLO\u010cENSK\u00c9 NOVINY LADY WHISTLEDOWNOVEJ, APR\u00cdL 1813<br \/>\nZd\u00e1 sa, \u017ee Simonovi Bassetovi ch\u00fdba u\u017e len k\u00fasok k tomu, aby po\u017eiadal o ruku sestru svojho najlep\u0161ieho priate\u013ea \u2013 p\u00f4vabn\u00fa Daphne Bridgertonov\u00fa. Ale iba oni dvaja vedia pravdu. Simon vymyslel zlo\u017eit\u00fd pl\u00e1n, ako od seba udr\u017e\u00ed matky zo spolo\u010dnosti, ktor\u00fdm ide o sob\u00e1\u0161. A \u010do sa t\u00fdka Daphne, teraz, ke\u010f sa zd\u00e1, \u017ee vojvoda ju ozna\u010dil za \u017eiaducu, ur\u010dite pritiahne nieko\u013eko ve\u013emi vhodn\u00fdch n\u00e1padn\u00edkov.<\/p>\n<p>Ale po\u010das v\u0161etk\u00fdch t\u00fdch plesov, ktor\u00e9 Daphne tr\u00e1vi so Simonom, zab\u00fada, \u017ee ich zn\u00e1mos\u0165 je len klamstvom. Mo\u017eno je to jeho diabolsk\u00fdm \u00fasmevom, ur\u010dite je to t\u00fdm, ako jeho o\u010di horia zaka\u017ed\u00fdm, ke\u010f sa na \u0148u pozrie&#8230; ale Daphne sa do vojvodu zamiluje&#8230; naozaj! A teraz mus\u00ed urobi\u0165 aj nemo\u017en\u00e9 a \u00faplne nestrati\u0165 srdce a du\u0161u kv\u00f4li atrakt\u00edvnemu b\u00farliv\u00e1kovi, ktor\u00fd sa zaprisahal, \u017ee sa nikdy neo\u017een\u00ed!<\/p>\n<div class='qrcode'><img   src='https:\/\/api.qrserver.com\/v1\/create-qr-code\/?size=185x185&ecc=L&qzone=1&data=https%3A%2F%2Fdotlacknih.sk%2Findex.php%2Fprodukt%2Fvojvoda-a-ja%2F' alt='Vojvoda a ja &#8211; Julia Quinnov\u00e1' \/><\/div>","protected":false},"excerpt":{"rendered":"<p>Po\u010det str\u00e1n: 288 Pevn\u00e1 v\u00e4zba bez prebalu, rok vydania 2021. &nbsp; Existuje pre lond\u00fdnske Cti\u017eiadostiv\u00e9 matky v\u00e4\u010d\u0161ia v\u00fdzva ako slobodn\u00fd vojvoda? SPOLO\u010cENSK\u00c9 NOVINY LADY WHISTLEDOWNOVEJ, APR\u00cdL 1813 Zd\u00e1 sa, \u017ee Simonovi Bassetovi ch\u00fdba u\u017e len k\u00fasok k tomu, aby po\u017eiadal o ruku sestru svojho najlep\u0161ieho priate\u013ea \u2013 p\u00f4vabn\u00fa Daphne Bridgertonov\u00fa. Ale iba oni dvaja vedia pravdu. Simon vymyslel zlo\u017eit\u00fd pl\u00e1n, ako od seba udr\u017e\u00ed matky zo spolo\u010dnosti, ktor\u00fdm ide o sob\u00e1\u0161. A \u010do sa t\u00fdka Daphne, teraz, ke\u010f sa zd\u00e1, \u017ee vojvoda ju ozna\u010dil za \u017eiaducu, ur\u010dite pritiahne nieko\u013eko ve\u013emi vhodn\u00fdch n\u00e1padn\u00edkov. Ale po\u010das v\u0161etk\u00fdch t\u00fdch plesov, ktor\u00e9 Daphne tr\u00e1vi so Simonom, zab\u00fada, \u017ee ich zn\u00e1mos\u0165 je len klamstvom. Mo\u017eno je to jeho diabolsk\u00fdm \u00fasmevom, ur\u010dite je to t\u00fdm, ako jeho o\u010di horia zaka\u017ed\u00fdm, ke\u010f sa na \u0148u pozrie&#8230; ale Daphne sa do vojvodu zamiluje&#8230; naozaj! A teraz mus\u00ed urobi\u0165 aj nemo\u017en\u00e9 a \u00faplne nestrati\u0165 srdce a du\u0161u kv\u00f4li atrakt\u00edvnemu b\u00farliv\u00e1kovi, ktor\u00fd sa zaprisahal, \u017ee sa nikdy neo\u017een\u00ed!<\/p>\n","protected":false},"featured_media":925,"comment_status":"open","ping_status":"closed","template":"","meta":[],"product_brand":[],"product_cat":[113],"product_tag":[68,149,151,150,67],"class_list":{"0":"post-924","1":"product","2":"type-product","3":"status-publish","4":"has-post-thumbnail","6":"product_cat-bridgerton","7":"product_tag-bridgerton","8":"product_tag-daphne-bridgerton","9":"product_tag-duke-and-i","10":"product_tag-simon-basset","11":"product_tag-vojvoda-a-ja","13":"first","14":"instock","15":"taxable","16":"shipping-taxable","17":"purchasable","18":"product-type-simple"},"wooqr_code":"1609832360_924.png","_links":{"self":[{"href":"https:\/\/dotlacknih.sk\/index.php\/wp-json\/wp\/v2\/product\/924","targetHints":{"allow":["GET"]}}],"collection":[{"href":"https:\/\/dotlacknih.sk\/index.php\/wp-json\/wp\/v2\/product"}],"about":[{"href":"https:\/\/dotlacknih.sk\/index.php\/wp-json\/wp\/v2\/types\/product"}],"replies":[{"embeddable":true,"href":"https:\/\/dotlacknih.sk\/index.php\/wp-json\/wp\/v2\/comments?post=924"}],"wp:featuredmedia":[{"embeddable":true,"href":"https:\/\/dotlacknih.sk\/index.php\/wp-json\/wp\/v2\/media\/925"}],"wp:attachment":[{"href":"https:\/\/dotlacknih.sk\/index.php\/wp-json\/wp\/v2\/media?parent=924"}],"wp:term":[{"taxonomy":"product_brand","embeddable":true,"href":"https:\/\/dotlacknih.sk\/index.php\/wp-json\/wp\/v2\/product_brand?post=924"},{"taxonomy":"product_cat","embeddable":true,"href":"https:\/\/dotlacknih.sk\/index.php\/wp-json\/wp\/v2\/product_cat?post=924"},{"taxonomy":"product_tag","embeddable":true,"href":"https:\/\/dotlacknih.sk\/index.php\/wp-json\/wp\/v2\/product_tag?post=924"}],"curies":[{"name":"wp","href":"https:\/\/api.w.org\/{rel}","templated":true}]}}