{"id":8197,"date":"2025-10-03T09:45:31","date_gmt":"2025-10-03T07:45:31","guid":{"rendered":"https:\/\/dotlacknih.sk\/?post_type=product&#038;p=8197"},"modified":"2026-02-20T11:18:43","modified_gmt":"2026-02-20T10:18:43","slug":"quicksilver-callie-hart-bezoriezkova-verzia-bez-bonusovej-kapitoly","status":"publish","type":"product","link":"https:\/\/dotlacknih.sk\/index.php\/produkt\/quicksilver-callie-hart-bezoriezkova-verzia-bez-bonusovej-kapitoly\/","title":{"rendered":"Quicksilver- Callie Hart (bezoriezkov\u00e1 verzia, bez bonusovej kapitoly)"},"content":{"rendered":"<p>V\u00e4zba: pevn\u00e1 bez prebalu, bez oriezky, s ilustr\u00e1ciami vn\u00fatri od ilustr\u00e1torky Ivet Kristelovej a farebn\u00fdmi preds\u00e1dkami, k tejto verzii bude aj 1 ks farebn\u00fd overlays tie\u017e od ilustr\u00e1torky Ivet Kristelovej.<br \/>\nPo\u010det str\u00e1n: 672, BEZ bonusovej kapitoly, ktor\u00e1 sa bude da\u0165 stiahnu\u0165 po vydan\u00ed na na\u0161ej str\u00e1nke. <\/p>\n<p>Prv\u00fd diel tril\u00f3gie Fae &#038; Alchemy.<\/p>\n<p>Nedot\u00fdkaj sa me\u010da. Neot\u00e1\u010daj k\u013e\u00fa\u010dom. Neotv\u00e1raj br\u00e1nu. V krajine plnej nemilosrdn\u00fdch p\u00fa\u0161t\u00ed nie je ve\u013ea vec\u00ed, ktor\u00e9 by diev\u010da neurobilo za poh\u00e1r vody. Dvadsa\u0165\u0161tyriro\u010dn\u00e1 Saeris Fane vie udr\u017ea\u0165 tajomstvo. Nikto nevie o jej zvl\u00e1\u0161tnych schopnostiach ani o tom, \u017ee odkedy si pam\u00e4t\u00e1, kradne z vreciek a z rezervo\u00e1rov Nesmrte\u013enej kr\u00e1\u013eovnej. Tajomstvo je v\u0161ak ako uzol. Sk\u00f4r \u010di nesk\u00f4r sa nevyhnutne rozvia\u017ee. Ke\u010f sa Saeris ocitne tv\u00e1rou v tv\u00e1r samotnej smrti, nechtiac op\u00e4\u0165 otvor\u00ed br\u00e1nu medzi svetmi a ocitne sa v krajine \u013eadu a snehu. Fae boli v\u017edy predmetom m\u00fdtov, legiend, no\u010dn\u00fdch m\u00f4r&#8230; ale ukazuje sa, \u017ee s\u00fa skuto\u010dn\u00ed, a Saeris skon\u010dila uprostred storo\u010dia trvaj\u00faceho konfliktu, ktor\u00fd ju m\u00f4\u017ee st\u00e1\u0165 \u017eivot. Ako prv\u00fd \u010dlovek, ktor\u00fd za viac ako tis\u00edc rokov vst\u00fapil do zamrznut\u00fdch hory Yvelie, sa Saeris omylom zvia\u017ee Kingfisherovi, pr\u00ed\u0165a\u017eliv\u00e9mu bojovn\u00edkovi Fae, ktor\u00fd m\u00e1 svoje tajomstv\u00e1 a pl\u00e1ny. Vyu\u017eije jej alchymistick\u00fa m\u00e1giu, aby ochr\u00e1nil svoj \u013eud, bez oh\u013eadu na to, \u010do to bude st\u00e1\u0165 jeho&#8230; alebo ju. Smr\u0165 m\u00e1 meno. Je to Kingfisher z Ajunskej br\u00e1ny. Jeho minulos\u0165 je temn\u00e1. Jeho spr\u00e1vanie je odporn\u00e9. A je jedinou mo\u017enos\u0165ou, ako sa Saeris m\u00f4\u017ee dosta\u0165 domov.<\/p>\n<p>D\u00e1vaj pozor na dohody, ktor\u00e9 uzatv\u00e1ra\u0161, drah\u00e9 die\u0165a. Diabol je v detailoch&#8230; <\/p>\n<p>Quicksilver obsahuje sc\u00e9ny s n\u00e1sil\u00edm a situ\u00e1cie vhodn\u00e9 pre dospel\u00fdch, preto je odpor\u00fa\u010dan\u00fd pre \u010ditate\u013eov od 17 rokov.<\/p>\n<div class='qrcode'><img   src='https:\/\/api.qrserver.com\/v1\/create-qr-code\/?size=185x185&ecc=L&qzone=1&data=https%3A%2F%2Fdotlacknih.sk%2Findex.php%2Fprodukt%2Fquicksilver-callie-hart-bezoriezkova-verzia-bez-bonusovej-kapitoly%2F' alt='Quicksilver- Callie Hart (bezoriezkov\u00e1 verzia, bez bonusovej kapitoly)' \/><\/div>","protected":false},"excerpt":{"rendered":"<p>V\u00e4zba: pevn\u00e1 bez prebalu, bez oriezky, s ilustr\u00e1ciami vn\u00fatri od ilustr\u00e1torky Ivet Kristelovej a farebn\u00fdmi preds\u00e1dkami, k tejto verzii bude aj 1 ks farebn\u00fd overlays tie\u017e od ilustr\u00e1torky Ivet Kristelovej. Po\u010det str\u00e1n: 672, BEZ bonusovej kapitoly, ktor\u00e1 sa bude da\u0165 stiahnu\u0165 po vydan\u00ed na na\u0161ej str\u00e1nke. Prv\u00fd diel tril\u00f3gie Fae &#038; Alchemy. Nedot\u00fdkaj sa me\u010da. Neot\u00e1\u010daj k\u013e\u00fa\u010dom. Neotv\u00e1raj br\u00e1nu. V krajine plnej nemilosrdn\u00fdch p\u00fa\u0161t\u00ed nie je ve\u013ea vec\u00ed, ktor\u00e9 by diev\u010da neurobilo za poh\u00e1r vody. Dvadsa\u0165\u0161tyriro\u010dn\u00e1 Saeris Fane vie udr\u017ea\u0165 tajomstvo. Nikto nevie o jej zvl\u00e1\u0161tnych schopnostiach ani o tom, \u017ee odkedy si pam\u00e4t\u00e1, kradne z vreciek a z rezervo\u00e1rov Nesmrte\u013enej kr\u00e1\u013eovnej. Tajomstvo je v\u0161ak ako uzol. Sk\u00f4r \u010di nesk\u00f4r sa nevyhnutne rozvia\u017ee. Ke\u010f sa Saeris ocitne tv\u00e1rou v tv\u00e1r samotnej smrti, nechtiac op\u00e4\u0165 otvor\u00ed br\u00e1nu medzi svetmi a ocitne sa v krajine \u013eadu a snehu. Fae boli v\u017edy predmetom m\u00fdtov, legiend, no\u010dn\u00fdch m\u00f4r&#8230; ale ukazuje sa, \u017ee s\u00fa skuto\u010dn\u00ed, a Saeris skon\u010dila uprostred storo\u010dia trvaj\u00faceho konfliktu, ktor\u00fd ju m\u00f4\u017ee st\u00e1\u0165 \u017eivot. Ako prv\u00fd \u010dlovek, ktor\u00fd za viac ako tis\u00edc rokov vst\u00fapil do zamrznut\u00fdch hory Yvelie, sa Saeris omylom zvia\u017ee Kingfisherovi, pr\u00ed\u0165a\u017eliv\u00e9mu bojovn\u00edkovi Fae, ktor\u00fd m\u00e1 svoje tajomstv\u00e1 a pl\u00e1ny. Vyu\u017eije jej alchymistick\u00fa m\u00e1giu, aby ochr\u00e1nil svoj \u013eud, bez oh\u013eadu na to, \u010do to bude st\u00e1\u0165 jeho&#8230; alebo ju. Smr\u0165 m\u00e1 meno. Je to Kingfisher z Ajunskej br\u00e1ny. Jeho minulos\u0165 je temn\u00e1. Jeho spr\u00e1vanie je odporn\u00e9. A je jedinou mo\u017enos\u0165ou, ako sa Saeris m\u00f4\u017ee dosta\u0165 domov. D\u00e1vaj pozor na dohody, ktor\u00e9 uzatv\u00e1ra\u0161, drah\u00e9 die\u0165a. Diabol je v detailoch&#8230; Quicksilver obsahuje sc\u00e9ny s n\u00e1sil\u00edm a situ\u00e1cie vhodn\u00e9 pre dospel\u00fdch, preto je odpor\u00fa\u010dan\u00fd pre \u010ditate\u013eov od 17 rokov.<\/p>\n","protected":false},"featured_media":8199,"comment_status":"open","ping_status":"closed","template":"","meta":[],"product_brand":[],"product_cat":[154,222],"product_tag":[238,241,239,240],"class_list":{"0":"post-8197","1":"product","2":"type-product","3":"status-publish","4":"has-post-thumbnail","6":"product_cat-knihy-2","7":"product_cat-oriezkove-verzie","8":"product_tag-callie-hart","9":"product_tag-dark-romantasy","10":"product_tag-kingfisher","11":"product_tag-saeris-fane","12":"product_shipping_class-slovenska-posta","14":"first","15":"instock","16":"sale","17":"taxable","18":"shipping-taxable","19":"purchasable","20":"product-type-simple"},"wooqr_code":"1631882149_1339.png","_links":{"self":[{"href":"https:\/\/dotlacknih.sk\/index.php\/wp-json\/wp\/v2\/product\/8197","targetHints":{"allow":["GET"]}}],"collection":[{"href":"https:\/\/dotlacknih.sk\/index.php\/wp-json\/wp\/v2\/product"}],"about":[{"href":"https:\/\/dotlacknih.sk\/index.php\/wp-json\/wp\/v2\/types\/product"}],"replies":[{"embeddable":true,"href":"https:\/\/dotlacknih.sk\/index.php\/wp-json\/wp\/v2\/comments?post=8197"}],"wp:featuredmedia":[{"embeddable":true,"href":"https:\/\/dotlacknih.sk\/index.php\/wp-json\/wp\/v2\/media\/8199"}],"wp:attachment":[{"href":"https:\/\/dotlacknih.sk\/index.php\/wp-json\/wp\/v2\/media?parent=8197"}],"wp:term":[{"taxonomy":"product_brand","embeddable":true,"href":"https:\/\/dotlacknih.sk\/index.php\/wp-json\/wp\/v2\/product_brand?post=8197"},{"taxonomy":"product_cat","embeddable":true,"href":"https:\/\/dotlacknih.sk\/index.php\/wp-json\/wp\/v2\/product_cat?post=8197"},{"taxonomy":"product_tag","embeddable":true,"href":"https:\/\/dotlacknih.sk\/index.php\/wp-json\/wp\/v2\/product_tag?post=8197"}],"curies":[{"name":"wp","href":"https:\/\/api.w.org\/{rel}","templated":true}]}}