{"id":7928,"date":"2025-07-21T06:08:32","date_gmt":"2025-07-21T04:08:32","guid":{"rendered":"https:\/\/dotlacknih.sk\/?post_type=product&#038;p=7928"},"modified":"2026-04-06T08:59:28","modified_gmt":"2026-04-06T06:59:28","slug":"limitovana-edicia-shatter-me-tahereh-mafi","status":"publish","type":"product","link":"https:\/\/dotlacknih.sk\/index.php\/produkt\/limitovana-edicia-shatter-me-tahereh-mafi\/","title":{"rendered":"Limitovan\u00e1 ed\u00edcia &#8211; Shatter Me &#8211; Tahereh Mafi"},"content":{"rendered":"<p>V\u00e4zba: pevn\u00e1 bez prebalu<br \/>\nPo\u010det str\u00e1n:  288<br \/>\nVerzia s oriezkou, farebn\u00e9 preds\u00e1dky<\/p>\n<p>Prv\u00fd diel epickej a romantickej YA fantasy s\u00e9rie, ktor\u00e1 je ide\u00e1lna pre fan\u00fa\u0161ikov Sarah J. Maas, \u010cervenej kr\u00e1\u013eovnej Victorie Aveyard, Stranger Things od Netflixu a \u0160es\u0165 vr\u00e1n od Leigh Bardugo.<br \/>\nJuliette je krehk\u00e9 mlad\u00e9 dospievaj\u00face diev\u010da dr\u017ean\u00e9 v zajat\u00ed. Zavret\u00e1 v cele Nov\u00e9ho syst\u00e9mu &#8211; krutej diktat\u00fary, ktor\u00e1 m\u00e1 na starosti rozpadaj\u00faci sa svet. Nie je \u017eiadna oby\u010dajn\u00e1 t\u00edned\u017eerka. Je hrozbou pre moc Nov\u00e9ho syst\u00e9mu. Jej dotyk m\u00f4\u017ee zabi\u0165 \u2013  sta\u010d\u00ed len jeden. Nie je v\u0161ak len hrozbou, je potenci\u00e1lne najmocnej\u0161ou zbra\u0148ou, ak\u00fa m\u00f4\u017eu ma\u0165. Juliette nikdy predt\u00fdm nebojovala sama za seba, ale ke\u010f sa op\u00e4\u0165 stretne s jedin\u00fdm \u010dlovekom, ktor\u00e9mu na nej kedy z\u00e1le\u017ealo, h\u013abka citu a sila v nej, sa stan\u00fa v\u00fdbu\u0161n\u00fdmi.<br \/>\nM\u00f4j dotyk je smrte\u013en\u00fd. M\u00f4j dotyk je silou.<\/p>\n<div class='qrcode'><img   src='https:\/\/api.qrserver.com\/v1\/create-qr-code\/?size=185x185&ecc=L&qzone=1&data=https%3A%2F%2Fdotlacknih.sk%2Findex.php%2Fprodukt%2Flimitovana-edicia-shatter-me-tahereh-mafi%2F' alt='Limitovan\u00e1 ed\u00edcia &#8211; Shatter Me &#8211; Tahereh Mafi' \/><\/div>","protected":false},"excerpt":{"rendered":"<p>V\u00e4zba: pevn\u00e1 bez prebalu Po\u010det str\u00e1n: 288 Verzia s oriezkou, farebn\u00e9 preds\u00e1dky Prv\u00fd diel epickej a romantickej YA fantasy s\u00e9rie, ktor\u00e1 je ide\u00e1lna pre fan\u00fa\u0161ikov Sarah J. Maas, \u010cervenej kr\u00e1\u013eovnej Victorie Aveyard, Stranger Things od Netflixu a \u0160es\u0165 vr\u00e1n od Leigh Bardugo. Juliette je krehk\u00e9 mlad\u00e9 dospievaj\u00face diev\u010da dr\u017ean\u00e9 v zajat\u00ed. Zavret\u00e1 v cele Nov\u00e9ho syst\u00e9mu &#8211; krutej diktat\u00fary, ktor\u00e1 m\u00e1 na starosti rozpadaj\u00faci sa svet. Nie je \u017eiadna oby\u010dajn\u00e1 t\u00edned\u017eerka. Je hrozbou pre moc Nov\u00e9ho syst\u00e9mu. Jej dotyk m\u00f4\u017ee zabi\u0165 \u2013 sta\u010d\u00ed len jeden. Nie je v\u0161ak len hrozbou, je potenci\u00e1lne najmocnej\u0161ou zbra\u0148ou, ak\u00fa m\u00f4\u017eu ma\u0165. Juliette nikdy predt\u00fdm nebojovala sama za seba, ale ke\u010f sa op\u00e4\u0165 stretne s jedin\u00fdm \u010dlovekom, ktor\u00e9mu na nej kedy z\u00e1le\u017ealo, h\u013abka citu a sila v nej, sa stan\u00fa v\u00fdbu\u0161n\u00fdmi. M\u00f4j dotyk je smrte\u013en\u00fd. M\u00f4j dotyk je silou.<\/p>\n","protected":false},"featured_media":7932,"comment_status":"open","ping_status":"closed","template":"","meta":[],"product_brand":[],"product_cat":[154,222],"product_tag":[235,237,236,234],"class_list":{"0":"post-7928","1":"product","2":"type-product","3":"status-publish","4":"has-post-thumbnail","6":"product_cat-knihy-2","7":"product_cat-oriezkove-verzie","8":"product_tag-aaron-warner","9":"product_tag-dystopia","10":"product_tag-juliette-ferrars","11":"product_tag-shatter-me","12":"product_shipping_class-slovenska-posta","14":"first","15":"instock","16":"sale","17":"taxable","18":"shipping-taxable","19":"purchasable","20":"product-type-simple"},"wooqr_code":"1631882149_1339.png","_links":{"self":[{"href":"https:\/\/dotlacknih.sk\/index.php\/wp-json\/wp\/v2\/product\/7928","targetHints":{"allow":["GET"]}}],"collection":[{"href":"https:\/\/dotlacknih.sk\/index.php\/wp-json\/wp\/v2\/product"}],"about":[{"href":"https:\/\/dotlacknih.sk\/index.php\/wp-json\/wp\/v2\/types\/product"}],"replies":[{"embeddable":true,"href":"https:\/\/dotlacknih.sk\/index.php\/wp-json\/wp\/v2\/comments?post=7928"}],"wp:featuredmedia":[{"embeddable":true,"href":"https:\/\/dotlacknih.sk\/index.php\/wp-json\/wp\/v2\/media\/7932"}],"wp:attachment":[{"href":"https:\/\/dotlacknih.sk\/index.php\/wp-json\/wp\/v2\/media?parent=7928"}],"wp:term":[{"taxonomy":"product_brand","embeddable":true,"href":"https:\/\/dotlacknih.sk\/index.php\/wp-json\/wp\/v2\/product_brand?post=7928"},{"taxonomy":"product_cat","embeddable":true,"href":"https:\/\/dotlacknih.sk\/index.php\/wp-json\/wp\/v2\/product_cat?post=7928"},{"taxonomy":"product_tag","embeddable":true,"href":"https:\/\/dotlacknih.sk\/index.php\/wp-json\/wp\/v2\/product_tag?post=7928"}],"curies":[{"name":"wp","href":"https:\/\/api.w.org\/{rel}","templated":true}]}}