{"id":6822,"date":"2025-02-18T21:28:51","date_gmt":"2025-02-18T20:28:51","guid":{"rendered":"https:\/\/dotlacknih.sk\/?post_type=product&#038;p=6822"},"modified":"2026-03-19T15:50:55","modified_gmt":"2026-03-19T14:50:55","slug":"twisted-hate-3-diel-bez-oriezky-vasniva-nenavist-ana-huang-30-5-2025","status":"publish","type":"product","link":"https:\/\/dotlacknih.sk\/index.php\/produkt\/twisted-hate-3-diel-bez-oriezky-vasniva-nenavist-ana-huang-30-5-2025\/","title":{"rendered":"Twisted Hate (3.diel bez oriezky): V\u00e1\u0161niv\u00e1 nen\u00e1vis\u0165 &#8211; Ana Huang"},"content":{"rendered":"<p>PREDBE\u017dN\u00dd D\u00c1TUM VYDANIA: 30. 5. 2025<\/p>\n<p>pevn\u00e1 v\u00e4zba<\/p>\n<p>3.diel \u0161tvordielnej s\u00e9rie Twisted<\/p>\n<p>Nen\u00e1vid\u00ed ju&#8230; takmer rovnako ako ju chce.<\/p>\n<p>Pr\u00ed\u0165a\u017eliv\u00fd, arogantn\u00fd Josh Chen je na ceste sta\u0165 sa \u0161pi\u010dkov\u00fdm lek\u00e1rom a e\u0161te nikdy nestretol \u017eenu, ktor\u00fa by nedok\u00e1zal o\u010dari\u0165 &#8211; okrem Jules Ambrose. Kr\u00e1sna ry\u0161avka mu znepr\u00edjem\u0148uje \u017eivot, odkedy sa poznaj\u00fa, ale z\u00e1rove\u0148 pohlcuje jeho my\u0161lienky tak, ako e\u0161te \u017eiadna \u017eena. Ke\u010f ich nevra\u017eivos\u0165 vybuchne po\u010das jednej nezabudnute\u013enej noci, navrhne jej rie\u0161enie: dohodu o nepriate\u013eoch s v\u00fdhodami a jednoduch\u00fdmi pravidlami. \u017diadna \u017eiarlivos\u0165. \u017diadne z\u00e1v\u00e4zky. A hlavne nezamilova\u0165 sa.<\/p>\n<p>Spolo\u010densk\u00e1 a ambici\u00f3zna Jules Ambrose predt\u00fdm rada chodievala na ve\u010dierky, ale teraz sa s\u00fastre\u010fuje na jedin\u00e9: zlo\u017eenie sk\u00fa\u0161ok na pr\u00e1ve. To posledn\u00e9, \u010do potrebuje, je zaplies\u0165 sa s lek\u00e1rom, ktor\u00fd je neznesite\u013en\u00fd&#8230; bez oh\u013eadu na to, ako dobre vyzer\u00e1. \u010c\u00edm viac ho v\u0161ak spozn\u00e1va, t\u00fdm viac si uvedomuje, \u017ee v mu\u017eovi, ktor\u00e9ho tak dlho nen\u00e1videla, sa skr\u00fdva viac, ne\u017e sa na prv\u00fd poh\u013ead zd\u00e1.<br \/>\nBrat jej najlep\u0161ej priate\u013eky. Jej nemesis. A jej jedin\u00e1 sp\u00e1sa. Ich spojenie mohlo rovno vznikn\u00fa\u0165 v pekle, a ke\u010f ich dostihn\u00fa d\u00e9moni z minulosti, bud\u00fa musie\u0165 \u010deli\u0165 pravde, ktor\u00e1 ich m\u00f4\u017ee bu\u010f zachr\u00e1ni\u0165&#8230; alebo zni\u010di\u0165 v\u0161etko, o \u010do sa usilovali.<\/p>\n<p>Twisted Hate: V\u00e1\u0161niv\u00e1 nen\u00e1vis\u0165 je poriadne spicy romanca o nepriate\u013eoch s v\u00fdhodami pre vekov\u00fa kateg\u00f3riu 18+. Tret\u00ed diel s\u00e9rie Twisted. <\/p>\n<div class='qrcode'><img   src='https:\/\/api.qrserver.com\/v1\/create-qr-code\/?size=185x185&ecc=L&qzone=1&data=https%3A%2F%2Fdotlacknih.sk%2Findex.php%2Fprodukt%2Ftwisted-hate-3-diel-bez-oriezky-vasniva-nenavist-ana-huang-30-5-2025%2F' alt='Twisted Hate (3.diel bez oriezky): V\u00e1\u0161niv\u00e1 nen\u00e1vis\u0165 &#8211; Ana Huang' \/><\/div>","protected":false},"excerpt":{"rendered":"<p>PREDBE\u017dN\u00dd D\u00c1TUM VYDANIA: 30. 5. 2025 pevn\u00e1 v\u00e4zba 3.diel \u0161tvordielnej s\u00e9rie Twisted Nen\u00e1vid\u00ed ju&#8230; takmer rovnako ako ju chce. Pr\u00ed\u0165a\u017eliv\u00fd, arogantn\u00fd Josh Chen je na ceste sta\u0165 sa \u0161pi\u010dkov\u00fdm lek\u00e1rom a e\u0161te nikdy nestretol \u017eenu, ktor\u00fa by nedok\u00e1zal o\u010dari\u0165 &#8211; okrem Jules Ambrose. Kr\u00e1sna ry\u0161avka mu znepr\u00edjem\u0148uje \u017eivot, odkedy sa poznaj\u00fa, ale z\u00e1rove\u0148 pohlcuje jeho my\u0161lienky tak, ako e\u0161te \u017eiadna \u017eena. Ke\u010f ich nevra\u017eivos\u0165 vybuchne po\u010das jednej nezabudnute\u013enej noci, navrhne jej rie\u0161enie: dohodu o nepriate\u013eoch s v\u00fdhodami a jednoduch\u00fdmi pravidlami. \u017diadna \u017eiarlivos\u0165. \u017diadne z\u00e1v\u00e4zky. A hlavne nezamilova\u0165 sa. Spolo\u010densk\u00e1 a ambici\u00f3zna Jules Ambrose predt\u00fdm rada chodievala na ve\u010dierky, ale teraz sa s\u00fastre\u010fuje na jedin\u00e9: zlo\u017eenie sk\u00fa\u0161ok na pr\u00e1ve. To posledn\u00e9, \u010do potrebuje, je zaplies\u0165 sa s lek\u00e1rom, ktor\u00fd je neznesite\u013en\u00fd&#8230; bez oh\u013eadu na to, ako dobre vyzer\u00e1. \u010c\u00edm viac ho v\u0161ak spozn\u00e1va, t\u00fdm viac si uvedomuje, \u017ee v mu\u017eovi, ktor\u00e9ho tak dlho nen\u00e1videla, sa skr\u00fdva viac, ne\u017e sa na prv\u00fd poh\u013ead zd\u00e1. Brat jej najlep\u0161ej priate\u013eky. Jej nemesis. A jej jedin\u00e1 sp\u00e1sa. Ich spojenie mohlo rovno vznikn\u00fa\u0165 v pekle, a ke\u010f ich dostihn\u00fa d\u00e9moni z minulosti, bud\u00fa musie\u0165 \u010deli\u0165 pravde, ktor\u00e1 ich m\u00f4\u017ee bu\u010f zachr\u00e1ni\u0165&#8230; alebo zni\u010di\u0165 v\u0161etko, o \u010do sa usilovali. Twisted Hate: V\u00e1\u0161niv\u00e1 nen\u00e1vis\u0165 je poriadne spicy romanca o nepriate\u013eoch s v\u00fdhodami pre vekov\u00fa kateg\u00f3riu 18+. Tret\u00ed diel s\u00e9rie Twisted.<\/p>\n","protected":false},"featured_media":6815,"comment_status":"open","ping_status":"closed","template":"","meta":[],"product_brand":[],"product_cat":[154],"product_tag":[80,232,228,229,231,230,227],"class_list":{"0":"post-6822","1":"product","2":"type-product","3":"status-publish","4":"has-post-thumbnail","6":"product_cat-knihy-2","7":"product_tag-ana-huang","8":"product_tag-enemies-to-lovers","9":"product_tag-josh-chen","10":"product_tag-jules-ambrose","11":"product_tag-nepriatelia-s-vyhodami","12":"product_tag-spicy-romance","13":"product_tag-twisted-hate","14":"product_shipping_class-slovenska-posta","16":"first","17":"instock","18":"sale","19":"taxable","20":"shipping-taxable","21":"purchasable","22":"product-type-simple"},"wooqr_code":"1631882149_1339.png","_links":{"self":[{"href":"https:\/\/dotlacknih.sk\/index.php\/wp-json\/wp\/v2\/product\/6822","targetHints":{"allow":["GET"]}}],"collection":[{"href":"https:\/\/dotlacknih.sk\/index.php\/wp-json\/wp\/v2\/product"}],"about":[{"href":"https:\/\/dotlacknih.sk\/index.php\/wp-json\/wp\/v2\/types\/product"}],"replies":[{"embeddable":true,"href":"https:\/\/dotlacknih.sk\/index.php\/wp-json\/wp\/v2\/comments?post=6822"}],"wp:featuredmedia":[{"embeddable":true,"href":"https:\/\/dotlacknih.sk\/index.php\/wp-json\/wp\/v2\/media\/6815"}],"wp:attachment":[{"href":"https:\/\/dotlacknih.sk\/index.php\/wp-json\/wp\/v2\/media?parent=6822"}],"wp:term":[{"taxonomy":"product_brand","embeddable":true,"href":"https:\/\/dotlacknih.sk\/index.php\/wp-json\/wp\/v2\/product_brand?post=6822"},{"taxonomy":"product_cat","embeddable":true,"href":"https:\/\/dotlacknih.sk\/index.php\/wp-json\/wp\/v2\/product_cat?post=6822"},{"taxonomy":"product_tag","embeddable":true,"href":"https:\/\/dotlacknih.sk\/index.php\/wp-json\/wp\/v2\/product_tag?post=6822"}],"curies":[{"name":"wp","href":"https:\/\/api.w.org\/{rel}","templated":true}]}}