{"id":6821,"date":"2025-02-18T21:25:21","date_gmt":"2025-02-18T20:25:21","guid":{"rendered":"https:\/\/dotlacknih.sk\/?post_type=product&#038;p=6821"},"modified":"2026-01-28T14:17:36","modified_gmt":"2026-01-28T13:17:36","slug":"hunting-adeline-2-diel-bez-oriezky-h-d-carlton-vychadza-30-5-2025","status":"publish","type":"product","link":"https:\/\/dotlacknih.sk\/index.php\/produkt\/hunting-adeline-2-diel-bez-oriezky-h-d-carlton-vychadza-30-5-2025\/","title":{"rendered":"HUNTING ADELINE (2.diel, bez oriezky): H.D Carlton"},"content":{"rendered":"<p><strong>PREDOBJEDN\u00c1VKA!!! PREDBE\u017dN\u00dd D\u00c1TUM VYDANIA : 30.6.2025. Posielame po naskladnen\u00ed <\/strong><br \/>\nVERZIA BEZ ORIEZKY, PREDS\u00c1DKAMI a \u010cERVENOU RAZBOU NA OB\u00c1LKE A NA v\u00e4zbe. <\/p>\n<p>matn\u00fd povrch ob\u00e1lky, pevn\u00e1 v\u00e4zba, n\u00e1pis s \u010dervenou f\u00f3liou, preds\u00e1dky s grafikou<br \/>\n2.diel duol\u00f3gie, kontroverzn\u00fd bestseller, ktor\u00fd obletel svet a rozdelil svojich \u010ditate\u013eov na dve skupiny.<br \/>\nSLOVENSK\u00dd JAZYK<\/p>\n<p>Varovanie: druh\u00fd diel duetu HUNTING ADELINE od H.D.Carlton je ove\u013ea temnej\u0161\u00ed ako prv\u00fd a vtiahne v\u00e1s viac do sveta obchodu s \u013eu\u010fmi, ktor\u00fd je pln\u00fd t\u00fdrania, mu\u010denia, poni\u017eovania a zab\u00edjania.<br \/>\nOD 18 ROKOV!!!!<\/p>\n<p>Diamant<\/p>\n<p>Smr\u0165 kr\u00e1\u010da ved\u013ea m\u0148a, ale nedobehne ma.<br \/>\nSom uv\u00e4znen\u00e1 vo svete plnom pr\u00ed\u0161er prezle\u010den\u00fdch za \u013eud\u00ed a t\u00fdch, ktor\u00ed nie s\u00fa tak\u00ed, ako sa zdaj\u00fa.<br \/>\nNeudr\u017eia ma tu nav\u017edy.<br \/>\nU\u017e nepozn\u00e1m \u010dloveka, ktor\u00fdm som sa stala. Bojujem, aby som na\u0161la cestu sp\u00e4\u0165 k netvorovi, ktor\u00e1 ma prenasleduje po nociach.<br \/>\nVolaj\u00fa ma diamantom, ale stvorili len anjela smrti.<\/p>\n<p>Lovec<br \/>\nNarodil som sa ako pred\u00e1tor, s bezoh\u013eadnos\u0165ou zakorenen\u00fa hlboko vo mne.<br \/>\nKe\u010f mi v noci ukradn\u00fa to, \u010do je moje, ako diamant skryt\u00fd v pevnosti, zis\u0165ujem, \u017ee netvora u\u017e nedok\u00e1\u017eem zadr\u017ea\u0165.<br \/>\nKrv sfarb\u00ed zem, ke\u010f roztrh\u00e1m tento svet na kusy, aby som ju na\u0161iel.<br \/>\nA priviedol ju sp\u00e4\u0165 tam, kam patr\u00ed.<br \/>\nNikto neunikne m\u00f4jmu hnevu, najm\u00e4 nie t\u00ed, ktor\u00ed ma zradili.<\/p>\n<p>Varovanie: kniha obsahuje citliv\u00e9 t\u00e9my:<br \/>\nnon\/dub con medzi hlavn\u00fdmi postavami (pochybn\u00fd, neist\u00fd s\u00fahlas k sexu\u00e1lnemu aktu), grafick\u00e9 n\u00e1silie, obchodovanie s \u013eu\u010fmi, prenasledovanie, obchod s de\u0165mi, obetovanie, zmienky o smrti die\u0165a\u0165a a explicitn\u00e9 sexu\u00e1lne situ\u00e1cie. Objavuj\u00fa sa tu aj r\u00f4zne sexu\u00e1lne \u00fachylky ako hra so zbra\u0148ou, somnof\u00edlia (masturb\u00e1cia nad spiacou osobou), bondage a poni\u017eovanie. <\/p>\n<div class='qrcode'><img   src='https:\/\/api.qrserver.com\/v1\/create-qr-code\/?size=185x185&ecc=L&qzone=1&data=https%3A%2F%2Fdotlacknih.sk%2Findex.php%2Fprodukt%2Fhunting-adeline-2-diel-bez-oriezky-h-d-carlton-vychadza-30-5-2025%2F' alt='HUNTING ADELINE (2.diel, bez oriezky): H.D Carlton' \/><\/div>","protected":false},"excerpt":{"rendered":"<p>PREDOBJEDN\u00c1VKA!!! PREDBE\u017dN\u00dd D\u00c1TUM VYDANIA : 30.6.2025. Posielame po naskladnen\u00ed VERZIA BEZ ORIEZKY, PREDS\u00c1DKAMI a \u010cERVENOU RAZBOU NA OB\u00c1LKE A NA v\u00e4zbe. matn\u00fd povrch ob\u00e1lky, pevn\u00e1 v\u00e4zba, n\u00e1pis s \u010dervenou f\u00f3liou, preds\u00e1dky s grafikou 2.diel duol\u00f3gie, kontroverzn\u00fd bestseller, ktor\u00fd obletel svet a rozdelil svojich \u010ditate\u013eov na dve skupiny. SLOVENSK\u00dd JAZYK Varovanie: druh\u00fd diel duetu HUNTING ADELINE od H.D.Carlton je ove\u013ea temnej\u0161\u00ed ako prv\u00fd a vtiahne v\u00e1s viac do sveta obchodu s \u013eu\u010fmi, ktor\u00fd je pln\u00fd t\u00fdrania, mu\u010denia, poni\u017eovania a zab\u00edjania. OD 18 ROKOV!!!! Diamant Smr\u0165 kr\u00e1\u010da ved\u013ea m\u0148a, ale nedobehne ma. Som uv\u00e4znen\u00e1 vo svete plnom pr\u00ed\u0161er prezle\u010den\u00fdch za \u013eud\u00ed a t\u00fdch, ktor\u00ed nie s\u00fa tak\u00ed, ako sa zdaj\u00fa. Neudr\u017eia ma tu nav\u017edy. U\u017e nepozn\u00e1m \u010dloveka, ktor\u00fdm som sa stala. Bojujem, aby som na\u0161la cestu sp\u00e4\u0165 k netvorovi, ktor\u00e1 ma prenasleduje po nociach. Volaj\u00fa ma diamantom, ale stvorili len anjela smrti. Lovec Narodil som sa ako pred\u00e1tor, s bezoh\u013eadnos\u0165ou zakorenen\u00fa hlboko vo mne. Ke\u010f mi v noci ukradn\u00fa to, \u010do je moje, ako diamant skryt\u00fd v pevnosti, zis\u0165ujem, \u017ee netvora u\u017e nedok\u00e1\u017eem zadr\u017ea\u0165. Krv sfarb\u00ed zem, ke\u010f roztrh\u00e1m tento svet na kusy, aby som ju na\u0161iel. A priviedol ju sp\u00e4\u0165 tam, kam patr\u00ed. Nikto neunikne m\u00f4jmu hnevu, najm\u00e4 nie t\u00ed, ktor\u00ed ma zradili. Varovanie: kniha obsahuje citliv\u00e9 t\u00e9my: non\/dub con medzi hlavn\u00fdmi postavami (pochybn\u00fd, neist\u00fd s\u00fahlas k sexu\u00e1lnemu aktu), grafick\u00e9 n\u00e1silie, obchodovanie s \u013eu\u010fmi, prenasledovanie, obchod s de\u0165mi, obetovanie, zmienky o smrti die\u0165a\u0165a a explicitn\u00e9 sexu\u00e1lne situ\u00e1cie. Objavuj\u00fa sa tu aj r\u00f4zne sexu\u00e1lne \u00fachylky ako hra so zbra\u0148ou, somnof\u00edlia (masturb\u00e1cia nad spiacou osobou), bondage a poni\u017eovanie.<\/p>\n","protected":false},"featured_media":6819,"comment_status":"open","ping_status":"closed","template":"","meta":[],"product_brand":[],"product_cat":[154,222],"product_tag":[202,82,200,233,201,195],"class_list":{"0":"post-6821","1":"product","2":"type-product","3":"status-publish","4":"has-post-thumbnail","6":"product_cat-knihy-2","7":"product_cat-oriezkove-verzie","8":"product_tag-adeline-reilly","9":"product_tag-dark-romance","10":"product_tag-horor","11":"product_tag-hunting-adeline","12":"product_tag-thriller","13":"product_tag-zade-meadows","14":"product_shipping_class-slovenska-posta","16":"first","17":"instock","18":"sale","19":"taxable","20":"shipping-taxable","21":"purchasable","22":"product-type-simple"},"wooqr_code":"1631882149_1339.png","_links":{"self":[{"href":"https:\/\/dotlacknih.sk\/index.php\/wp-json\/wp\/v2\/product\/6821","targetHints":{"allow":["GET"]}}],"collection":[{"href":"https:\/\/dotlacknih.sk\/index.php\/wp-json\/wp\/v2\/product"}],"about":[{"href":"https:\/\/dotlacknih.sk\/index.php\/wp-json\/wp\/v2\/types\/product"}],"replies":[{"embeddable":true,"href":"https:\/\/dotlacknih.sk\/index.php\/wp-json\/wp\/v2\/comments?post=6821"}],"wp:featuredmedia":[{"embeddable":true,"href":"https:\/\/dotlacknih.sk\/index.php\/wp-json\/wp\/v2\/media\/6819"}],"wp:attachment":[{"href":"https:\/\/dotlacknih.sk\/index.php\/wp-json\/wp\/v2\/media?parent=6821"}],"wp:term":[{"taxonomy":"product_brand","embeddable":true,"href":"https:\/\/dotlacknih.sk\/index.php\/wp-json\/wp\/v2\/product_brand?post=6821"},{"taxonomy":"product_cat","embeddable":true,"href":"https:\/\/dotlacknih.sk\/index.php\/wp-json\/wp\/v2\/product_cat?post=6821"},{"taxonomy":"product_tag","embeddable":true,"href":"https:\/\/dotlacknih.sk\/index.php\/wp-json\/wp\/v2\/product_tag?post=6821"}],"curies":[{"name":"wp","href":"https:\/\/api.w.org\/{rel}","templated":true}]}}