{"id":6776,"date":"2025-02-11T09:13:05","date_gmt":"2025-02-11T08:13:05","guid":{"rendered":"https:\/\/dotlacknih.sk\/?post_type=product&#038;p=6776"},"modified":"2026-04-04T10:35:40","modified_gmt":"2026-04-04T08:35:40","slug":"nelutujem-nic-oriezka-hoover","status":"publish","type":"product","link":"https:\/\/dotlacknih.sk\/index.php\/produkt\/nelutujem-nic-oriezka-hoover\/","title":{"rendered":"Limitovan\u00e1 ed\u00edcia Ne\u013eutujem ni\u010d &#8211; Colleen Hoover"},"content":{"rendered":"<p>Vych\u00e1dza 14.3.2025 (posielame po naskladnen\u00ed)<br \/>\nV\u00e4zba: pevn\u00e1 bez prebalu<br \/>\nPo\u010det str\u00e1n:  352<br \/>\nVerzia s oriezkou<\/p>\n<p>Morgan je odhodlan\u00e1 zabr\u00e1ni\u0165 svojej \u0161estn\u00e1s\u0165ro\u010dnej dc\u00e9re Clare, aby urobila rovnak\u00e9 chyby ako ona. T\u00fdm, \u017ee Morgan otehotnela a vydala sa pr\u00edli\u0161 mlad\u00e1, odsunula bokom svoje vlastn\u00e9 sny. Clara nechce kr\u00e1\u010da\u0165 v matkin\u00fdch stop\u00e1ch.<\/p>\n<p>S r\u00f4znymi osobnos\u0165ami a protichodn\u00fdmi cie\u013emi je pre Morgan a Claru \u010doraz \u0165a\u017e\u0161ie \u017ei\u0165 spolu. Jedin\u00fd \u010dlovek, ktor\u00fd m\u00f4\u017ee vnies\u0165 do dom\u00e1cnosti pokoj, je Chris &#8211; Morganin man\u017eel a Clarin otec. Tento pokoj sa v\u0161ak naru\u0161\u00ed, ke\u010f sa Chris stane \u00fa\u010dastn\u00edkom tragickej nehody.<\/p>\n<p>Zatia\u013e \u010do sa sna\u017eia vybudova\u0165 nanovo v\u0161etko, \u010do sa okolo nich zr\u00fatilo, Morgan n\u00e1jde \u00fatechu u \u010dloveka, od ktor\u00e9ho to ne\u010dakala, a Clara sa obr\u00e1ti na chlapca, s ktor\u00fdm mala zak\u00e1zan\u00e9 stret\u00e1va\u0165 sa. Ka\u017ed\u00fdm \u010fal\u0161\u00edm d\u0148om sa matka a dc\u00e9ra kv\u00f4li nov\u00fdm tajomstv\u00e1m a nedorozumeniam e\u0161te viac odcudzuj\u00fa. Tak ve\u013emi, \u017ee mo\u017eno bude nemo\u017en\u00e9, aby sa k sebe niekedy vr\u00e1tili.<\/p>\n<div class='qrcode'><img   src='https:\/\/api.qrserver.com\/v1\/create-qr-code\/?size=185x185&ecc=L&qzone=1&data=https%3A%2F%2Fdotlacknih.sk%2Findex.php%2Fprodukt%2Fnelutujem-nic-oriezka-hoover%2F' alt='Limitovan\u00e1 ed\u00edcia Ne\u013eutujem ni\u010d &#8211; Colleen Hoover' \/><\/div>","protected":false},"excerpt":{"rendered":"<p>Vych\u00e1dza 14.3.2025 (posielame po naskladnen\u00ed) V\u00e4zba: pevn\u00e1 bez prebalu Po\u010det str\u00e1n: 352 Verzia s oriezkou Morgan je odhodlan\u00e1 zabr\u00e1ni\u0165 svojej \u0161estn\u00e1s\u0165ro\u010dnej dc\u00e9re Clare, aby urobila rovnak\u00e9 chyby ako ona. T\u00fdm, \u017ee Morgan otehotnela a vydala sa pr\u00edli\u0161 mlad\u00e1, odsunula bokom svoje vlastn\u00e9 sny. Clara nechce kr\u00e1\u010da\u0165 v matkin\u00fdch stop\u00e1ch. S r\u00f4znymi osobnos\u0165ami a protichodn\u00fdmi cie\u013emi je pre Morgan a Claru \u010doraz \u0165a\u017e\u0161ie \u017ei\u0165 spolu. Jedin\u00fd \u010dlovek, ktor\u00fd m\u00f4\u017ee vnies\u0165 do dom\u00e1cnosti pokoj, je Chris &#8211; Morganin man\u017eel a Clarin otec. Tento pokoj sa v\u0161ak naru\u0161\u00ed, ke\u010f sa Chris stane \u00fa\u010dastn\u00edkom tragickej nehody. Zatia\u013e \u010do sa sna\u017eia vybudova\u0165 nanovo v\u0161etko, \u010do sa okolo nich zr\u00fatilo, Morgan n\u00e1jde \u00fatechu u \u010dloveka, od ktor\u00e9ho to ne\u010dakala, a Clara sa obr\u00e1ti na chlapca, s ktor\u00fdm mala zak\u00e1zan\u00e9 stret\u00e1va\u0165 sa. Ka\u017ed\u00fdm \u010fal\u0161\u00edm d\u0148om sa matka a dc\u00e9ra kv\u00f4li nov\u00fdm tajomstv\u00e1m a nedorozumeniam e\u0161te viac odcudzuj\u00fa. Tak ve\u013emi, \u017ee mo\u017eno bude nemo\u017en\u00e9, aby sa k sebe niekedy vr\u00e1tili.<\/p>\n","protected":false},"featured_media":6777,"comment_status":"open","ping_status":"closed","template":"","meta":[],"product_brand":[],"product_cat":[154,222],"product_tag":[107,225,223,224,226],"class_list":{"0":"post-6776","1":"product","2":"type-product","3":"status-publish","4":"has-post-thumbnail","6":"product_cat-knihy-2","7":"product_cat-oriezkove-verzie","8":"product_tag-colleen-hoover","9":"product_tag-matka-a-dcera","10":"product_tag-nelutujem-nic","11":"product_tag-regretting-you","12":"product_tag-rodinna-drama","13":"product_shipping_class-slovenska-posta","15":"first","16":"instock","17":"taxable","18":"shipping-taxable","19":"purchasable","20":"product-type-simple"},"wooqr_code":"1631882149_1339.png","_links":{"self":[{"href":"https:\/\/dotlacknih.sk\/index.php\/wp-json\/wp\/v2\/product\/6776","targetHints":{"allow":["GET"]}}],"collection":[{"href":"https:\/\/dotlacknih.sk\/index.php\/wp-json\/wp\/v2\/product"}],"about":[{"href":"https:\/\/dotlacknih.sk\/index.php\/wp-json\/wp\/v2\/types\/product"}],"replies":[{"embeddable":true,"href":"https:\/\/dotlacknih.sk\/index.php\/wp-json\/wp\/v2\/comments?post=6776"}],"wp:featuredmedia":[{"embeddable":true,"href":"https:\/\/dotlacknih.sk\/index.php\/wp-json\/wp\/v2\/media\/6777"}],"wp:attachment":[{"href":"https:\/\/dotlacknih.sk\/index.php\/wp-json\/wp\/v2\/media?parent=6776"}],"wp:term":[{"taxonomy":"product_brand","embeddable":true,"href":"https:\/\/dotlacknih.sk\/index.php\/wp-json\/wp\/v2\/product_brand?post=6776"},{"taxonomy":"product_cat","embeddable":true,"href":"https:\/\/dotlacknih.sk\/index.php\/wp-json\/wp\/v2\/product_cat?post=6776"},{"taxonomy":"product_tag","embeddable":true,"href":"https:\/\/dotlacknih.sk\/index.php\/wp-json\/wp\/v2\/product_tag?post=6776"}],"curies":[{"name":"wp","href":"https:\/\/api.w.org\/{rel}","templated":true}]}}