{"id":6603,"date":"2025-01-07T14:42:24","date_gmt":"2025-01-07T13:42:24","guid":{"rendered":"https:\/\/dotlacknih.sk\/?post_type=product&#038;p=6603"},"modified":"2026-01-28T14:53:16","modified_gmt":"2026-01-28T13:53:16","slug":"filmova-obalka-romanticky-pan-bridgerton-julia-quinnova-od-13-1-2025","status":"publish","type":"product","link":"https:\/\/dotlacknih.sk\/index.php\/produkt\/filmova-obalka-romanticky-pan-bridgerton-julia-quinnova-od-13-1-2025\/","title":{"rendered":"Romantick\u00fd p\u00e1n Bridgerton a filmovou ob\u00e1lkou &#8211; Julia Quinnov\u00e1"},"content":{"rendered":"<p><strong>\u0160tvrt\u00fd pr\u00edbeh zo s\u00e9rie Bridgerton &#8211; Romantick\u00fd p\u00e1n Bridgerton s novou filmovou ob\u00e1lkou<\/strong><\/p>\n<p>Colin Bridgerton je jeden z\u00a0naj\u017eiadanej\u0161\u00edch star\u00fdch ml\u00e1dencov v\u00a0Lond\u00fdne. Jeho priate\u013eka Penelope Featheringtonov\u00e1 je do neho u\u017e roky zamilovan\u00e1, ale ke\u010f sa stane n\u00e1hodn\u00fdm svedkom Colinovho vyhl\u00e1senia, \u017ee sa s\u00a0\u0148ou nikdy neo\u017een\u00ed, Colin za\u010dne cestova\u0165, len aby nemusel by\u0165 doma. Po jednom zo svojich n\u00e1vratov zist\u00ed, \u017ee v\u0161etko v\u00a0jeho \u017eivote sa zmenilo a\u00a0najviac zo v\u0161etk\u00e9ho Penelope. T\u00e1 v\u0161ak ukr\u00fdva tajomstvo, ktor\u00e9 ju m\u00f4\u017ee zni\u010di\u0165. Ako sa Colin zachov\u00e1 a\u00a0n\u00e1jde pri svojom h\u013eadan\u00ed skuto\u010dn\u00fa l\u00e1sku?<\/p>\n<div>Apr\u00edl je u\u017e za\u00a0 dverami a\u00a0 s\u00a0 pr\u00edchodom novej spolo\u010denskej sez\u00f3ny tu v\u00a0Lond\u00fdne n\u00e1jdete v\u00a0kraj\u010d\u00edrstv\u00e1ch po\u00a0celom meste Cti\u017eiadostiv\u00e9 matky a\u00a0Roztomil\u00e9 debutantky, ktor\u00e9 sa sna\u017eia k\u00fapi\u0165 ve\u010dern\u00e9 \u0161aty, \u010do bud\u00fa znamena\u0165 rozdiel medzi man\u017eelstvom a\u00a0starodievoctvom.<\/div>\n<div>A\u00a0\u010do sa t\u00fdka ich koristi \u2013 Odhodlan\u00fdch star\u00fdch ml\u00e1dencov \u2013 p\u00e1n Colin Bridgerton znovu tr\u00f3ni na\u00a0vrchole zoznamu vhodn\u00fdch man\u017eelov, hoci sa e\u0161te nevr\u00e1til zo svojho posledn\u00e9ho v\u00fdletu v\u00a0zahrani\u010d\u00ed. Je pravda, \u017ee nem\u00e1 titul, ale vyzer\u00e1 ve\u013emi dobre, m\u00e1 majetok a\u00a0ka\u017ed\u00fd, kto str\u00e1vil aspo\u0148 min\u00fatu v\u00a0Lond\u00fdne, vie, \u017ee aj \u0161arm.<\/div>\n<div>P\u00e1n Bridgerton v\u0161ak u\u017e dosiahol pokro\u010dil\u00fd vek tridsiatich troch rokov bez toho, aby prejavil z\u00e1ujem o nejak\u00fa mlad\u00fa d\u00e1mu. Nie je d\u00f4vod domnieva\u0165 sa, \u017ee v tomto oh\u013eade bude rok 1824 in\u00fd ako rok 1823.<\/div>\n<div>Mo\u017eno, \u017ee Roztomil\u00e9 debutantky \u2013 a\u00a0predov\u0161etk\u00fdm ich Cti\u017eiadostiv\u00e9 matky \u2013 by urobili najlep\u0161ie, ak by sa poobzerali inde. Ak aj p\u00e1n Bridgerton h\u013ead\u00e1 man\u017eelku, ve\u013emi dobre to skr\u00fdva.<\/div>\n<div>Na\u00a0druhej strane, nie je to ten druh v\u00fdzvy, ktor\u00fd maj\u00fa debutantky najrad\u0161ej?<\/div>\n<div><\/div>\n<div>SPOLO\u010cENSK\u00c9 NOVINY LADY WHISTLEDOWNOVEJ<\/div>\n<p>&nbsp;<\/p>\n<p>Po\u010det str\u00e1n: 304<\/p>\n<p>V\u00e4zba: pevn\u00e1 bez prebalu<\/p>\n<p>ISBN: 978-80-973971-0-4<\/p>\n<div class='qrcode'><img   src='https:\/\/api.qrserver.com\/v1\/create-qr-code\/?size=185x185&ecc=L&qzone=1&data=https%3A%2F%2Fdotlacknih.sk%2Findex.php%2Fprodukt%2Ffilmova-obalka-romanticky-pan-bridgerton-julia-quinnova-od-13-1-2025%2F' alt='Romantick\u00fd p\u00e1n Bridgerton a filmovou ob\u00e1lkou &#8211; Julia Quinnov\u00e1' \/><\/div>","protected":false},"excerpt":{"rendered":"<p>\u0160tvrt\u00fd pr\u00edbeh zo s\u00e9rie Bridgerton &#8211; Romantick\u00fd p\u00e1n Bridgerton s novou filmovou ob\u00e1lkou Colin Bridgerton je jeden z\u00a0naj\u017eiadanej\u0161\u00edch star\u00fdch ml\u00e1dencov v\u00a0Lond\u00fdne. Jeho priate\u013eka Penelope Featheringtonov\u00e1 je do neho u\u017e roky zamilovan\u00e1, ale ke\u010f sa stane n\u00e1hodn\u00fdm svedkom Colinovho vyhl\u00e1senia, \u017ee sa s\u00a0\u0148ou nikdy neo\u017een\u00ed, Colin za\u010dne cestova\u0165, len aby nemusel by\u0165 doma. Po jednom zo svojich n\u00e1vratov zist\u00ed, \u017ee v\u0161etko v\u00a0jeho \u017eivote sa zmenilo a\u00a0najviac zo v\u0161etk\u00e9ho Penelope. T\u00e1 v\u0161ak ukr\u00fdva tajomstvo, ktor\u00e9 ju m\u00f4\u017ee zni\u010di\u0165. Ako sa Colin zachov\u00e1 a\u00a0n\u00e1jde pri svojom h\u013eadan\u00ed skuto\u010dn\u00fa l\u00e1sku? Apr\u00edl je u\u017e za\u00a0 dverami a\u00a0 s\u00a0 pr\u00edchodom novej spolo\u010denskej sez\u00f3ny tu v\u00a0Lond\u00fdne n\u00e1jdete v\u00a0kraj\u010d\u00edrstv\u00e1ch po\u00a0celom meste Cti\u017eiadostiv\u00e9 matky a\u00a0Roztomil\u00e9 debutantky, ktor\u00e9 sa sna\u017eia k\u00fapi\u0165 ve\u010dern\u00e9 \u0161aty, \u010do bud\u00fa znamena\u0165 rozdiel medzi man\u017eelstvom a\u00a0starodievoctvom. A\u00a0\u010do sa t\u00fdka ich koristi \u2013 Odhodlan\u00fdch star\u00fdch ml\u00e1dencov \u2013 p\u00e1n Colin Bridgerton znovu tr\u00f3ni na\u00a0vrchole zoznamu vhodn\u00fdch man\u017eelov, hoci sa e\u0161te nevr\u00e1til zo svojho posledn\u00e9ho v\u00fdletu v\u00a0zahrani\u010d\u00ed. Je pravda, \u017ee nem\u00e1 titul, ale vyzer\u00e1 ve\u013emi dobre, m\u00e1 majetok a\u00a0ka\u017ed\u00fd, kto str\u00e1vil aspo\u0148 min\u00fatu v\u00a0Lond\u00fdne, vie, \u017ee aj \u0161arm. P\u00e1n Bridgerton v\u0161ak u\u017e dosiahol pokro\u010dil\u00fd vek tridsiatich troch rokov bez toho, aby prejavil z\u00e1ujem o nejak\u00fa mlad\u00fa d\u00e1mu. Nie je d\u00f4vod domnieva\u0165 sa, \u017ee v tomto oh\u013eade bude rok 1824 in\u00fd ako rok 1823. Mo\u017eno, \u017ee Roztomil\u00e9 debutantky \u2013 a\u00a0predov\u0161etk\u00fdm ich Cti\u017eiadostiv\u00e9 matky \u2013 by urobili najlep\u0161ie, ak by sa poobzerali inde. Ak aj p\u00e1n Bridgerton h\u013ead\u00e1 man\u017eelku, ve\u013emi dobre to skr\u00fdva. Na\u00a0druhej strane, nie je to ten druh v\u00fdzvy, ktor\u00fd maj\u00fa debutantky najrad\u0161ej? SPOLO\u010cENSK\u00c9 NOVINY LADY WHISTLEDOWNOVEJ &nbsp; Po\u010det str\u00e1n: 304 V\u00e4zba: pevn\u00e1 bez prebalu ISBN: 978-80-973971-0-4<\/p>\n","protected":false},"featured_media":6604,"comment_status":"open","ping_status":"closed","template":"","meta":[],"product_brand":[],"product_cat":[113],"product_tag":[68,71,33,35,66,70,69],"class_list":{"0":"post-6603","1":"product","2":"type-product","3":"status-publish","4":"has-post-thumbnail","6":"product_cat-bridgerton","7":"product_tag-bridgerton","8":"product_tag-colin-bridgerton","9":"product_tag-dotlac-knih","10":"product_tag-historicka-romantika","11":"product_tag-julia-quinnova","12":"product_tag-romancing-mr-bridgerton","13":"product_tag-romanticky-pan-bridgerton","14":"product_shipping_class-slovenska-posta","16":"first","17":"instock","18":"taxable","19":"shipping-taxable","20":"purchasable","21":"product-type-simple"},"wooqr_code":"1625811994_1224.png","_links":{"self":[{"href":"https:\/\/dotlacknih.sk\/index.php\/wp-json\/wp\/v2\/product\/6603","targetHints":{"allow":["GET"]}}],"collection":[{"href":"https:\/\/dotlacknih.sk\/index.php\/wp-json\/wp\/v2\/product"}],"about":[{"href":"https:\/\/dotlacknih.sk\/index.php\/wp-json\/wp\/v2\/types\/product"}],"replies":[{"embeddable":true,"href":"https:\/\/dotlacknih.sk\/index.php\/wp-json\/wp\/v2\/comments?post=6603"}],"wp:featuredmedia":[{"embeddable":true,"href":"https:\/\/dotlacknih.sk\/index.php\/wp-json\/wp\/v2\/media\/6604"}],"wp:attachment":[{"href":"https:\/\/dotlacknih.sk\/index.php\/wp-json\/wp\/v2\/media?parent=6603"}],"wp:term":[{"taxonomy":"product_brand","embeddable":true,"href":"https:\/\/dotlacknih.sk\/index.php\/wp-json\/wp\/v2\/product_brand?post=6603"},{"taxonomy":"product_cat","embeddable":true,"href":"https:\/\/dotlacknih.sk\/index.php\/wp-json\/wp\/v2\/product_cat?post=6603"},{"taxonomy":"product_tag","embeddable":true,"href":"https:\/\/dotlacknih.sk\/index.php\/wp-json\/wp\/v2\/product_tag?post=6603"}],"curies":[{"name":"wp","href":"https:\/\/api.w.org\/{rel}","templated":true}]}}