{"id":5884,"date":"2024-09-13T20:06:33","date_gmt":"2024-09-13T18:06:33","guid":{"rendered":"https:\/\/dotlacknih.sk\/?post_type=product&#038;p=5884"},"modified":"2026-01-28T14:15:49","modified_gmt":"2026-01-28T13:15:49","slug":"wildfire-ako-lesny-poziar-hannah-grace-bezoriezkova-verzia-30-11-2024","status":"publish","type":"product","link":"https:\/\/dotlacknih.sk\/index.php\/produkt\/wildfire-ako-lesny-poziar-hannah-grace-bezoriezkova-verzia-30-11-2024\/","title":{"rendered":"Wildfire: Ako lesn\u00fd po\u017eiar &#8211; Hannah Grace &#8211; bezoriezkov\u00e1 verzia"},"content":{"rendered":"<p>4Vych\u00e1dza 30.11.2023 (posielame po naskladnen\u00ed)<br \/>\nV\u00e4zba: pevn\u00e1 bez prebalu<br \/>\nPo\u010det str\u00e1n:  352<br \/>\nS\u00e9ria: Maple Hills, 2.diel<\/p>\n<p>\u0160tudenti z Maple Hills Russ Callaghan a Aurora Robertsov\u00e1 sa stretn\u00fa na ve\u010dierku na oslavu konca \u0161kolsk\u00e9ho roka, ktor\u00fd sa skon\u010d\u00ed nocou v\u00e1\u0161ne. Aurora, ktor\u00e1 nerada na\u0165ahuje tak\u00e9to z\u00e1le\u017eitosti (ani od mu\u017eov ve\u013ea neo\u010dak\u00e1va), sa vytrat\u00ed sk\u00f4r, ako sa Russ stihne op\u00fdta\u0165 na cel\u00e9 jej meno. Predstavte si ich prekvapenie, ke\u010f na seba narazia v prv\u00fd de\u0148 letn\u00e9ho t\u00e1bora, v ktorom maj\u00fa obaja robi\u0165 in\u0161truktorov a d\u00fafaj\u00fa, \u017ee pr\u00e1cou po\u010das leta unikn\u00fa svojmu komplikovan\u00e9mu \u017eivotu doma. Russ d\u00fafa, \u017ee ak sa dostane dostato\u010dne \u010faleko od Maple Hills, vyhne sa n\u00e1sledkom otcovej z\u00e1vislosti na hazardn\u00fdch hr\u00e1ch, zatia\u013e \u010do Auroru u\u017e nebav\u00ed t\u00fa\u017ei\u0165 po pozornosti v\u0161etk\u00fdch okolo seba a chce sa vr\u00e1ti\u0165 na posledn\u00e9 miesto, kde sa c\u00edtila skuto\u010dne doma. Russ vie, \u017ee poru\u0161enie pr\u00edsneho pravidla t\u00e1bora &#8220;\u017eiadne vz\u0165ahy medzi zamestnancami&#8221; ho prin\u00fati vr\u00e1ti\u0165 sa do Maple Hills e\u0161te pred koncom leta, ale nane\u0161\u0165astie pre neho, Aurora sa nikdy ve\u013emi nestarala o pravidl\u00e1.<br \/>\nNau\u010dia sa t\u00edto dvaja pokojne b\u00fdva\u0165 jeden ved\u013ea druh\u00e9ho? Alebo ich jedin\u00e1 spolo\u010dn\u00e1 noc vyvolala ohe\u0148, ktor\u00fd sa ned\u00e1 uhasi\u0165?<\/p>\n<div class='qrcode'><img   src='https:\/\/api.qrserver.com\/v1\/create-qr-code\/?size=185x185&ecc=L&qzone=1&data=https%3A%2F%2Fdotlacknih.sk%2Findex.php%2Fprodukt%2Fwildfire-ako-lesny-poziar-hannah-grace-bezoriezkova-verzia-30-11-2024%2F' alt='Wildfire: Ako lesn\u00fd po\u017eiar &#8211; Hannah Grace &#8211; bezoriezkov\u00e1 verzia' \/><\/div>","protected":false},"excerpt":{"rendered":"<p>4Vych\u00e1dza 30.11.2023 (posielame po naskladnen\u00ed) V\u00e4zba: pevn\u00e1 bez prebalu Po\u010det str\u00e1n: 352 S\u00e9ria: Maple Hills, 2.diel \u0160tudenti z Maple Hills Russ Callaghan a Aurora Robertsov\u00e1 sa stretn\u00fa na ve\u010dierku na oslavu konca \u0161kolsk\u00e9ho roka, ktor\u00fd sa skon\u010d\u00ed nocou v\u00e1\u0161ne. Aurora, ktor\u00e1 nerada na\u0165ahuje tak\u00e9to z\u00e1le\u017eitosti (ani od mu\u017eov ve\u013ea neo\u010dak\u00e1va), sa vytrat\u00ed sk\u00f4r, ako sa Russ stihne op\u00fdta\u0165 na cel\u00e9 jej meno. Predstavte si ich prekvapenie, ke\u010f na seba narazia v prv\u00fd de\u0148 letn\u00e9ho t\u00e1bora, v ktorom maj\u00fa obaja robi\u0165 in\u0161truktorov a d\u00fafaj\u00fa, \u017ee pr\u00e1cou po\u010das leta unikn\u00fa svojmu komplikovan\u00e9mu \u017eivotu doma. Russ d\u00fafa, \u017ee ak sa dostane dostato\u010dne \u010faleko od Maple Hills, vyhne sa n\u00e1sledkom otcovej z\u00e1vislosti na hazardn\u00fdch hr\u00e1ch, zatia\u013e \u010do Auroru u\u017e nebav\u00ed t\u00fa\u017ei\u0165 po pozornosti v\u0161etk\u00fdch okolo seba a chce sa vr\u00e1ti\u0165 na posledn\u00e9 miesto, kde sa c\u00edtila skuto\u010dne doma. Russ vie, \u017ee poru\u0161enie pr\u00edsneho pravidla t\u00e1bora &#8220;\u017eiadne vz\u0165ahy medzi zamestnancami&#8221; ho prin\u00fati vr\u00e1ti\u0165 sa do Maple Hills e\u0161te pred koncom leta, ale nane\u0161\u0165astie pre neho, Aurora sa nikdy ve\u013emi nestarala o pravidl\u00e1. Nau\u010dia sa t\u00edto dvaja pokojne b\u00fdva\u0165 jeden ved\u013ea druh\u00e9ho? Alebo ich jedin\u00e1 spolo\u010dn\u00e1 noc vyvolala ohe\u0148, ktor\u00fd sa ned\u00e1 uhasi\u0165?<\/p>\n","protected":false},"featured_media":5885,"comment_status":"open","ping_status":"closed","template":"","meta":[],"product_brand":[],"product_cat":[154],"product_tag":[167,212,214,213,155,170,169,126,215],"class_list":{"0":"post-5884","1":"product","2":"type-product","3":"status-publish","4":"has-post-thumbnail","6":"product_cat-knihy-2","7":"product_tag-hannah-grace","8":"product_tag-hokejista","9":"product_tag-kemp","10":"product_tag-letny-tabor","11":"product_tag-romanca","12":"product_tag-seria-maple-hills","13":"product_tag-spicy","14":"product_tag-sportova-romanca","15":"product_tag-wildfire","16":"product_shipping_class-slovenska-posta","18":"first","19":"instock","20":"taxable","21":"shipping-taxable","22":"purchasable","23":"product-type-simple"},"wooqr_code":"1631882149_1339.png","_links":{"self":[{"href":"https:\/\/dotlacknih.sk\/index.php\/wp-json\/wp\/v2\/product\/5884","targetHints":{"allow":["GET"]}}],"collection":[{"href":"https:\/\/dotlacknih.sk\/index.php\/wp-json\/wp\/v2\/product"}],"about":[{"href":"https:\/\/dotlacknih.sk\/index.php\/wp-json\/wp\/v2\/types\/product"}],"replies":[{"embeddable":true,"href":"https:\/\/dotlacknih.sk\/index.php\/wp-json\/wp\/v2\/comments?post=5884"}],"wp:featuredmedia":[{"embeddable":true,"href":"https:\/\/dotlacknih.sk\/index.php\/wp-json\/wp\/v2\/media\/5885"}],"wp:attachment":[{"href":"https:\/\/dotlacknih.sk\/index.php\/wp-json\/wp\/v2\/media?parent=5884"}],"wp:term":[{"taxonomy":"product_brand","embeddable":true,"href":"https:\/\/dotlacknih.sk\/index.php\/wp-json\/wp\/v2\/product_brand?post=5884"},{"taxonomy":"product_cat","embeddable":true,"href":"https:\/\/dotlacknih.sk\/index.php\/wp-json\/wp\/v2\/product_cat?post=5884"},{"taxonomy":"product_tag","embeddable":true,"href":"https:\/\/dotlacknih.sk\/index.php\/wp-json\/wp\/v2\/product_tag?post=5884"}],"curies":[{"name":"wp","href":"https:\/\/api.w.org\/{rel}","templated":true}]}}