{"id":5630,"date":"2024-09-05T08:41:07","date_gmt":"2024-09-05T06:41:07","guid":{"rendered":"https:\/\/dotlacknih.sk\/?post_type=product&#038;p=5630"},"modified":"2026-02-18T13:05:05","modified_gmt":"2026-02-18T12:05:05","slug":"stephanie-garber-s-oriezkou","status":"publish","type":"product","link":"https:\/\/dotlacknih.sk\/index.php\/produkt\/stephanie-garber-s-oriezkou\/","title":{"rendered":"Limitovan\u00e1 ed\u00edcia Caraval &#8211; Stephanie Garber s oriezkou"},"content":{"rendered":"<p><strong>PREDOBJEDN\u00c1VKA!!! Predpokladan\u00fd d\u00e1tum vydania:28.10.2024. Posielame po naskladnen\u00ed <\/strong><br \/>\nVERZIA S FAREBNOU ORIEZKOVU<br \/>\nLimitovan\u00fd po\u010det kusov.<\/p>\n<p>po\u010det str\u00e1n: 416 (matn\u00fd povrch ob\u00e1lky, pevn\u00e1 v\u00e4zba, zlat\u00e1 razba na nadpise a po ob\u00e1lke, preds\u00e1dky s mapou)<br \/>\n1.diel s\u00e9rie Caraval, SLOVENSK\u00dd JAZYK<\/p>\n<p>Legend\u00e1rna s\u00fa\u0165a\u017e.<br \/>\nO\u010daruj\u00faci rom\u00e1nik.<br \/>\nNezlomn\u00e9 puto medzi dvoma sestrami.<\/p>\n<p>Scarlett Dragna nikdy neopustila mal\u00fd ostrov, kde \u017eije so svojou sestrou Donatellou a svoj\u00edm otcom. Ten jej dohodol svadbu a ona si mysl\u00ed, \u017ee s jej snami o Caravale &#8211; \u010darovnom predstaven\u00ed, na ktorom sa raz za rok z\u00fa\u010dast\u0148uj\u00fa aj be\u017en\u00ed \u013eudia  -, je koniec.<br \/>\nTento rok sa to v\u0161ak zmen\u00ed. S pomocou n\u00e1morn\u00edka Juliana sa dostane na ostrov, kde sa Caraval kon\u00e1. Hne\u010f po pr\u00edchode v\u0161ak Tellu unesie majster Caravalu, Legenda. T\u00e1to sez\u00f3na sa to\u010d\u00ed okolo nej, a kto ju n\u00e1jde prv\u00fd, bude v\u00ed\u0165azom. Scarlett sa ocitne v spleti plnej l\u00e1sky, zlomen\u00fdch s\u0155dc a m\u00e1gie. \u010ci u\u017e je Caraval skuto\u010dn\u00fd alebo nie, mus\u00ed n\u00e1js\u0165 Tellu sk\u00f4r, ako hra skon\u010d\u00ed, inak sa spust\u00ed nebezpe\u010dn\u00e9 domino n\u00e1sledkov a jej milovan\u00e1 sestra nav\u017edy zmizne. <\/p>\n<p>Vitajte, vitajte v Caravale&#8230; dajte si pozor, aby ste sa nenechali unies\u0165 pr\u00edli\u0161 \u010faleko.<\/p>\n<div class='qrcode'><img   src='https:\/\/api.qrserver.com\/v1\/create-qr-code\/?size=185x185&ecc=L&qzone=1&data=https%3A%2F%2Fdotlacknih.sk%2Findex.php%2Fprodukt%2Fstephanie-garber-s-oriezkou%2F' alt='Limitovan\u00e1 ed\u00edcia Caraval &#8211; Stephanie Garber s oriezkou' \/><\/div>","protected":false},"excerpt":{"rendered":"<p>PREDOBJEDN\u00c1VKA!!! Predpokladan\u00fd d\u00e1tum vydania:28.10.2024. Posielame po naskladnen\u00ed VERZIA S FAREBNOU ORIEZKOVU Limitovan\u00fd po\u010det kusov. po\u010det str\u00e1n: 416 (matn\u00fd povrch ob\u00e1lky, pevn\u00e1 v\u00e4zba, zlat\u00e1 razba na nadpise a po ob\u00e1lke, preds\u00e1dky s mapou) 1.diel s\u00e9rie Caraval, SLOVENSK\u00dd JAZYK Legend\u00e1rna s\u00fa\u0165a\u017e. O\u010daruj\u00faci rom\u00e1nik. Nezlomn\u00e9 puto medzi dvoma sestrami. Scarlett Dragna nikdy neopustila mal\u00fd ostrov, kde \u017eije so svojou sestrou Donatellou a svoj\u00edm otcom. Ten jej dohodol svadbu a ona si mysl\u00ed, \u017ee s jej snami o Caravale &#8211; \u010darovnom predstaven\u00ed, na ktorom sa raz za rok z\u00fa\u010dast\u0148uj\u00fa aj be\u017en\u00ed \u013eudia -, je koniec. Tento rok sa to v\u0161ak zmen\u00ed. S pomocou n\u00e1morn\u00edka Juliana sa dostane na ostrov, kde sa Caraval kon\u00e1. Hne\u010f po pr\u00edchode v\u0161ak Tellu unesie majster Caravalu, Legenda. T\u00e1to sez\u00f3na sa to\u010d\u00ed okolo nej, a kto ju n\u00e1jde prv\u00fd, bude v\u00ed\u0165azom. Scarlett sa ocitne v spleti plnej l\u00e1sky, zlomen\u00fdch s\u0155dc a m\u00e1gie. \u010ci u\u017e je Caraval skuto\u010dn\u00fd alebo nie, mus\u00ed n\u00e1js\u0165 Tellu sk\u00f4r, ako hra skon\u010d\u00ed, inak sa spust\u00ed nebezpe\u010dn\u00e9 domino n\u00e1sledkov a jej milovan\u00e1 sestra nav\u017edy zmizne. Vitajte, vitajte v Caravale&#8230; dajte si pozor, aby ste sa nenechali unies\u0165 pr\u00edli\u0161 \u010faleko.<\/p>\n","protected":false},"featured_media":5657,"comment_status":"open","ping_status":"closed","template":"","meta":[],"product_brand":[],"product_cat":[154,222,116],"product_tag":[207,211,209,210,208],"class_list":{"0":"post-5630","1":"product","2":"type-product","3":"status-publish","4":"has-post-thumbnail","6":"product_cat-knihy-2","7":"product_cat-oriezkove-verzie","8":"product_cat-zlava","9":"product_tag-caraval","10":"product_tag-donatella-dragna","11":"product_tag-legenda","12":"product_tag-scarlett-dragna","13":"product_tag-stephanie-garber","14":"product_shipping_class-slovenska-posta","16":"first","17":"instock","18":"taxable","19":"shipping-taxable","20":"purchasable","21":"product-type-simple"},"wooqr_code":"1631882149_1339.png","_links":{"self":[{"href":"https:\/\/dotlacknih.sk\/index.php\/wp-json\/wp\/v2\/product\/5630","targetHints":{"allow":["GET"]}}],"collection":[{"href":"https:\/\/dotlacknih.sk\/index.php\/wp-json\/wp\/v2\/product"}],"about":[{"href":"https:\/\/dotlacknih.sk\/index.php\/wp-json\/wp\/v2\/types\/product"}],"replies":[{"embeddable":true,"href":"https:\/\/dotlacknih.sk\/index.php\/wp-json\/wp\/v2\/comments?post=5630"}],"wp:featuredmedia":[{"embeddable":true,"href":"https:\/\/dotlacknih.sk\/index.php\/wp-json\/wp\/v2\/media\/5657"}],"wp:attachment":[{"href":"https:\/\/dotlacknih.sk\/index.php\/wp-json\/wp\/v2\/media?parent=5630"}],"wp:term":[{"taxonomy":"product_brand","embeddable":true,"href":"https:\/\/dotlacknih.sk\/index.php\/wp-json\/wp\/v2\/product_brand?post=5630"},{"taxonomy":"product_cat","embeddable":true,"href":"https:\/\/dotlacknih.sk\/index.php\/wp-json\/wp\/v2\/product_cat?post=5630"},{"taxonomy":"product_tag","embeddable":true,"href":"https:\/\/dotlacknih.sk\/index.php\/wp-json\/wp\/v2\/product_tag?post=5630"}],"curies":[{"name":"wp","href":"https:\/\/api.w.org\/{rel}","templated":true}]}}