{"id":5598,"date":"2024-08-28T09:05:42","date_gmt":"2024-08-28T07:05:42","guid":{"rendered":"https:\/\/dotlacknih.sk\/?post_type=product&#038;p=5598"},"modified":"2026-01-28T14:15:14","modified_gmt":"2026-01-28T13:15:14","slug":"vikomt-ktory-ma-miloval-s-filmovou-obalkou-julia-quinnova","status":"publish","type":"product","link":"https:\/\/dotlacknih.sk\/index.php\/produkt\/vikomt-ktory-ma-miloval-s-filmovou-obalkou-julia-quinnova\/","title":{"rendered":"Vikomt, ktor\u00fd ma miloval s filmovou ob\u00e1lkou &#8211; Julia Quinnov\u00e1"},"content":{"rendered":"<p>Vikomt, ktor\u00fd ma miloval od autorky Julie Quinnovej<\/p>\n<p>&nbsp;<\/p>\n<p>Druh\u00fd diel s\u00e9rie o rodine Bridgertonovcov.<\/p>\n<p>Vikomt, ktor\u00fd ma miloval je pr\u00edbehom najstar\u0161ieho zo s\u00farodencov &#8211; Anthonyho Bridgertona, ktor\u00fd sa rozhodne o\u017eeni\u0165 s najv\u00e4\u010d\u0161ou kr\u00e1skou sez\u00f3ny &#8211; Edwinou Sheffieldovou. Ale do cesty sa mu postav\u00ed jej sestra Kate, ktor\u00e1 o \u0148om nem\u00e1 pr\u00e1ve najlep\u0161iu mienku. Ako to dopadne?<\/p>\n<p>&nbsp;<\/p>\n<p>Loveck\u00e1 sez\u00f3na roku 1814 bola zah\u00e1jen\u00e1 a\u00a0existuje len mal\u00e1 n\u00e1dej, \u017ee oproti roku 1813 uvid\u00edme nejak\u00e9 ve\u013ek\u00e9 zmeny. Spolo\u010densk\u00e9 ve\u010dierky znovu zaplnili Cti\u017eiadostiv\u00e9 matky, ktor\u00fdch cie\u013eom je vyda\u0165 svoje drah\u00e9 dc\u00e9renky za Odhodlan\u00fdch star\u00fdch ml\u00e1dencov. Za\u00a0\u00falovok tejto sez\u00f3ny je pova\u017eovan\u00fd vikomt Anthony Bridgerton. Vlasy tohto chud\u00e1ka vyzeraj\u00fa \u010dasto rozstrapaten\u00e9 a\u00a0neupraven\u00e9 \u2013 je to kv\u00f4li tomu, \u017ee sa nikde nepohne bez toho, aby na\u0148ho ne\u017emurkala nejak\u00e1 mlad\u00e1 sle\u010dna s\u00a0takou r\u00fdchlos\u0165ou, a\u017e to vytv\u00e1ra vietor o\u00a0sile hurik\u00e1nu. Jedinou slu\u0161nou d\u00e1mou, ktor\u00e1 sa o\u00a0Bridgertona nezauj\u00edma, je sle\u010dna Katharine Sheffieldov\u00e1. Jej spr\u00e1vanie k\u00a0nemu niekedy dokonca hrani\u010d\u00ed s\u00a0nepriate\u013estvom.<\/p>\n<p>A na\u0161a autorka si mysl\u00ed, \u017ee s\u00faperenie medzi Bridgertonom a\u00a0sle\u010dnou Sheffieldovou bude presne t\u00fdm, \u010do o\u017eiv\u00ed t\u00fato in\u00e1\u010d nudn\u00fa sez\u00f3nu.<\/p>\n<p>SPOLO\u010cENSK\u00c9 NOVINY LADY WHISTLEDOWNOVEJ<\/p>\n<p>13. APR\u00cdLA 1814<\/p>\n<p>&nbsp;<\/p>\n<p>Po\u010det str\u00e1n: 288<\/p>\n<p>V\u00e4zba: pevn\u00e1 bez prebalu<\/p>\n<p>ISBN: 978-80-971289-5-1<\/p>\n<div class='qrcode'><img   src='https:\/\/api.qrserver.com\/v1\/create-qr-code\/?size=185x185&ecc=L&qzone=1&data=https%3A%2F%2Fdotlacknih.sk%2Findex.php%2Fprodukt%2Fvikomt-ktory-ma-miloval-s-filmovou-obalkou-julia-quinnova%2F' alt='Vikomt, ktor\u00fd ma miloval s filmovou ob\u00e1lkou &#8211; Julia Quinnov\u00e1' \/><\/div>","protected":false},"excerpt":{"rendered":"<p>Vikomt, ktor\u00fd ma miloval od autorky Julie Quinnovej &nbsp; Druh\u00fd diel s\u00e9rie o rodine Bridgertonovcov. Vikomt, ktor\u00fd ma miloval je pr\u00edbehom najstar\u0161ieho zo s\u00farodencov &#8211; Anthonyho Bridgertona, ktor\u00fd sa rozhodne o\u017eeni\u0165 s najv\u00e4\u010d\u0161ou kr\u00e1skou sez\u00f3ny &#8211; Edwinou Sheffieldovou. Ale do cesty sa mu postav\u00ed jej sestra Kate, ktor\u00e1 o \u0148om nem\u00e1 pr\u00e1ve najlep\u0161iu mienku. Ako to dopadne? &nbsp; Loveck\u00e1 sez\u00f3na roku 1814 bola zah\u00e1jen\u00e1 a\u00a0existuje len mal\u00e1 n\u00e1dej, \u017ee oproti roku 1813 uvid\u00edme nejak\u00e9 ve\u013ek\u00e9 zmeny. Spolo\u010densk\u00e9 ve\u010dierky znovu zaplnili Cti\u017eiadostiv\u00e9 matky, ktor\u00fdch cie\u013eom je vyda\u0165 svoje drah\u00e9 dc\u00e9renky za Odhodlan\u00fdch star\u00fdch ml\u00e1dencov. Za\u00a0\u00falovok tejto sez\u00f3ny je pova\u017eovan\u00fd vikomt Anthony Bridgerton. Vlasy tohto chud\u00e1ka vyzeraj\u00fa \u010dasto rozstrapaten\u00e9 a\u00a0neupraven\u00e9 \u2013 je to kv\u00f4li tomu, \u017ee sa nikde nepohne bez toho, aby na\u0148ho ne\u017emurkala nejak\u00e1 mlad\u00e1 sle\u010dna s\u00a0takou r\u00fdchlos\u0165ou, a\u017e to vytv\u00e1ra vietor o\u00a0sile hurik\u00e1nu. Jedinou slu\u0161nou d\u00e1mou, ktor\u00e1 sa o\u00a0Bridgertona nezauj\u00edma, je sle\u010dna Katharine Sheffieldov\u00e1. Jej spr\u00e1vanie k\u00a0nemu niekedy dokonca hrani\u010d\u00ed s\u00a0nepriate\u013estvom. A na\u0161a autorka si mysl\u00ed, \u017ee s\u00faperenie medzi Bridgertonom a\u00a0sle\u010dnou Sheffieldovou bude presne t\u00fdm, \u010do o\u017eiv\u00ed t\u00fato in\u00e1\u010d nudn\u00fa sez\u00f3nu. SPOLO\u010cENSK\u00c9 NOVINY LADY WHISTLEDOWNOVEJ 13. APR\u00cdLA 1814 &nbsp; Po\u010det str\u00e1n: 288 V\u00e4zba: pevn\u00e1 bez prebalu ISBN: 978-80-971289-5-1<\/p>\n","protected":false},"featured_media":5599,"comment_status":"open","ping_status":"closed","template":"","meta":[],"product_brand":[],"product_cat":[113],"product_tag":[148,68,78,66,147,146],"class_list":{"0":"post-5598","1":"product","2":"type-product","3":"status-publish","4":"has-post-thumbnail","6":"product_cat-bridgerton","7":"product_tag-anthony-bridgerton","8":"product_tag-bridgerton","9":"product_tag-julia-quinn","10":"product_tag-julia-quinnova","11":"product_tag-ktory-ma-miloval","12":"product_tag-vikomt","14":"first","15":"instock","16":"taxable","17":"shipping-taxable","18":"purchasable","19":"product-type-simple"},"wooqr_code":"1616917597_1081.png","_links":{"self":[{"href":"https:\/\/dotlacknih.sk\/index.php\/wp-json\/wp\/v2\/product\/5598","targetHints":{"allow":["GET"]}}],"collection":[{"href":"https:\/\/dotlacknih.sk\/index.php\/wp-json\/wp\/v2\/product"}],"about":[{"href":"https:\/\/dotlacknih.sk\/index.php\/wp-json\/wp\/v2\/types\/product"}],"replies":[{"embeddable":true,"href":"https:\/\/dotlacknih.sk\/index.php\/wp-json\/wp\/v2\/comments?post=5598"}],"wp:featuredmedia":[{"embeddable":true,"href":"https:\/\/dotlacknih.sk\/index.php\/wp-json\/wp\/v2\/media\/5599"}],"wp:attachment":[{"href":"https:\/\/dotlacknih.sk\/index.php\/wp-json\/wp\/v2\/media?parent=5598"}],"wp:term":[{"taxonomy":"product_brand","embeddable":true,"href":"https:\/\/dotlacknih.sk\/index.php\/wp-json\/wp\/v2\/product_brand?post=5598"},{"taxonomy":"product_cat","embeddable":true,"href":"https:\/\/dotlacknih.sk\/index.php\/wp-json\/wp\/v2\/product_cat?post=5598"},{"taxonomy":"product_tag","embeddable":true,"href":"https:\/\/dotlacknih.sk\/index.php\/wp-json\/wp\/v2\/product_tag?post=5598"}],"curies":[{"name":"wp","href":"https:\/\/api.w.org\/{rel}","templated":true}]}}