{"id":5120,"date":"2024-06-30T11:21:34","date_gmt":"2024-06-30T09:21:34","guid":{"rendered":"https:\/\/dotlacknih.sk\/?post_type=product&#038;p=5120"},"modified":"2026-04-04T10:35:40","modified_gmt":"2026-04-04T08:35:40","slug":"limitovana-edicia-elizabeth-lim-sest-karminovych-zeriavov-oriezkova-verzia-19-8-2024","status":"publish","type":"product","link":"https:\/\/dotlacknih.sk\/index.php\/produkt\/limitovana-edicia-elizabeth-lim-sest-karminovych-zeriavov-oriezkova-verzia-19-8-2024\/","title":{"rendered":"Limitovan\u00e1 ed\u00edcia Elizabeth Lim: \u0160es\u0165 karm\u00ednov\u00fdch \u017eeriavov, oriezkov\u00e1 verzia"},"content":{"rendered":"<p><strong>PREDOBJEDN\u00c1VKA!!! Predpokladan\u00fd d\u00e1tum vydania: 19.8.2024. Posielame po naskladnen\u00ed <\/strong><br \/>\nVERZIA S ORIEZKOVU, FAREBN\u00ddMI PREDS\u00c1DKAMI a ZLATOU RAZBOU NA KVETOCH NA OB\u00c1LKE.<br \/>\nLimitovan\u00fd po\u010det kusov.<\/p>\n<p>po\u010det str\u00e1n: 368 (matn\u00fd povrch ob\u00e1lky, pevn\u00e1 v\u00e4zba, lakovan\u00fd nadpis, preds\u00e1dky s grafikou)<br \/>\n1.diel duol\u00f3gie Krv hviezd, SLOVENSK\u00dd JAZYK<\/p>\n<p>Shiori, jedin\u00e1 princezn\u00e1 Kiaty, m\u00e1 tajomstvo. V jej \u017eil\u00e1ch koluje zak\u00e1zan\u00e1 m\u00e1gia. Za norm\u00e1lnych okolnost\u00ed ju dobre skr\u00fdva, ale r\u00e1no v de\u0148 z\u00e1snubn\u00e9ho obradu nad \u0148ou strat\u00ed kontrolu. Spo\u010diatku jej to pripad\u00e1 ako z\u00e1sah \u0161\u0165asteny, ke\u010f\u017ee zabr\u00e1ni svadbe, ktor\u00fa nikdy nechcela, ale z\u00e1rove\u0148 up\u00fata pozornos\u0165 Raikamy, jej nevlastnej matky.<br \/>\nRaikama opl\u00fdva svojou vlastnou temnou m\u00e1giou a mlad\u00fa princezn\u00fa vy\u017eenie. Jej bratov premen\u00ed na \u017eeriavy a varuje Shiori, aby o tom nikomu nehovorila, preto\u017ee pri ka\u017edom slove, ktor\u00e9 jej unikne z \u00fast, jeden z jej bratov zomrie.<br \/>\nBezradn\u00e1 a osamel\u00e1 Shiori bez hlasu p\u00e1tra po bratoch a na svojej ceste odhal\u00ed sprisahanie s cie\u013eom zmocni\u0165 sa tr\u00f3nu &#8211; sprisahanie zvr\u00e1tenej\u0161ie a z\u00e1kernej\u0161ie, rafinovanej\u0161ie a zlo\u017eitej\u0161ie ako Raikamina zrada. Jedine Shiori m\u00f4\u017ee da\u0165 kr\u00e1\u013eovstvo do poriadku, ale aby to dok\u00e1zala, mus\u00ed d\u00f4verova\u0165 chlapcovi, za ktor\u00e9ho sa tak ve\u013emi nechcela vyda\u0165. A mus\u00ed prija\u0165 m\u00e1giu, ktor\u00fa ju cel\u00fd \u017eivot u\u010dili zadr\u017eiava\u0165 &#8211; bez oh\u013eadu na to, \u010do ju to bude st\u00e1\u0165.<\/p>\n<div class='qrcode'><img   src='https:\/\/api.qrserver.com\/v1\/create-qr-code\/?size=185x185&ecc=L&qzone=1&data=https%3A%2F%2Fdotlacknih.sk%2Findex.php%2Fprodukt%2Flimitovana-edicia-elizabeth-lim-sest-karminovych-zeriavov-oriezkova-verzia-19-8-2024%2F' alt='Limitovan\u00e1 ed\u00edcia Elizabeth Lim: \u0160es\u0165 karm\u00ednov\u00fdch \u017eeriavov, oriezkov\u00e1 verzia' \/><\/div>","protected":false},"excerpt":{"rendered":"<p>PREDOBJEDN\u00c1VKA!!! Predpokladan\u00fd d\u00e1tum vydania: 19.8.2024. Posielame po naskladnen\u00ed VERZIA S ORIEZKOVU, FAREBN\u00ddMI PREDS\u00c1DKAMI a ZLATOU RAZBOU NA KVETOCH NA OB\u00c1LKE. Limitovan\u00fd po\u010det kusov. po\u010det str\u00e1n: 368 (matn\u00fd povrch ob\u00e1lky, pevn\u00e1 v\u00e4zba, lakovan\u00fd nadpis, preds\u00e1dky s grafikou) 1.diel duol\u00f3gie Krv hviezd, SLOVENSK\u00dd JAZYK Shiori, jedin\u00e1 princezn\u00e1 Kiaty, m\u00e1 tajomstvo. V jej \u017eil\u00e1ch koluje zak\u00e1zan\u00e1 m\u00e1gia. Za norm\u00e1lnych okolnost\u00ed ju dobre skr\u00fdva, ale r\u00e1no v de\u0148 z\u00e1snubn\u00e9ho obradu nad \u0148ou strat\u00ed kontrolu. Spo\u010diatku jej to pripad\u00e1 ako z\u00e1sah \u0161\u0165asteny, ke\u010f\u017ee zabr\u00e1ni svadbe, ktor\u00fa nikdy nechcela, ale z\u00e1rove\u0148 up\u00fata pozornos\u0165 Raikamy, jej nevlastnej matky. Raikama opl\u00fdva svojou vlastnou temnou m\u00e1giou a mlad\u00fa princezn\u00fa vy\u017eenie. Jej bratov premen\u00ed na \u017eeriavy a varuje Shiori, aby o tom nikomu nehovorila, preto\u017ee pri ka\u017edom slove, ktor\u00e9 jej unikne z \u00fast, jeden z jej bratov zomrie. Bezradn\u00e1 a osamel\u00e1 Shiori bez hlasu p\u00e1tra po bratoch a na svojej ceste odhal\u00ed sprisahanie s cie\u013eom zmocni\u0165 sa tr\u00f3nu &#8211; sprisahanie zvr\u00e1tenej\u0161ie a z\u00e1kernej\u0161ie, rafinovanej\u0161ie a zlo\u017eitej\u0161ie ako Raikamina zrada. Jedine Shiori m\u00f4\u017ee da\u0165 kr\u00e1\u013eovstvo do poriadku, ale aby to dok\u00e1zala, mus\u00ed d\u00f4verova\u0165 chlapcovi, za ktor\u00e9ho sa tak ve\u013emi nechcela vyda\u0165. A mus\u00ed prija\u0165 m\u00e1giu, ktor\u00fa ju cel\u00fd \u017eivot u\u010dili zadr\u017eiava\u0165 &#8211; bez oh\u013eadu na to, \u010do ju to bude st\u00e1\u0165.<\/p>\n","protected":false},"featured_media":5450,"comment_status":"open","ping_status":"closed","template":"","meta":[],"product_brand":[],"product_cat":[154,222,116],"product_tag":[218,219,216,217],"class_list":{"0":"post-5120","1":"product","2":"type-product","3":"status-publish","4":"has-post-thumbnail","6":"product_cat-knihy-2","7":"product_cat-oriezkove-verzie","8":"product_cat-zlava","9":"product_tag-azijska-mytologia","10":"product_tag-draci","11":"product_tag-elizabeth-lim","12":"product_tag-sest-karminovych-zeriavov","13":"product_shipping_class-slovenska-posta","15":"first","16":"instock","17":"taxable","18":"shipping-taxable","19":"purchasable","20":"product-type-simple"},"wooqr_code":"1631882149_1339.png","_links":{"self":[{"href":"https:\/\/dotlacknih.sk\/index.php\/wp-json\/wp\/v2\/product\/5120","targetHints":{"allow":["GET"]}}],"collection":[{"href":"https:\/\/dotlacknih.sk\/index.php\/wp-json\/wp\/v2\/product"}],"about":[{"href":"https:\/\/dotlacknih.sk\/index.php\/wp-json\/wp\/v2\/types\/product"}],"replies":[{"embeddable":true,"href":"https:\/\/dotlacknih.sk\/index.php\/wp-json\/wp\/v2\/comments?post=5120"}],"wp:featuredmedia":[{"embeddable":true,"href":"https:\/\/dotlacknih.sk\/index.php\/wp-json\/wp\/v2\/media\/5450"}],"wp:attachment":[{"href":"https:\/\/dotlacknih.sk\/index.php\/wp-json\/wp\/v2\/media?parent=5120"}],"wp:term":[{"taxonomy":"product_brand","embeddable":true,"href":"https:\/\/dotlacknih.sk\/index.php\/wp-json\/wp\/v2\/product_brand?post=5120"},{"taxonomy":"product_cat","embeddable":true,"href":"https:\/\/dotlacknih.sk\/index.php\/wp-json\/wp\/v2\/product_cat?post=5120"},{"taxonomy":"product_tag","embeddable":true,"href":"https:\/\/dotlacknih.sk\/index.php\/wp-json\/wp\/v2\/product_tag?post=5120"}],"curies":[{"name":"wp","href":"https:\/\/api.w.org\/{rel}","templated":true}]}}