{"id":4033,"date":"2024-03-25T12:09:54","date_gmt":"2024-03-25T11:09:54","guid":{"rendered":"https:\/\/dotlacknih.sk\/?post_type=product&#038;p=4033"},"modified":"2026-04-26T09:21:57","modified_gmt":"2026-04-26T07:21:57","slug":"limitovana-edicia-corrupt-skazeni-1-diel-dn-penelope-douglas","status":"publish","type":"product","link":"https:\/\/dotlacknih.sk\/index.php\/produkt\/limitovana-edicia-corrupt-skazeni-1-diel-dn-penelope-douglas\/","title":{"rendered":"Limitovan\u00e1 ed\u00edcia Corrupt: Skazen\u00ed (1.diel DN) Penelope Douglas"},"content":{"rendered":"<p>po\u010det str\u00e1n: 440 (matn\u00fd povrch ob\u00e1lky, pevn\u00e1 v\u00e4zba, n\u00e1pis s \u010dervenou f\u00f3liou a oriezka)<br \/>\n1.diel s\u00e9rie v slovenskom jazyku,<br \/>\nlimitovan\u00e1 dotla\u010d u\u017e skladom<\/p>\n<p>\u0160tyria basketbalisti, hviezdy \u0161koly, ktor\u00fdch \u017eivot prevr\u00e1ti naruby jedna noc, po ktorej sa traja z nich ocitn\u00fa vo v\u00e4zen\u00ed a rozm\u00fd\u0161\u013eaj\u00fa, ako sa pomsti\u0165.<\/p>\n<p>\u010cakali sme.<br \/>\nBoli sme trpezliv\u00ed.<br \/>\nA teraz sa spln\u00ed ka\u017ed\u00e1 jej no\u010dn\u00e1 mora.<\/p>\n<p>Erika<br \/>\nPovedali mi, \u017ee sny s\u00fa t\u00fa\u017eby n\u00e1\u0161ho srdca. Moje no\u010dn\u00e9 mory sa v\u0161ak stali mojou posadnutos\u0165ou. Vol\u00e1 sa Michael Crist. Star\u0161\u00ed brat m\u00f4jho priate\u013ea je ako ten stra\u0161ideln\u00fd film, na ktor\u00fd sa pozer\u00e1te cez prsty. Je pr\u00ed\u0165a\u017eliv\u00fd, siln\u00fd a \u00faplne desiv\u00fd. Hviezda vysoko\u0161kolsk\u00e9ho basketbalov\u00e9ho t\u00edmu a teraz u\u017e profesion\u00e1l, ktor\u00e9ho viac ako ja zauj\u00edma \u0161pina na jeho top\u00e1nke. Ja som si ho v\u0161ak v\u0161imla. Videla som ho. Po\u010dula som ho. Veci, ktor\u00e9 robil, a to, \u010do skr\u00fdval&#8230;<\/p>\n<p>Cel\u00e9 roky som od neho nebola neschopn\u00e1 odvr\u00e1ti\u0165 zrak. Teraz som skon\u010dila stredn\u00fa a pre\u0161la na vysok\u00fa, ale Michaela som neprestala sledova\u0165. Je skazen\u00fd a nemravnosti, ktor\u00e9 som videla, u\u017e nechc\u00fa zosta\u0165 len v mojej hlave. Preto\u017ee si ma kone\u010dne v\u0161imol.<\/p>\n<p>Michael<br \/>\nVol\u00e1 sa Erika Faneov\u00e1, ale v\u0161etci ju volaj\u00fa Rika. Priate\u013eka m\u00f4jho brata vyrastala v mojom dome a jed\u00e1vala pri na\u0161om stole. Ke\u010f vst\u00fapim do miestnosti, sklop\u00ed zrak a zastane, ke\u010f som bl\u00edzko. V\u017edy c\u00edtim, ako sa z nej val\u00ed strach, a hoci som sa nedostal k jej telu, viem, \u017ee m\u00e1m jej myse\u013e. To je aj tak v\u0161etko, \u010do naozaj chcem. A\u017e k\u00fdm m\u00f4j brat neod\u00edde do arm\u00e1dy a ja nen\u00e1jdem Riku samu na vysokej \u0161kole. V mojom meste. Bez ochrany. Je to a\u017e pr\u00edli\u0161 dobr\u00e9 na to, aby to bolo pravdiv\u00e9, rovnako ako na\u010dasovanie. Preto\u017ee pred tromi rokmi dostala do v\u00e4zenia nieko\u013eko mojich kamar\u00e1tov zo strednej a oni s\u00fa teraz vonku.<\/p>\n<p>Varovanie: kniha obsahuje citliv\u00e9 t\u00e9my:<br \/>\nsexu\u00e1lne napadnutie, opakovan\u00e9 vyhr\u00e1\u017eanie, smr\u0165 rodi\u010dov, zn\u00e1silnenie, zneu\u017e\u00edvanie det\u00ed, zmienky o inceste, \u00fanos.<\/p>\n<div class='qrcode'><img   src='https:\/\/api.qrserver.com\/v1\/create-qr-code\/?size=185x185&ecc=L&qzone=1&data=https%3A%2F%2Fdotlacknih.sk%2Findex.php%2Fprodukt%2Flimitovana-edicia-corrupt-skazeni-1-diel-dn-penelope-douglas%2F' alt='Limitovan\u00e1 ed\u00edcia Corrupt: Skazen\u00ed (1.diel DN) Penelope Douglas' \/><\/div>","protected":false},"excerpt":{"rendered":"<p>po\u010det str\u00e1n: 440 (matn\u00fd povrch ob\u00e1lky, pevn\u00e1 v\u00e4zba, n\u00e1pis s \u010dervenou f\u00f3liou a oriezka) 1.diel s\u00e9rie v slovenskom jazyku, limitovan\u00e1 dotla\u010d u\u017e skladom \u0160tyria basketbalisti, hviezdy \u0161koly, ktor\u00fdch \u017eivot prevr\u00e1ti naruby jedna noc, po ktorej sa traja z nich ocitn\u00fa vo v\u00e4zen\u00ed a rozm\u00fd\u0161\u013eaj\u00fa, ako sa pomsti\u0165. \u010cakali sme. Boli sme trpezliv\u00ed. A teraz sa spln\u00ed ka\u017ed\u00e1 jej no\u010dn\u00e1 mora. Erika Povedali mi, \u017ee sny s\u00fa t\u00fa\u017eby n\u00e1\u0161ho srdca. Moje no\u010dn\u00e9 mory sa v\u0161ak stali mojou posadnutos\u0165ou. Vol\u00e1 sa Michael Crist. Star\u0161\u00ed brat m\u00f4jho priate\u013ea je ako ten stra\u0161ideln\u00fd film, na ktor\u00fd sa pozer\u00e1te cez prsty. Je pr\u00ed\u0165a\u017eliv\u00fd, siln\u00fd a \u00faplne desiv\u00fd. Hviezda vysoko\u0161kolsk\u00e9ho basketbalov\u00e9ho t\u00edmu a teraz u\u017e profesion\u00e1l, ktor\u00e9ho viac ako ja zauj\u00edma \u0161pina na jeho top\u00e1nke. Ja som si ho v\u0161ak v\u0161imla. Videla som ho. Po\u010dula som ho. Veci, ktor\u00e9 robil, a to, \u010do skr\u00fdval&#8230; Cel\u00e9 roky som od neho nebola neschopn\u00e1 odvr\u00e1ti\u0165 zrak. Teraz som skon\u010dila stredn\u00fa a pre\u0161la na vysok\u00fa, ale Michaela som neprestala sledova\u0165. Je skazen\u00fd a nemravnosti, ktor\u00e9 som videla, u\u017e nechc\u00fa zosta\u0165 len v mojej hlave. Preto\u017ee si ma kone\u010dne v\u0161imol. Michael Vol\u00e1 sa Erika Faneov\u00e1, ale v\u0161etci ju volaj\u00fa Rika. Priate\u013eka m\u00f4jho brata vyrastala v mojom dome a jed\u00e1vala pri na\u0161om stole. Ke\u010f vst\u00fapim do miestnosti, sklop\u00ed zrak a zastane, ke\u010f som bl\u00edzko. V\u017edy c\u00edtim, ako sa z nej val\u00ed strach, a hoci som sa nedostal k jej telu, viem, \u017ee m\u00e1m jej myse\u013e. To je aj tak v\u0161etko, \u010do naozaj chcem. A\u017e k\u00fdm m\u00f4j brat neod\u00edde do arm\u00e1dy a ja nen\u00e1jdem Riku samu na vysokej \u0161kole. V mojom meste. Bez ochrany. Je to a\u017e pr\u00edli\u0161 dobr\u00e9 na to, aby to bolo pravdiv\u00e9, rovnako ako na\u010dasovanie. Preto\u017ee pred tromi rokmi dostala do v\u00e4zenia nieko\u013eko mojich kamar\u00e1tov zo strednej a oni s\u00fa teraz vonku. Varovanie: kniha obsahuje citliv\u00e9 t\u00e9my: sexu\u00e1lne napadnutie, opakovan\u00e9 vyhr\u00e1\u017eanie, smr\u0165 rodi\u010dov, zn\u00e1silnenie, zneu\u017e\u00edvanie det\u00ed, zmienky o inceste, \u00fanos.<\/p>\n","protected":false},"featured_media":4034,"comment_status":"open","ping_status":"closed","template":"","meta":[],"product_brand":[],"product_cat":[154,222],"product_tag":[189,82,190,188,221,220,163],"class_list":{"0":"post-4033","1":"product","2":"type-product","3":"status-publish","4":"has-post-thumbnail","6":"product_cat-knihy-2","7":"product_cat-oriezkove-verzie","8":"product_tag-corrupt","9":"product_tag-dark-romance","10":"product_tag-devils-night","11":"product_tag-diablova-noc","12":"product_tag-erika-fane","13":"product_tag-michael-crist","14":"product_tag-penelope-douglas","15":"product_shipping_class-slovenska-posta","17":"first","18":"instock","19":"taxable","20":"shipping-taxable","21":"purchasable","22":"product-type-simple"},"wooqr_code":"1631882149_1339.png","_links":{"self":[{"href":"https:\/\/dotlacknih.sk\/index.php\/wp-json\/wp\/v2\/product\/4033","targetHints":{"allow":["GET"]}}],"collection":[{"href":"https:\/\/dotlacknih.sk\/index.php\/wp-json\/wp\/v2\/product"}],"about":[{"href":"https:\/\/dotlacknih.sk\/index.php\/wp-json\/wp\/v2\/types\/product"}],"replies":[{"embeddable":true,"href":"https:\/\/dotlacknih.sk\/index.php\/wp-json\/wp\/v2\/comments?post=4033"}],"wp:featuredmedia":[{"embeddable":true,"href":"https:\/\/dotlacknih.sk\/index.php\/wp-json\/wp\/v2\/media\/4034"}],"wp:attachment":[{"href":"https:\/\/dotlacknih.sk\/index.php\/wp-json\/wp\/v2\/media?parent=4033"}],"wp:term":[{"taxonomy":"product_brand","embeddable":true,"href":"https:\/\/dotlacknih.sk\/index.php\/wp-json\/wp\/v2\/product_brand?post=4033"},{"taxonomy":"product_cat","embeddable":true,"href":"https:\/\/dotlacknih.sk\/index.php\/wp-json\/wp\/v2\/product_cat?post=4033"},{"taxonomy":"product_tag","embeddable":true,"href":"https:\/\/dotlacknih.sk\/index.php\/wp-json\/wp\/v2\/product_tag?post=4033"}],"curies":[{"name":"wp","href":"https:\/\/api.w.org\/{rel}","templated":true}]}}