{"id":3553,"date":"2024-01-12T11:32:43","date_gmt":"2024-01-12T10:32:43","guid":{"rendered":"https:\/\/dotlacknih.sk\/?post_type=product&#038;p=3553"},"modified":"2026-03-19T11:24:54","modified_gmt":"2026-03-19T10:24:54","slug":"predator-runyx","status":"publish","type":"product","link":"https:\/\/dotlacknih.sk\/index.php\/produkt\/predator-runyx\/","title":{"rendered":"Predator &#8211; RuNyX"},"content":{"rendered":"<p>Predbe\u017en\u00fd d\u00e1tum vydania: 29.2.2024. Expedujeme po vydan\u00ed!<br \/>\n1.diel Dark romance s\u00e9rie Dark Verse<br \/>\nV\u00e4zba: pevn\u00e1 bez prebalu<br \/>\nPo\u010det str\u00e1n: 320<\/p>\n<p>\u010co sa stane, ke\u010f sa nezastavite\u013en\u00e1 sila stretne s nehybn\u00fdm predmetom v poli smrti?<\/p>\n<p>V temn\u00fdch vod\u00e1ch podsvetia je Tristan Caine anom\u00e1liou. Ako jedin\u00fd nepokrvn\u00fd \u010dlen mafi\u00e1nskej rodiny je pre v\u0161etk\u00fdch z\u00e1hadou &#8211; ve\u013emi schopn\u00fd, s ot\u00e1znou mor\u00e1lkou a nezn\u00e1mymi mot\u00edvmi. Je nebezpe\u010dn\u00fd a ve\u013emi dobre si to uvedomuje.<\/p>\n<p>Podobne ako Morana Vitalo, neoby\u010dajne geni\u00e1lna dc\u00e9ra konkuren\u010dnej rodiny. To, \u010do Caine rob\u00ed so zbra\u0148ami, dok\u00e1\u017ee Morana prostredn\u00edctvom po\u010d\u00edta\u010dov. Ke\u010f jedn\u00e9ho d\u0148a na povrch vypl\u00e1va dvadsa\u0165dva rokov star\u00e1 z\u00e1hada, prenikne Morana do Cainovho domu s \u00famyslom zabi\u0165 ho, nevediac o v\u00e4zbe, ktor\u00e1 ich oboch sp\u00e1ja.<\/p>\n<p>Nen\u00e1vis\u0165, minulos\u0165 a \u017eiadostivos\u0165 sa zr\u00e1\u017eaj\u00fa v ne\u010dakanom roji iskier.<\/p>\n<p>V ich svete sa v\u0161ak deje nie\u010do omnoho v\u00e4\u010d\u0161ie a hor\u0161ie. A aj navzdory vz\u00e1jomnej nevra\u017eivosti dok\u00e1\u017eu nepriate\u013ea porazi\u0165 iba oni dvaja\u2026<\/p>\n<div class='qrcode'><img   src='https:\/\/api.qrserver.com\/v1\/create-qr-code\/?size=185x185&ecc=L&qzone=1&data=https%3A%2F%2Fdotlacknih.sk%2Findex.php%2Fprodukt%2Fpredator-runyx%2F' alt='Predator &#8211; RuNyX' \/><\/div>","protected":false},"excerpt":{"rendered":"<p>Predbe\u017en\u00fd d\u00e1tum vydania: 29.2.2024. Expedujeme po vydan\u00ed! 1.diel Dark romance s\u00e9rie Dark Verse V\u00e4zba: pevn\u00e1 bez prebalu Po\u010det str\u00e1n: 320 \u010co sa stane, ke\u010f sa nezastavite\u013en\u00e1 sila stretne s nehybn\u00fdm predmetom v poli smrti? V temn\u00fdch vod\u00e1ch podsvetia je Tristan Caine anom\u00e1liou. Ako jedin\u00fd nepokrvn\u00fd \u010dlen mafi\u00e1nskej rodiny je pre v\u0161etk\u00fdch z\u00e1hadou &#8211; ve\u013emi schopn\u00fd, s ot\u00e1znou mor\u00e1lkou a nezn\u00e1mymi mot\u00edvmi. Je nebezpe\u010dn\u00fd a ve\u013emi dobre si to uvedomuje. Podobne ako Morana Vitalo, neoby\u010dajne geni\u00e1lna dc\u00e9ra konkuren\u010dnej rodiny. To, \u010do Caine rob\u00ed so zbra\u0148ami, dok\u00e1\u017ee Morana prostredn\u00edctvom po\u010d\u00edta\u010dov. Ke\u010f jedn\u00e9ho d\u0148a na povrch vypl\u00e1va dvadsa\u0165dva rokov star\u00e1 z\u00e1hada, prenikne Morana do Cainovho domu s \u00famyslom zabi\u0165 ho, nevediac o v\u00e4zbe, ktor\u00e1 ich oboch sp\u00e1ja. Nen\u00e1vis\u0165, minulos\u0165 a \u017eiadostivos\u0165 sa zr\u00e1\u017eaj\u00fa v ne\u010dakanom roji iskier. V ich svete sa v\u0161ak deje nie\u010do omnoho v\u00e4\u010d\u0161ie a hor\u0161ie. A aj navzdory vz\u00e1jomnej nevra\u017eivosti dok\u00e1\u017eu nepriate\u013ea porazi\u0165 iba oni dvaja\u2026<\/p>\n","protected":false},"featured_media":3554,"comment_status":"open","ping_status":"closed","template":"","meta":[],"product_brand":[],"product_cat":[154],"product_tag":[82,185,186,91,187,184,183],"class_list":{"0":"post-3553","1":"product","2":"type-product","3":"status-publish","4":"has-post-thumbnail","6":"product_cat-knihy-2","7":"product_tag-dark-romance","8":"product_tag-dark-verse","9":"product_tag-hackerka","10":"product_tag-mafia","11":"product_tag-motorkar","12":"product_tag-predator","13":"product_tag-runyx","14":"product_shipping_class-slovenska-posta","16":"first","17":"outofstock","18":"taxable","19":"shipping-taxable","20":"purchasable","21":"product-type-simple"},"wooqr_code":"1631882149_1339.png","_links":{"self":[{"href":"https:\/\/dotlacknih.sk\/index.php\/wp-json\/wp\/v2\/product\/3553","targetHints":{"allow":["GET"]}}],"collection":[{"href":"https:\/\/dotlacknih.sk\/index.php\/wp-json\/wp\/v2\/product"}],"about":[{"href":"https:\/\/dotlacknih.sk\/index.php\/wp-json\/wp\/v2\/types\/product"}],"replies":[{"embeddable":true,"href":"https:\/\/dotlacknih.sk\/index.php\/wp-json\/wp\/v2\/comments?post=3553"}],"wp:featuredmedia":[{"embeddable":true,"href":"https:\/\/dotlacknih.sk\/index.php\/wp-json\/wp\/v2\/media\/3554"}],"wp:attachment":[{"href":"https:\/\/dotlacknih.sk\/index.php\/wp-json\/wp\/v2\/media?parent=3553"}],"wp:term":[{"taxonomy":"product_brand","embeddable":true,"href":"https:\/\/dotlacknih.sk\/index.php\/wp-json\/wp\/v2\/product_brand?post=3553"},{"taxonomy":"product_cat","embeddable":true,"href":"https:\/\/dotlacknih.sk\/index.php\/wp-json\/wp\/v2\/product_cat?post=3553"},{"taxonomy":"product_tag","embeddable":true,"href":"https:\/\/dotlacknih.sk\/index.php\/wp-json\/wp\/v2\/product_tag?post=3553"}],"curies":[{"name":"wp","href":"https:\/\/api.w.org\/{rel}","templated":true}]}}