{"id":3163,"date":"2023-09-21T09:56:45","date_gmt":"2023-09-21T07:56:45","guid":{"rendered":"https:\/\/dotlacknih.sk\/?post_type=product&#038;p=3163"},"modified":"2026-01-28T14:11:09","modified_gmt":"2026-01-28T13:11:09","slug":"lore-alexandra-bracken","status":"publish","type":"product","link":"https:\/\/dotlacknih.sk\/index.php\/produkt\/lore-alexandra-bracken\/","title":{"rendered":"Lore &#8211; Alexandra Bracken"},"content":{"rendered":"<div id=\"wppb-builder-container\" class=\"wppb-builder-container\"><p>zmena d\u00e1tumu vydania<strong>Vych\u00e1dza 30.11.2023<\/strong> zasielame po naskladnen\u00ed<br \/>\nV\u00e4zba: pevn\u00e1 bez prebalu<br \/>\nPo\u010det str\u00e1n: predbe\u017ene 450<\/p>\n<p>Hry za\u010d\u00ednaj\u00fa, p\u00f4jde o \u017eivot<br \/>\nKa\u017ed\u00fdch sedem rokov sa za\u010d\u00edna Agon. Ako trest za d\u00e1vnu vzburu je dev\u00e4\u0165 gr\u00e9ckych bohov prin\u00faten\u00fdch chodi\u0165 po zemi v smrte\u013enej podobe, s\u00fa prenasledovan\u00ed potomkami d\u00e1vnych rodov, ktor\u00ed ba\u017eia po smrti bohov a chc\u00fa sa zmocni\u0165 ich moci a nesmrte\u013enosti.<br \/>\nLore Perseous utiekla z tohto krut\u00e9ho sveta po sadistickom vyvra\u017eden\u00ed svojej rodiny konkuren\u010dn\u00fdm rodom a obr\u00e1tila sa lovu na sl\u00e1vu chrbtom. Roky zah\u00e1\u0148ala ak\u00e9ko\u013evek my\u0161lienky na pomstu vo\u010di mu\u017eovi &#8211; teraz u\u017e bohovi &#8211; zodpovedn\u00e9mu za ich smr\u0165.<\/p>\n<p>Ke\u010f sa v\u0161ak v New Yorku za\u010dne kona\u0165 \u010fal\u0161\u00ed lov, dvaja jeho \u00fa\u010dastn\u00edci ju po\u017eiadaj\u00fa o pomoc: Castor, Lorein priate\u013e z detstva, ktor\u00e9ho pova\u017euj\u00fa za d\u00e1vno m\u0155tveho, a \u0165a\u017eko zranen\u00e1 At\u00e9na, jedna z posledn\u00fdch p\u00f4vodn\u00fdch bohov.<\/p>\n<p>Bohy\u0148a pon\u00faka spojenectvo proti ich spolo\u010dn\u00e9mu nepriate\u013eovi a kone\u010dne aj sp\u00f4sob, ako m\u00f4\u017ee Lore nav\u017edy vynecha\u0165 Agon zo svojho \u017eivota. Jej rozhodnutie spoji\u0165 svoj osud s At\u00e9nou a znovu sa zapoji\u0165 do lovu, v\u0161ak bude ma\u0165 svoju cenu &#8211; a nemus\u00ed sta\u010di\u0165 na zastavenie nov\u00e9ho boha, ktor\u00fd m\u00e1 moc zrazi\u0165 \u013eudstvo na kolen\u00e1.<\/p>\n<div class='qrcode'><img   src='https:\/\/api.qrserver.com\/v1\/create-qr-code\/?size=185x185&ecc=L&qzone=1&data=https%3A%2F%2Fdotlacknih.sk%2Findex.php%2Fprodukt%2Flore-alexandra-bracken%2F' alt='Lore &#8211; Alexandra Bracken' \/><\/div><\/div>","protected":false},"excerpt":{"rendered":"<p>zmena d\u00e1tumu vydaniaVych\u00e1dza 30.11.2023 zasielame po naskladnen\u00ed V\u00e4zba: pevn\u00e1 bez prebalu Po\u010det str\u00e1n: predbe\u017ene 450 Hry za\u010d\u00ednaj\u00fa, p\u00f4jde o \u017eivot Ka\u017ed\u00fdch sedem rokov sa za\u010d\u00edna Agon. Ako trest za d\u00e1vnu vzburu je dev\u00e4\u0165 gr\u00e9ckych bohov prin\u00faten\u00fdch chodi\u0165 po zemi v smrte\u013enej podobe, s\u00fa prenasledovan\u00ed potomkami d\u00e1vnych rodov, ktor\u00ed ba\u017eia po smrti bohov a chc\u00fa sa zmocni\u0165 ich moci a nesmrte\u013enosti. Lore Perseous utiekla z tohto krut\u00e9ho sveta po sadistickom vyvra\u017eden\u00ed svojej rodiny konkuren\u010dn\u00fdm rodom a obr\u00e1tila sa lovu na sl\u00e1vu chrbtom. Roky zah\u00e1\u0148ala ak\u00e9ko\u013evek my\u0161lienky na pomstu vo\u010di mu\u017eovi &#8211; teraz u\u017e bohovi &#8211; zodpovedn\u00e9mu za ich smr\u0165. Ke\u010f sa v\u0161ak v New Yorku za\u010dne kona\u0165 \u010fal\u0161\u00ed lov, dvaja jeho \u00fa\u010dastn\u00edci ju po\u017eiadaj\u00fa o pomoc: Castor, Lorein priate\u013e z detstva, ktor\u00e9ho pova\u017euj\u00fa za d\u00e1vno m\u0155tveho, a \u0165a\u017eko zranen\u00e1 At\u00e9na, jedna z posledn\u00fdch p\u00f4vodn\u00fdch bohov. Bohy\u0148a pon\u00faka spojenectvo proti ich spolo\u010dn\u00e9mu nepriate\u013eovi a kone\u010dne aj sp\u00f4sob, ako m\u00f4\u017ee Lore nav\u017edy vynecha\u0165 Agon zo svojho \u017eivota. Jej rozhodnutie spoji\u0165 svoj osud s At\u00e9nou a znovu sa zapoji\u0165 do lovu, v\u0161ak bude ma\u0165 svoju cenu &#8211; a nemus\u00ed sta\u010di\u0165 na zastavenie nov\u00e9ho boha, ktor\u00fd m\u00e1 moc zrazi\u0165 \u013eudstvo na kolen\u00e1.<\/p>\n","protected":false},"featured_media":3164,"comment_status":"open","ping_status":"closed","template":"","meta":[],"product_brand":[],"product_cat":[154],"product_tag":[166,164,174,165,172,175,173],"class_list":{"0":"post-3163","1":"product","2":"type-product","3":"status-publish","4":"has-post-thumbnail","6":"product_cat-knihy-2","7":"product_tag-alexandra-bracken","8":"product_tag-grecka-mytologia","9":"product_tag-hunger-games-a-percy-jackson-vibes","10":"product_tag-lore","11":"product_tag-meduza","12":"product_tag-no-spice","13":"product_tag-rody-hrdinov","14":"product_shipping_class-slovenska-posta","16":"first","17":"instock","18":"taxable","19":"shipping-taxable","20":"purchasable","21":"product-type-simple"},"wooqr_code":"1631882149_1339.png","_links":{"self":[{"href":"https:\/\/dotlacknih.sk\/index.php\/wp-json\/wp\/v2\/product\/3163","targetHints":{"allow":["GET"]}}],"collection":[{"href":"https:\/\/dotlacknih.sk\/index.php\/wp-json\/wp\/v2\/product"}],"about":[{"href":"https:\/\/dotlacknih.sk\/index.php\/wp-json\/wp\/v2\/types\/product"}],"replies":[{"embeddable":true,"href":"https:\/\/dotlacknih.sk\/index.php\/wp-json\/wp\/v2\/comments?post=3163"}],"wp:featuredmedia":[{"embeddable":true,"href":"https:\/\/dotlacknih.sk\/index.php\/wp-json\/wp\/v2\/media\/3164"}],"wp:attachment":[{"href":"https:\/\/dotlacknih.sk\/index.php\/wp-json\/wp\/v2\/media?parent=3163"}],"wp:term":[{"taxonomy":"product_brand","embeddable":true,"href":"https:\/\/dotlacknih.sk\/index.php\/wp-json\/wp\/v2\/product_brand?post=3163"},{"taxonomy":"product_cat","embeddable":true,"href":"https:\/\/dotlacknih.sk\/index.php\/wp-json\/wp\/v2\/product_cat?post=3163"},{"taxonomy":"product_tag","embeddable":true,"href":"https:\/\/dotlacknih.sk\/index.php\/wp-json\/wp\/v2\/product_tag?post=3163"}],"curies":[{"name":"wp","href":"https:\/\/api.w.org\/{rel}","templated":true}]}}