{"id":2520,"date":"2023-04-28T07:47:19","date_gmt":"2023-04-28T05:47:19","guid":{"rendered":"https:\/\/dotlacknih.sk\/?post_type=product&#038;p=2520"},"modified":"2026-01-28T14:19:12","modified_gmt":"2026-01-28T13:19:12","slug":"kosti-v-srdci-colleen-hoover","status":"publish","type":"product","link":"https:\/\/dotlacknih.sk\/index.php\/produkt\/kosti-v-srdci-colleen-hoover\/","title":{"rendered":"Kosti v srdci &#8211; Colleen Hoover"},"content":{"rendered":"<p>Vych\u00e1dza 22.5.2023<\/p>\n<p>po\u010det str\u00e1n: 270<\/p>\n<p>Len dva kr\u00e1tke mesiace delia Beyah od bud\u00facnosti, ktor\u00fa budovala, a pre\u010d od minulosti, ktor\u00fa chce z\u00fafalo necha\u0165 za sebou. Ne\u010dakan\u00e1 smr\u0165 sp\u00f4sob\u00ed, \u017ee Beyah nem\u00e1 po\u010das tohto obdobia kam \u00eds\u0165. Je n\u00faten\u00e1 siahnu\u0165 po poslednej mo\u017enosti, ktor\u00fa m\u00e1 a str\u00e1vi\u0165 zvy\u0161ok leta v Texase s otcom, ktor\u00e9ho sotva pozn\u00e1. Beyah m\u00e1 v pl\u00e1ne necha\u0165 leto len tak plyn\u00fa\u0165, ale jej nov\u00fd sused Samson jej ho prekaz\u00ed.<\/p>\n<p>Samson a Beyah nemaj\u00fa na prv\u00fd poh\u013ead ni\u010d spolo\u010dn\u00e9.<\/p>\n<p>Ona poch\u00e1dza z chudobn\u00e9ho a zanedban\u00e9ho prostredia, on z bohatej a privilegovanej rodiny. Jedno v\u0161ak maj\u00fa spolo\u010dn\u00e9: oboch pri\u0165ahuj\u00fa smutn\u00e9 veci. \u010co znamen\u00e1, \u017ee ich to za\u010dne pri\u0165ahova\u0165 k tomu druh\u00e9mu. V\u010faka takmer okam\u017eit\u00e9mu spojeniu, ktor\u00e9 je pr\u00edli\u0161 intenz\u00edvne na to, aby ho mohli \u010falej popiera\u0165, sa Beyah a Samson dohodn\u00fa, \u017ee zostan\u00fa v plytk\u00fdch vod\u00e1ch letn\u00e9ho flirtu. Beyah si v\u0161ak neuvedomuje, \u017ee sa bl\u00ed\u017ei pr\u00fad, ktor\u00fd jej srdce stiahne do mora.<\/p>\n<div class='qrcode'><img   src='https:\/\/api.qrserver.com\/v1\/create-qr-code\/?size=185x185&ecc=L&qzone=1&data=https%3A%2F%2Fdotlacknih.sk%2Findex.php%2Fprodukt%2Fkosti-v-srdci-colleen-hoover%2F' alt='Kosti v srdci &#8211; Colleen Hoover' \/><\/div>","protected":false},"excerpt":{"rendered":"<p>Vych\u00e1dza 22.5.2023 po\u010det str\u00e1n: 270 Len dva kr\u00e1tke mesiace delia Beyah od bud\u00facnosti, ktor\u00fa budovala, a pre\u010d od minulosti, ktor\u00fa chce z\u00fafalo necha\u0165 za sebou. Ne\u010dakan\u00e1 smr\u0165 sp\u00f4sob\u00ed, \u017ee Beyah nem\u00e1 po\u010das tohto obdobia kam \u00eds\u0165. Je n\u00faten\u00e1 siahnu\u0165 po poslednej mo\u017enosti, ktor\u00fa m\u00e1 a str\u00e1vi\u0165 zvy\u0161ok leta v Texase s otcom, ktor\u00e9ho sotva pozn\u00e1. Beyah m\u00e1 v pl\u00e1ne necha\u0165 leto len tak plyn\u00fa\u0165, ale jej nov\u00fd sused Samson jej ho prekaz\u00ed. Samson a Beyah nemaj\u00fa na prv\u00fd poh\u013ead ni\u010d spolo\u010dn\u00e9. Ona poch\u00e1dza z chudobn\u00e9ho a zanedban\u00e9ho prostredia, on z bohatej a privilegovanej rodiny. Jedno v\u0161ak maj\u00fa spolo\u010dn\u00e9: oboch pri\u0165ahuj\u00fa smutn\u00e9 veci. \u010co znamen\u00e1, \u017ee ich to za\u010dne pri\u0165ahova\u0165 k tomu druh\u00e9mu. V\u010faka takmer okam\u017eit\u00e9mu spojeniu, ktor\u00e9 je pr\u00edli\u0161 intenz\u00edvne na to, aby ho mohli \u010falej popiera\u0165, sa Beyah a Samson dohodn\u00fa, \u017ee zostan\u00fa v plytk\u00fdch vod\u00e1ch letn\u00e9ho flirtu. Beyah si v\u0161ak neuvedomuje, \u017ee sa bl\u00ed\u017ei pr\u00fad, ktor\u00fd jej srdce stiahne do mora.<\/p>\n","protected":false},"featured_media":2521,"comment_status":"open","ping_status":"closed","template":"","meta":[],"product_brand":[],"product_cat":[154],"product_tag":[107,199,198],"class_list":{"0":"post-2520","1":"product","2":"type-product","3":"status-publish","4":"has-post-thumbnail","6":"product_cat-knihy-2","7":"product_tag-colleen-hoover","8":"product_tag-heart-bones","9":"product_tag-kosti-v-srdci","10":"product_shipping_class-slovenska-posta","12":"first","13":"instock","14":"taxable","15":"shipping-taxable","16":"purchasable","17":"product-type-simple"},"wooqr_code":"1631882149_1339.png","_links":{"self":[{"href":"https:\/\/dotlacknih.sk\/index.php\/wp-json\/wp\/v2\/product\/2520","targetHints":{"allow":["GET"]}}],"collection":[{"href":"https:\/\/dotlacknih.sk\/index.php\/wp-json\/wp\/v2\/product"}],"about":[{"href":"https:\/\/dotlacknih.sk\/index.php\/wp-json\/wp\/v2\/types\/product"}],"replies":[{"embeddable":true,"href":"https:\/\/dotlacknih.sk\/index.php\/wp-json\/wp\/v2\/comments?post=2520"}],"wp:featuredmedia":[{"embeddable":true,"href":"https:\/\/dotlacknih.sk\/index.php\/wp-json\/wp\/v2\/media\/2521"}],"wp:attachment":[{"href":"https:\/\/dotlacknih.sk\/index.php\/wp-json\/wp\/v2\/media?parent=2520"}],"wp:term":[{"taxonomy":"product_brand","embeddable":true,"href":"https:\/\/dotlacknih.sk\/index.php\/wp-json\/wp\/v2\/product_brand?post=2520"},{"taxonomy":"product_cat","embeddable":true,"href":"https:\/\/dotlacknih.sk\/index.php\/wp-json\/wp\/v2\/product_cat?post=2520"},{"taxonomy":"product_tag","embeddable":true,"href":"https:\/\/dotlacknih.sk\/index.php\/wp-json\/wp\/v2\/product_tag?post=2520"}],"curies":[{"name":"wp","href":"https:\/\/api.w.org\/{rel}","templated":true}]}}