{"id":2391,"date":"2023-02-16T17:06:18","date_gmt":"2023-02-16T16:06:18","guid":{"rendered":"https:\/\/dotlacknih.sk\/?post_type=product&#038;p=2391"},"modified":"2026-03-31T05:26:54","modified_gmt":"2026-03-31T03:26:54","slug":"zmluva-snov-lauren-asher","status":"publish","type":"product","link":"https:\/\/dotlacknih.sk\/index.php\/produkt\/zmluva-snov-lauren-asher\/","title":{"rendered":"Zmluva snov &#8211; Lauren Asher"},"content":{"rendered":"<p>Druh\u00fd diel tril\u00f3gie Dreamland.<\/p>\n<p>Vych\u00e1dza 23.3.2023<\/p>\n<p>Pr\u00edbeh o troch bratoch, vnukoch zakladate\u013ea z\u00e1bavn\u00e9ho parku Dreamland. Ke\u010f star\u00fd otec zomrie, ka\u017ed\u00e9mu z vnukov zanech\u00e1 podiel v miliardovej spolo\u010dnosti&#8230; za ist\u00fdch podmienok, ktor\u00e9 musia splni\u0165. <\/p>\n<p>Declan sa mus\u00ed o\u017eeni\u0165 a splodi\u0165 dedi\u010da. Po tom, \u010do pred n\u00edm ute\u010die jedin\u00e1 ochotn\u00e1 z\u00e1ujemky\u0148a, situ\u00e1ciu sa rozhodne zachr\u00e1ni\u0165 jeho asistentka Iris. Mus\u00ed len pre\u017ei\u0165 tri roky man\u017eelstva, ale nieko\u013eko stoviek mili\u00f3nov by jej malo bohato vynahradi\u0165 man\u017eelstvo s chladn\u00fdm Declanom a oplodnenie in vitro \u013eahko vyrie\u0161i aj probl\u00e9m s die\u0165a\u0165om.<br \/>\nStanovia si pravidl\u00e1, ktor\u00e9 nesm\u00fa za \u017eiadnych okolnost\u00ed prekro\u010di\u0165. Pred verejnos\u0165ou v\u0161ak musia predstiera\u0165, \u017ee s\u00fa do seba zamilovan\u00ed. \u010co sa v\u0161ak stane, ke\u010f za\u010dn\u00fa c\u00edti\u0165, \u017ee ich to k sebe pri\u0165ahuje \u010doraz viac a man\u017eelstvo na papieri za\u010dne dost\u00e1va\u0165 trhliny?<\/p>\n<p>V\u00e4zba: pevn\u00e1 bez prebalu<\/p>\n<p>Po\u010det str\u00e1n: 368<\/p>\n<div class='qrcode'><img   src='https:\/\/api.qrserver.com\/v1\/create-qr-code\/?size=185x185&ecc=L&qzone=1&data=https%3A%2F%2Fdotlacknih.sk%2Findex.php%2Fprodukt%2Fzmluva-snov-lauren-asher%2F' alt='Zmluva snov &#8211; Lauren Asher' \/><\/div>","protected":false},"excerpt":{"rendered":"<p>Druh\u00fd diel tril\u00f3gie Dreamland. Vych\u00e1dza 23.3.2023 Pr\u00edbeh o troch bratoch, vnukoch zakladate\u013ea z\u00e1bavn\u00e9ho parku Dreamland. Ke\u010f star\u00fd otec zomrie, ka\u017ed\u00e9mu z vnukov zanech\u00e1 podiel v miliardovej spolo\u010dnosti&#8230; za ist\u00fdch podmienok, ktor\u00e9 musia splni\u0165. Declan sa mus\u00ed o\u017eeni\u0165 a splodi\u0165 dedi\u010da. Po tom, \u010do pred n\u00edm ute\u010die jedin\u00e1 ochotn\u00e1 z\u00e1ujemky\u0148a, situ\u00e1ciu sa rozhodne zachr\u00e1ni\u0165 jeho asistentka Iris. Mus\u00ed len pre\u017ei\u0165 tri roky man\u017eelstva, ale nieko\u013eko stoviek mili\u00f3nov by jej malo bohato vynahradi\u0165 man\u017eelstvo s chladn\u00fdm Declanom a oplodnenie in vitro \u013eahko vyrie\u0161i aj probl\u00e9m s die\u0165a\u0165om. Stanovia si pravidl\u00e1, ktor\u00e9 nesm\u00fa za \u017eiadnych okolnost\u00ed prekro\u010di\u0165. Pred verejnos\u0165ou v\u0161ak musia predstiera\u0165, \u017ee s\u00fa do seba zamilovan\u00ed. \u010co sa v\u0161ak stane, ke\u010f za\u010dn\u00fa c\u00edti\u0165, \u017ee ich to k sebe pri\u0165ahuje \u010doraz viac a man\u017eelstvo na papieri za\u010dne dost\u00e1va\u0165 trhliny? V\u00e4zba: pevn\u00e1 bez prebalu Po\u010det str\u00e1n: 368<\/p>\n","protected":false},"featured_media":2393,"comment_status":"open","ping_status":"closed","template":"","meta":[],"product_brand":[],"product_cat":[154],"product_tag":[97,96,100,101,98],"class_list":{"0":"post-2391","1":"product","2":"type-product","3":"status-publish","4":"has-post-thumbnail","6":"product_cat-knihy-2","7":"product_tag-lauren-asher","8":"product_tag-projekt-snov","9":"product_tag-rowan-kane","10":"product_tag-zahra-gullian","11":"product_tag-zmluva-snov","12":"product_shipping_class-slovenska-posta","14":"first","15":"outofstock","16":"taxable","17":"shipping-taxable","18":"purchasable","19":"product-type-simple"},"wooqr_code":"1631882149_1339.png","_links":{"self":[{"href":"https:\/\/dotlacknih.sk\/index.php\/wp-json\/wp\/v2\/product\/2391","targetHints":{"allow":["GET"]}}],"collection":[{"href":"https:\/\/dotlacknih.sk\/index.php\/wp-json\/wp\/v2\/product"}],"about":[{"href":"https:\/\/dotlacknih.sk\/index.php\/wp-json\/wp\/v2\/types\/product"}],"replies":[{"embeddable":true,"href":"https:\/\/dotlacknih.sk\/index.php\/wp-json\/wp\/v2\/comments?post=2391"}],"wp:featuredmedia":[{"embeddable":true,"href":"https:\/\/dotlacknih.sk\/index.php\/wp-json\/wp\/v2\/media\/2393"}],"wp:attachment":[{"href":"https:\/\/dotlacknih.sk\/index.php\/wp-json\/wp\/v2\/media?parent=2391"}],"wp:term":[{"taxonomy":"product_brand","embeddable":true,"href":"https:\/\/dotlacknih.sk\/index.php\/wp-json\/wp\/v2\/product_brand?post=2391"},{"taxonomy":"product_cat","embeddable":true,"href":"https:\/\/dotlacknih.sk\/index.php\/wp-json\/wp\/v2\/product_cat?post=2391"},{"taxonomy":"product_tag","embeddable":true,"href":"https:\/\/dotlacknih.sk\/index.php\/wp-json\/wp\/v2\/product_tag?post=2391"}],"curies":[{"name":"wp","href":"https:\/\/api.w.org\/{rel}","templated":true}]}}