{"id":2217,"date":"2022-10-19T18:51:41","date_gmt":"2022-10-19T16:51:41","guid":{"rendered":"https:\/\/dotlacknih.sk\/?post_type=product&#038;p=2217"},"modified":"2025-01-26T11:19:11","modified_gmt":"2025-01-26T10:19:11","slug":"krystal-sutherland-zmiznutie-sestier-hollowovych","status":"publish","type":"product","link":"https:\/\/dotlacknih.sk\/index.php\/produkt\/krystal-sutherland-zmiznutie-sestier-hollowovych\/","title":{"rendered":"Krystal Sutherland &#8211; Zmiznutie sestier Hollowov\u00fdch"},"content":{"rendered":"<p>Vych\u00e1dza 18.11.2022<\/p>\n<p>Krystal Sutherland &#8211; Zmiznutie sestier Hollowov\u00fdch<br \/>\npo\u010det str\u00e1n: 256<br \/>\nv\u00e4zba: pevn\u00e1 bez prebalu<br \/>\nISBN: 978-80-8247-063-8<\/p>\n<p>Iris Hollowov\u00e1 bola v\u017edy zvl\u00e1\u0161tna. Ke\u010f bola ona a jej sestry mal\u00e9, na mesiac zmizli a stalo sa im<br \/>\nnie\u010do, \u010do si presne nepam\u00e4taj\u00fa, ale zanechalo to na hrdle ka\u017edej z nich jazvu v tvare polmesiaca,<br \/>\nvlasy im zbeleli a o\u010di s\u010derneli.<br \/>\nIris sa pov\u00e4\u010d\u0161ine sna\u017e\u00ed vyh\u00fdba\u0165 probl\u00e9mom a spr\u00e1va\u0165 sa nen\u00e1padne, na rozdiel od svojich sestier<br \/>\nGrey a Vivi, ale ke\u010f najstar\u0161ia Grey op\u00e4\u0165 z\u00e1hadne zmizne, v jej \u017eivote sa za\u010dn\u00fa objavova\u0165 \u010dudn\u00e9<br \/>\nveci. Medzi in\u00fdmi aj mu\u017e s b\u00fd\u010dou lebkou na hlave a krvav\u00fdmi runami na trupe, ktor\u00e9ho v\u00f4\u0148a jej<br \/>\npripom\u00edna nie\u010do zn\u00e1me. Iris v snahe vyp\u00e1tra\u0165 Grey prich\u00e1dza na to, \u017ee jedin\u00fd sp\u00f4sob, ako<br \/>\nzachr\u00e1ni\u0165 svoju sestru, je rozl\u00fa\u0161ti\u0165 z\u00e1hadu toho, \u010do sa im prihodilo ako de\u0165om.<br \/>\n\u010c\u00edm bli\u017e\u0161ie k pravde sa Iris dost\u00e1va, t\u00fdm je jej jasnej\u0161ie, \u017ee to nie\u010do ukryt\u00e9 za z\u00e1hadou ich<br \/>\nzmiznutia je temn\u00e9 a nebezpe\u010dn\u00e9, a \u017ee jej sestra pred \u0148ou po cel\u00e9 tie roky nie\u010do skr\u00fdvala.<\/p>\n<div class='qrcode'><img   src='https:\/\/api.qrserver.com\/v1\/create-qr-code\/?size=185x185&ecc=L&qzone=1&data=https%3A%2F%2Fdotlacknih.sk%2Findex.php%2Fprodukt%2Fkrystal-sutherland-zmiznutie-sestier-hollowovych%2F' alt='Krystal Sutherland &#8211; Zmiznutie sestier Hollowov\u00fdch' \/><\/div>","protected":false},"excerpt":{"rendered":"<p>Vych\u00e1dza 18.11.2022 Krystal Sutherland &#8211; Zmiznutie sestier Hollowov\u00fdch po\u010det str\u00e1n: 256 v\u00e4zba: pevn\u00e1 bez prebalu ISBN: 978-80-8247-063-8 Iris Hollowov\u00e1 bola v\u017edy zvl\u00e1\u0161tna. Ke\u010f bola ona a jej sestry mal\u00e9, na mesiac zmizli a stalo sa im nie\u010do, \u010do si presne nepam\u00e4taj\u00fa, ale zanechalo to na hrdle ka\u017edej z nich jazvu v tvare polmesiaca, vlasy im zbeleli a o\u010di s\u010derneli. Iris sa pov\u00e4\u010d\u0161ine sna\u017e\u00ed vyh\u00fdba\u0165 probl\u00e9mom a spr\u00e1va\u0165 sa nen\u00e1padne, na rozdiel od svojich sestier Grey a Vivi, ale ke\u010f najstar\u0161ia Grey op\u00e4\u0165 z\u00e1hadne zmizne, v jej \u017eivote sa za\u010dn\u00fa objavova\u0165 \u010dudn\u00e9 veci. Medzi in\u00fdmi aj mu\u017e s b\u00fd\u010dou lebkou na hlave a krvav\u00fdmi runami na trupe, ktor\u00e9ho v\u00f4\u0148a jej pripom\u00edna nie\u010do zn\u00e1me. Iris v snahe vyp\u00e1tra\u0165 Grey prich\u00e1dza na to, \u017ee jedin\u00fd sp\u00f4sob, ako zachr\u00e1ni\u0165 svoju sestru, je rozl\u00fa\u0161ti\u0165 z\u00e1hadu toho, \u010do sa im prihodilo ako de\u0165om. \u010c\u00edm bli\u017e\u0161ie k pravde sa Iris dost\u00e1va, t\u00fdm je jej jasnej\u0161ie, \u017ee to nie\u010do ukryt\u00e9 za z\u00e1hadou ich zmiznutia je temn\u00e9 a nebezpe\u010dn\u00e9, a \u017ee jej sestra pred \u0148ou po cel\u00e9 tie roky nie\u010do skr\u00fdvala.<\/p>\n","protected":false},"featured_media":2218,"comment_status":"open","ping_status":"closed","template":"","meta":[],"product_brand":[],"product_cat":[154],"product_tag":[106,105,152,104,153],"class_list":{"0":"post-2217","1":"product","2":"type-product","3":"status-publish","4":"has-post-thumbnail","6":"product_cat-knihy-2","7":"product_tag-dark-vibes","8":"product_tag-hollow","9":"product_tag-house-of-hollow","10":"product_tag-krystal-sutherland","11":"product_tag-zmiznutie-sestier-hollowovych","12":"product_shipping_class-slovenska-posta","14":"first","15":"instock","16":"taxable","17":"shipping-taxable","18":"purchasable","19":"product-type-simple"},"wooqr_code":"1631882149_1339.png","_links":{"self":[{"href":"https:\/\/dotlacknih.sk\/index.php\/wp-json\/wp\/v2\/product\/2217","targetHints":{"allow":["GET"]}}],"collection":[{"href":"https:\/\/dotlacknih.sk\/index.php\/wp-json\/wp\/v2\/product"}],"about":[{"href":"https:\/\/dotlacknih.sk\/index.php\/wp-json\/wp\/v2\/types\/product"}],"replies":[{"embeddable":true,"href":"https:\/\/dotlacknih.sk\/index.php\/wp-json\/wp\/v2\/comments?post=2217"}],"wp:featuredmedia":[{"embeddable":true,"href":"https:\/\/dotlacknih.sk\/index.php\/wp-json\/wp\/v2\/media\/2218"}],"wp:attachment":[{"href":"https:\/\/dotlacknih.sk\/index.php\/wp-json\/wp\/v2\/media?parent=2217"}],"wp:term":[{"taxonomy":"product_brand","embeddable":true,"href":"https:\/\/dotlacknih.sk\/index.php\/wp-json\/wp\/v2\/product_brand?post=2217"},{"taxonomy":"product_cat","embeddable":true,"href":"https:\/\/dotlacknih.sk\/index.php\/wp-json\/wp\/v2\/product_cat?post=2217"},{"taxonomy":"product_tag","embeddable":true,"href":"https:\/\/dotlacknih.sk\/index.php\/wp-json\/wp\/v2\/product_tag?post=2217"}],"curies":[{"name":"wp","href":"https:\/\/api.w.org\/{rel}","templated":true}]}}