{"id":2064,"date":"2022-08-25T12:29:24","date_gmt":"2022-08-25T10:29:24","guid":{"rendered":"https:\/\/dotlacknih.sk\/?post_type=product&#038;p=2064"},"modified":"2026-01-28T14:20:24","modified_gmt":"2026-01-28T13:20:24","slug":"twisted-love-bezpodmienecna-laska-ana-huang","status":"publish","type":"product","link":"https:\/\/dotlacknih.sk\/index.php\/produkt\/twisted-love-bezpodmienecna-laska-ana-huang\/","title":{"rendered":"Twisted Love: Bezpodmiene\u010dn\u00e1 l\u00e1ska &#8211; Ana Huang"},"content":{"rendered":"<p>po\u010det str\u00e1n: 336<\/p>\n<p>1.diel \u0161tvordielnej s\u00e9rie Twisted<\/p>\n<p>Alex Volkov je diabol s tv\u00e1rou anjela, prekliaty minulos\u0165ou, ktorej sa ned\u00e1 unikn\u00fa\u0165. Trag\u00e9dia, ktor\u00e1 ho prenasleduje cel\u00fd \u017eivot, z neho spravila \u010dloveka \u017een\u00faceho sa za \u00faspechom a pomstou. V jeho vn\u00fatornom svete niet miesta pre l\u00e1sku. Jedn\u00e9ho d\u0148a ho osud prin\u00fati d\u00e1va\u0165 pozor na sestru svojho najlep\u0161ieho priate\u013ea a jeho tvrd\u00e9 vn\u00fatro za\u010d\u00edna praska\u0165, tavi\u0165 sa&#8230; Zachv\u00e1ti ho po\u017eiar, ni\u010diaci m\u00fary, ktor\u00e9 si okolo seba vytvoril&#8230;<\/p>\n<p>Ava Chen je slobodn\u00e1 du\u0161a, ktor\u00e1 \u017eije v zajat\u00ed no\u010dn\u00fdch m\u00f4r z detstva. Napriek svojej hroznej minulosti nikdy neprestala vn\u00edma\u0165 kr\u00e1su okolo seba&#8230; vid\u00ed ju aj v srdci, ukrytom pod \u013eadov\u00fdm povrchom mu\u017ea, ktor\u00e9ho by nemala chcie\u0165.<\/p>\n<p>Je najlep\u0161\u00ed priate\u013e jej brata.<br \/>\nJe jej sused.<br \/>\nJe jej z\u00e1chranou a p\u00e1dom z\u00e1rove\u0148.<\/p>\n<p>Toto sa nemalo nikdy sta\u0165. Ale stalo sa a prin\u00e1\u0161a to odhalenia tajomstiev, ktor\u00e9 m\u00f4\u017eu zni\u010di\u0165 nielen ich dvoch, ale aj v\u0161etko, \u010do im je drah\u00e9.<\/p>\n<div class='qrcode'><img   src='https:\/\/api.qrserver.com\/v1\/create-qr-code\/?size=185x185&ecc=L&qzone=1&data=https%3A%2F%2Fdotlacknih.sk%2Findex.php%2Fprodukt%2Ftwisted-love-bezpodmienecna-laska-ana-huang%2F' alt='Twisted Love: Bezpodmiene\u010dn\u00e1 l\u00e1ska &#8211; Ana Huang' \/><\/div>","protected":false},"excerpt":{"rendered":"<p>po\u010det str\u00e1n: 336 1.diel \u0161tvordielnej s\u00e9rie Twisted Alex Volkov je diabol s tv\u00e1rou anjela, prekliaty minulos\u0165ou, ktorej sa ned\u00e1 unikn\u00fa\u0165. Trag\u00e9dia, ktor\u00e1 ho prenasleduje cel\u00fd \u017eivot, z neho spravila \u010dloveka \u017een\u00faceho sa za \u00faspechom a pomstou. V jeho vn\u00fatornom svete niet miesta pre l\u00e1sku. Jedn\u00e9ho d\u0148a ho osud prin\u00fati d\u00e1va\u0165 pozor na sestru svojho najlep\u0161ieho priate\u013ea a jeho tvrd\u00e9 vn\u00fatro za\u010d\u00edna praska\u0165, tavi\u0165 sa&#8230; Zachv\u00e1ti ho po\u017eiar, ni\u010diaci m\u00fary, ktor\u00e9 si okolo seba vytvoril&#8230; Ava Chen je slobodn\u00e1 du\u0161a, ktor\u00e1 \u017eije v zajat\u00ed no\u010dn\u00fdch m\u00f4r z detstva. Napriek svojej hroznej minulosti nikdy neprestala vn\u00edma\u0165 kr\u00e1su okolo seba&#8230; vid\u00ed ju aj v srdci, ukrytom pod \u013eadov\u00fdm povrchom mu\u017ea, ktor\u00e9ho by nemala chcie\u0165. Je najlep\u0161\u00ed priate\u013e jej brata. Je jej sused. Je jej z\u00e1chranou a p\u00e1dom z\u00e1rove\u0148. Toto sa nemalo nikdy sta\u0165. Ale stalo sa a prin\u00e1\u0161a to odhalenia tajomstiev, ktor\u00e9 m\u00f4\u017eu zni\u010di\u0165 nielen ich dvoch, ale aj v\u0161etko, \u010do im je drah\u00e9.<\/p>\n","protected":false},"featured_media":2065,"comment_status":"open","ping_status":"closed","template":"","meta":[],"product_brand":[],"product_cat":[154],"product_tag":[83,80,84,82,81,79],"class_list":{"0":"post-2064","1":"product","2":"type-product","3":"status-publish","4":"has-post-thumbnail","6":"product_cat-knihy-2","7":"product_tag-alex-volkov","8":"product_tag-ana-huang","9":"product_tag-ava-chen","10":"product_tag-dark-romance","11":"product_tag-twisted","12":"product_tag-twisted-love","13":"product_shipping_class-slovenska-posta","15":"first","16":"instock","17":"taxable","18":"shipping-taxable","19":"purchasable","20":"product-type-simple"},"wooqr_code":"1631882149_1339.png","_links":{"self":[{"href":"https:\/\/dotlacknih.sk\/index.php\/wp-json\/wp\/v2\/product\/2064","targetHints":{"allow":["GET"]}}],"collection":[{"href":"https:\/\/dotlacknih.sk\/index.php\/wp-json\/wp\/v2\/product"}],"about":[{"href":"https:\/\/dotlacknih.sk\/index.php\/wp-json\/wp\/v2\/types\/product"}],"replies":[{"embeddable":true,"href":"https:\/\/dotlacknih.sk\/index.php\/wp-json\/wp\/v2\/comments?post=2064"}],"wp:featuredmedia":[{"embeddable":true,"href":"https:\/\/dotlacknih.sk\/index.php\/wp-json\/wp\/v2\/media\/2065"}],"wp:attachment":[{"href":"https:\/\/dotlacknih.sk\/index.php\/wp-json\/wp\/v2\/media?parent=2064"}],"wp:term":[{"taxonomy":"product_brand","embeddable":true,"href":"https:\/\/dotlacknih.sk\/index.php\/wp-json\/wp\/v2\/product_brand?post=2064"},{"taxonomy":"product_cat","embeddable":true,"href":"https:\/\/dotlacknih.sk\/index.php\/wp-json\/wp\/v2\/product_cat?post=2064"},{"taxonomy":"product_tag","embeddable":true,"href":"https:\/\/dotlacknih.sk\/index.php\/wp-json\/wp\/v2\/product_tag?post=2064"}],"curies":[{"name":"wp","href":"https:\/\/api.w.org\/{rel}","templated":true}]}}