{"id":2024,"date":"2022-08-01T18:27:48","date_gmt":"2022-08-01T16:27:48","guid":{"rendered":"https:\/\/dotlacknih.sk\/?post_type=product&#038;p=2024"},"modified":"2025-01-26T11:19:37","modified_gmt":"2025-01-26T10:19:37","slug":"stalo-sa-v-lete-tessa-bailey","status":"publish","type":"product","link":"https:\/\/dotlacknih.sk\/index.php\/produkt\/stalo-sa-v-lete-tessa-bailey\/","title":{"rendered":"Stalo sa v lete &#8211; Tessa Bailey"},"content":{"rendered":"<p>Tessa Bailey &#8211; Stalo sa v lete<\/p>\n<p>po\u010det str\u00e1n: 352<\/p>\n<p>Piper Bellinger poch\u00e1dza z bohatej rodiny a v\u017edy m\u00e1 za p\u00e4tami mno\u017estvo novin\u00e1rov. Ke\u010f to v\u0161ak jedn\u00e9ho d\u0148a pre\u017eenie a skon\u010d\u00ed vo v\u00e4zen\u00ed, poh\u00e1r trpezlivosti jej nevlastn\u00e9ho otca prete\u010die. Po\u0161le ju do Westportu, kde na ka\u017edom kroku stret\u00e1va kapit\u00e1na Brendana, ktor\u00fd si mysl\u00ed, \u017ee mimo Beverly Hills nepre\u017eije ani p\u00e4\u0165 min\u00fat. Piper je v\u0161ak rozhodnut\u00e1, \u017ee nevlastn\u00e9mu otcovi dok\u00e1\u017ee, \u017ee nem\u00e1 len kr\u00e1snu tv\u00e1r, ale vie sa postara\u0165 aj sama o seba.<\/p>\n<p>ISBN: 978-80-8247-035-5<\/p>\n<div class='qrcode'><img   src='https:\/\/api.qrserver.com\/v1\/create-qr-code\/?size=185x185&ecc=L&qzone=1&data=https%3A%2F%2Fdotlacknih.sk%2Findex.php%2Fprodukt%2Fstalo-sa-v-lete-tessa-bailey%2F' alt='Stalo sa v lete &#8211; Tessa Bailey' \/><\/div>","protected":false},"excerpt":{"rendered":"<p>Tessa Bailey &#8211; Stalo sa v lete po\u010det str\u00e1n: 352 Piper Bellinger poch\u00e1dza z bohatej rodiny a v\u017edy m\u00e1 za p\u00e4tami mno\u017estvo novin\u00e1rov. Ke\u010f to v\u0161ak jedn\u00e9ho d\u0148a pre\u017eenie a skon\u010d\u00ed vo v\u00e4zen\u00ed, poh\u00e1r trpezlivosti jej nevlastn\u00e9ho otca prete\u010die. Po\u0161le ju do Westportu, kde na ka\u017edom kroku stret\u00e1va kapit\u00e1na Brendana, ktor\u00fd si mysl\u00ed, \u017ee mimo Beverly Hills nepre\u017eije ani p\u00e4\u0165 min\u00fat. Piper je v\u0161ak rozhodnut\u00e1, \u017ee nevlastn\u00e9mu otcovi dok\u00e1\u017ee, \u017ee nem\u00e1 len kr\u00e1snu tv\u00e1r, ale vie sa postara\u0165 aj sama o seba. ISBN: 978-80-8247-035-5<\/p>\n","protected":false},"featured_media":2025,"comment_status":"open","ping_status":"closed","template":"","meta":[],"product_brand":[],"product_cat":[154],"product_tag":[121,119,123,122,120,117,118],"class_list":{"0":"post-2024","1":"product","2":"type-product","3":"status-publish","4":"has-post-thumbnail","6":"product_cat-knihy-2","7":"product_tag-brendan-taggart","8":"product_tag-it-happened-one-summer","9":"product_tag-lahke-citanie","10":"product_tag-letna-romanca","11":"product_tag-piper-bellinger","12":"product_tag-stalo-sa-v-lete","13":"product_tag-tessa-bailey","14":"product_shipping_class-slovenska-posta","16":"first","17":"instock","18":"taxable","19":"shipping-taxable","20":"purchasable","21":"product-type-simple"},"wooqr_code":"1631882149_1339.png","_links":{"self":[{"href":"https:\/\/dotlacknih.sk\/index.php\/wp-json\/wp\/v2\/product\/2024","targetHints":{"allow":["GET"]}}],"collection":[{"href":"https:\/\/dotlacknih.sk\/index.php\/wp-json\/wp\/v2\/product"}],"about":[{"href":"https:\/\/dotlacknih.sk\/index.php\/wp-json\/wp\/v2\/types\/product"}],"replies":[{"embeddable":true,"href":"https:\/\/dotlacknih.sk\/index.php\/wp-json\/wp\/v2\/comments?post=2024"}],"wp:featuredmedia":[{"embeddable":true,"href":"https:\/\/dotlacknih.sk\/index.php\/wp-json\/wp\/v2\/media\/2025"}],"wp:attachment":[{"href":"https:\/\/dotlacknih.sk\/index.php\/wp-json\/wp\/v2\/media?parent=2024"}],"wp:term":[{"taxonomy":"product_brand","embeddable":true,"href":"https:\/\/dotlacknih.sk\/index.php\/wp-json\/wp\/v2\/product_brand?post=2024"},{"taxonomy":"product_cat","embeddable":true,"href":"https:\/\/dotlacknih.sk\/index.php\/wp-json\/wp\/v2\/product_cat?post=2024"},{"taxonomy":"product_tag","embeddable":true,"href":"https:\/\/dotlacknih.sk\/index.php\/wp-json\/wp\/v2\/product_tag?post=2024"}],"curies":[{"name":"wp","href":"https:\/\/api.w.org\/{rel}","templated":true}]}}