{"id":1974,"date":"2022-06-05T07:42:40","date_gmt":"2022-06-05T05:42:40","guid":{"rendered":"https:\/\/dotlacknih.sk\/?post_type=product&#038;p=1974"},"modified":"2026-01-28T14:21:01","modified_gmt":"2026-01-28T13:21:01","slug":"na-ceste-k-sobasu-julia-quinnova-2","status":"publish","type":"product","link":"https:\/\/dotlacknih.sk\/index.php\/produkt\/na-ceste-k-sobasu-julia-quinnova-2\/","title":{"rendered":"Na ceste k sob\u00e1\u0161u &#8211; Julia Quinnov\u00e1"},"content":{"rendered":"<p>Vych\u00e1dza: 1. j\u00fan 2022<\/p>\n<p>po\u010det str\u00e1n: 320<\/p>\n<p>Gregory Bridgerton, na rozdiel od v\u00e4\u010d\u0161iny svojich zn\u00e1mych, ver\u00ed v prav\u00fa l\u00e1sku. Je presved\u010den\u00fd, \u017ee ke\u010f natraf\u00ed na \u017eenu svojich snov, bude vedie\u0165, \u017ee je to t\u00e1 prav\u00e1. A ur\u010dite na \u0148u natraf\u00ed. A\u017e na to, \u017ee&#8230; Bola zamilovan\u00e1 do in\u00e9ho. Najlep\u0161ia priate\u013eka \u00fachvatnej sle\u010dny Hermiony Watsonovej, v\u017edy vecn\u00e1 lady Lucinda Abernathyov\u00e1, sa pon\u00fakne, \u017ee ju Gregorymu pom\u00f4\u017ee z\u00edska\u0165. Lucy sa v\u0161ak zamiluje. Do Gregoryho!<\/p>\n<p>A\u017e na to, \u017ee&#8230; Lucy je zasn\u00faben\u00e1. A jej str\u00fdko nechce, aby zo zasn\u00fabenia vyc\u00favala, ani ke\u010f sa Gregory spam\u00e4t\u00e1 a uvedom\u00ed si, \u017ee pr\u00e1ve Lucy, so svoj\u00edm d\u00f4vtipom a slne\u010dn\u00fdm \u00fasmevom, mu rozb\u00fachala srdce. A tak mus\u00ed Gregory riskova\u0165 v\u0161etko, aby v momente, ke\u010f nad\u00edde \u010das pobozka\u0165 nevestu, bol pri olt\u00e1ri ten, \u010do ju pobozk\u00e1&#8230;<\/p>\n<div class='qrcode'><img   src='https:\/\/api.qrserver.com\/v1\/create-qr-code\/?size=185x185&ecc=L&qzone=1&data=https%3A%2F%2Fdotlacknih.sk%2Findex.php%2Fprodukt%2Fna-ceste-k-sobasu-julia-quinnova-2%2F' alt='Na ceste k sob\u00e1\u0161u &#8211; Julia Quinnov\u00e1' \/><\/div>","protected":false},"excerpt":{"rendered":"<p>Vych\u00e1dza: 1. j\u00fan 2022 po\u010det str\u00e1n: 320 Gregory Bridgerton, na rozdiel od v\u00e4\u010d\u0161iny svojich zn\u00e1mych, ver\u00ed v prav\u00fa l\u00e1sku. Je presved\u010den\u00fd, \u017ee ke\u010f natraf\u00ed na \u017eenu svojich snov, bude vedie\u0165, \u017ee je to t\u00e1 prav\u00e1. A ur\u010dite na \u0148u natraf\u00ed. A\u017e na to, \u017ee&#8230; Bola zamilovan\u00e1 do in\u00e9ho. Najlep\u0161ia priate\u013eka \u00fachvatnej sle\u010dny Hermiony Watsonovej, v\u017edy vecn\u00e1 lady Lucinda Abernathyov\u00e1, sa pon\u00fakne, \u017ee ju Gregorymu pom\u00f4\u017ee z\u00edska\u0165. Lucy sa v\u0161ak zamiluje. Do Gregoryho! A\u017e na to, \u017ee&#8230; Lucy je zasn\u00faben\u00e1. A jej str\u00fdko nechce, aby zo zasn\u00fabenia vyc\u00favala, ani ke\u010f sa Gregory spam\u00e4t\u00e1 a uvedom\u00ed si, \u017ee pr\u00e1ve Lucy, so svoj\u00edm d\u00f4vtipom a slne\u010dn\u00fdm \u00fasmevom, mu rozb\u00fachala srdce. A tak mus\u00ed Gregory riskova\u0165 v\u0161etko, aby v momente, ke\u010f nad\u00edde \u010das pobozka\u0165 nevestu, bol pri olt\u00e1ri ten, \u010do ju pobozk\u00e1&#8230;<\/p>\n","protected":false},"featured_media":1885,"comment_status":"open","ping_status":"closed","template":"","meta":[],"product_brand":[],"product_cat":[113],"product_tag":[68,33,35,78,66,76,77],"class_list":{"0":"post-1974","1":"product","2":"type-product","3":"status-publish","4":"has-post-thumbnail","6":"product_cat-bridgerton","7":"product_tag-bridgerton","8":"product_tag-dotlac-knih","9":"product_tag-historicka-romantika","10":"product_tag-julia-quinn","11":"product_tag-julia-quinnova","12":"product_tag-na-ceste-k-sobasu","13":"product_tag-on-the-way-to-the-wedding","14":"product_shipping_class-slovenska-posta","16":"first","17":"instock","18":"taxable","19":"shipping-taxable","20":"purchasable","21":"product-type-simple"},"wooqr_code":"1631882149_1339.png","_links":{"self":[{"href":"https:\/\/dotlacknih.sk\/index.php\/wp-json\/wp\/v2\/product\/1974","targetHints":{"allow":["GET"]}}],"collection":[{"href":"https:\/\/dotlacknih.sk\/index.php\/wp-json\/wp\/v2\/product"}],"about":[{"href":"https:\/\/dotlacknih.sk\/index.php\/wp-json\/wp\/v2\/types\/product"}],"replies":[{"embeddable":true,"href":"https:\/\/dotlacknih.sk\/index.php\/wp-json\/wp\/v2\/comments?post=1974"}],"wp:featuredmedia":[{"embeddable":true,"href":"https:\/\/dotlacknih.sk\/index.php\/wp-json\/wp\/v2\/media\/1885"}],"wp:attachment":[{"href":"https:\/\/dotlacknih.sk\/index.php\/wp-json\/wp\/v2\/media?parent=1974"}],"wp:term":[{"taxonomy":"product_brand","embeddable":true,"href":"https:\/\/dotlacknih.sk\/index.php\/wp-json\/wp\/v2\/product_brand?post=1974"},{"taxonomy":"product_cat","embeddable":true,"href":"https:\/\/dotlacknih.sk\/index.php\/wp-json\/wp\/v2\/product_cat?post=1974"},{"taxonomy":"product_tag","embeddable":true,"href":"https:\/\/dotlacknih.sk\/index.php\/wp-json\/wp\/v2\/product_tag?post=1974"}],"curies":[{"name":"wp","href":"https:\/\/api.w.org\/{rel}","templated":true}]}}