{"id":1634,"date":"2022-03-20T20:37:42","date_gmt":"2022-03-20T19:37:42","guid":{"rendered":"https:\/\/dotlacknih.sk\/?post_type=product&#038;p=1634"},"modified":"2026-01-28T14:21:49","modified_gmt":"2026-01-28T13:21:49","slug":"kralovstvohriesnych","status":"publish","type":"product","link":"https:\/\/dotlacknih.sk\/index.php\/produkt\/kralovstvohriesnych\/","title":{"rendered":"Kerri Maniscalco &#8211; Kr\u00e1\u013eovstvo Hrie\u0161nych (1.diel)"},"content":{"rendered":"<p><b>Dve sestry. Jedna brut\u00e1lna vra\u017eda. Cesta za odplatou, ktor\u00e1 rozp\u00fata peklo.<\/b><\/p>\n<p>Emilia a jej dvoj\u010da Vittoria s\u00fa streghe \u2013 \u010darodejnice, ktor\u00e9 \u017eij\u00fa potajomky medzi \u013eu\u010fmi a vyh\u00fdbaj\u00fa sa tomu, aby vzbudili pozornos\u0165. Jedn\u00e9ho d\u0148a v\u0161ak Vittoria nepr\u00edde na ve\u010deru do zn\u00e1mej sic\u00edlskej re\u0161taur\u00e1cie. Emilia \u010doskoro n\u00e1jde zohaven\u00e9 telo svojho milovan\u00e9ho dvoj\u010da\u0165a. Zni\u010den\u00e1 Emilia sa vyd\u00e1 h\u013eada\u0165 sestrinho vraha, ktor\u00e9mu sa chce pomsti\u0165 za ka\u017ed\u00fa cenu, aj keby to malo znamena\u0165 pou\u017eitie zak\u00e1zanej temnej m\u00e1gie.<\/p>\n<p>Emilia sa zozn\u00e1mi s jedn\u00fdm z pekeln\u00fdch princov, pred ktor\u00fdm ju varovali u\u017e v detstve. Ten tvrd\u00ed, \u017ee je na jej strane a bol poveren\u00fd svoj\u00edm p\u00e1nom, aby vyrie\u0161il s\u00e9riu vr\u00e1\u017ed na ostrove. Ak v\u0161ak ide o princov z pekla, ni\u010d nie je tak\u00e9 ako sa zd\u00e1&#8230;<\/p>\n<p>V\u00e4zba: pevn\u00e1 bez prebalu<\/p>\n<p>Verzia bez oriezky (obr\u00e1zku na hran\u00e1ch knihy)<\/p>\n<p>Po\u010det str\u00e1n: 320<\/p>\n<p>ISBN: 978-80-8247-011-9<\/p>\n<div class='qrcode'><img   src='https:\/\/api.qrserver.com\/v1\/create-qr-code\/?size=185x185&ecc=L&qzone=1&data=https%3A%2F%2Fdotlacknih.sk%2Findex.php%2Fprodukt%2Fkralovstvohriesnych%2F' alt='Kerri Maniscalco &#8211; Kr\u00e1\u013eovstvo Hrie\u0161nych (1.diel)' \/><\/div>","protected":false},"excerpt":{"rendered":"<p>Dve sestry. Jedna brut\u00e1lna vra\u017eda. Cesta za odplatou, ktor\u00e1 rozp\u00fata peklo. Emilia a jej dvoj\u010da Vittoria s\u00fa streghe \u2013 \u010darodejnice, ktor\u00e9 \u017eij\u00fa potajomky medzi \u013eu\u010fmi a vyh\u00fdbaj\u00fa sa tomu, aby vzbudili pozornos\u0165. Jedn\u00e9ho d\u0148a v\u0161ak Vittoria nepr\u00edde na ve\u010deru do zn\u00e1mej sic\u00edlskej re\u0161taur\u00e1cie. Emilia \u010doskoro n\u00e1jde zohaven\u00e9 telo svojho milovan\u00e9ho dvoj\u010da\u0165a. Zni\u010den\u00e1 Emilia sa vyd\u00e1 h\u013eada\u0165 sestrinho vraha, ktor\u00e9mu sa chce pomsti\u0165 za ka\u017ed\u00fa cenu, aj keby to malo znamena\u0165 pou\u017eitie zak\u00e1zanej temnej m\u00e1gie. Emilia sa zozn\u00e1mi s jedn\u00fdm z pekeln\u00fdch princov, pred ktor\u00fdm ju varovali u\u017e v detstve. Ten tvrd\u00ed, \u017ee je na jej strane a bol poveren\u00fd svoj\u00edm p\u00e1nom, aby vyrie\u0161il s\u00e9riu vr\u00e1\u017ed na ostrove. Ak v\u0161ak ide o princov z pekla, ni\u010d nie je tak\u00e9 ako sa zd\u00e1&#8230; V\u00e4zba: pevn\u00e1 bez prebalu Verzia bez oriezky (obr\u00e1zku na hran\u00e1ch knihy) Po\u010det str\u00e1n: 320 ISBN: 978-80-8247-011-9<\/p>\n","protected":false},"featured_media":1635,"comment_status":"open","ping_status":"closed","template":"","meta":[],"product_brand":[],"product_cat":[154],"product_tag":[129,73,74,128,132,131,130],"class_list":{"0":"post-1634","1":"product","2":"type-product","3":"status-publish","4":"has-post-thumbnail","6":"product_cat-knihy-2","7":"product_tag-emilia-di-carlo","8":"product_tag-kerri-maniscalco","9":"product_tag-kingdom-of-the-wicked","10":"product_tag-kralovsstvo-hriesnych","11":"product_tag-princovia-pekla","12":"product_tag-sedem-hriechov","13":"product_tag-wrath","14":"product_shipping_class-slovenska-posta","16":"first","17":"instock","18":"taxable","19":"shipping-taxable","20":"purchasable","21":"product-type-simple"},"wooqr_code":"1631882149_1339.png","_links":{"self":[{"href":"https:\/\/dotlacknih.sk\/index.php\/wp-json\/wp\/v2\/product\/1634","targetHints":{"allow":["GET"]}}],"collection":[{"href":"https:\/\/dotlacknih.sk\/index.php\/wp-json\/wp\/v2\/product"}],"about":[{"href":"https:\/\/dotlacknih.sk\/index.php\/wp-json\/wp\/v2\/types\/product"}],"replies":[{"embeddable":true,"href":"https:\/\/dotlacknih.sk\/index.php\/wp-json\/wp\/v2\/comments?post=1634"}],"wp:featuredmedia":[{"embeddable":true,"href":"https:\/\/dotlacknih.sk\/index.php\/wp-json\/wp\/v2\/media\/1635"}],"wp:attachment":[{"href":"https:\/\/dotlacknih.sk\/index.php\/wp-json\/wp\/v2\/media?parent=1634"}],"wp:term":[{"taxonomy":"product_brand","embeddable":true,"href":"https:\/\/dotlacknih.sk\/index.php\/wp-json\/wp\/v2\/product_brand?post=1634"},{"taxonomy":"product_cat","embeddable":true,"href":"https:\/\/dotlacknih.sk\/index.php\/wp-json\/wp\/v2\/product_cat?post=1634"},{"taxonomy":"product_tag","embeddable":true,"href":"https:\/\/dotlacknih.sk\/index.php\/wp-json\/wp\/v2\/product_tag?post=1634"}],"curies":[{"name":"wp","href":"https:\/\/api.w.org\/{rel}","templated":true}]}}