{"id":1629,"date":"2022-03-20T20:31:07","date_gmt":"2022-03-20T19:31:07","guid":{"rendered":"https:\/\/dotlacknih.sk\/?post_type=product&#038;p=1629"},"modified":"2026-01-28T14:22:03","modified_gmt":"2026-01-28T13:22:03","slug":"projekt-snov-lauren-asher","status":"publish","type":"product","link":"https:\/\/dotlacknih.sk\/index.php\/produkt\/projekt-snov-lauren-asher\/","title":{"rendered":"Projekt snov &#8211; Lauren Asher"},"content":{"rendered":"<p>Prv\u00fd diel tril\u00f3gie Dreamland.<\/p>\n<p>Vych\u00e1dza 31.3.2022<\/p>\n<p>Pr\u00edbeh o troch bratoch, vnukoch zakladate\u013ea z\u00e1bavn\u00e9ho parku Dreamland. Ke\u010f star\u00fd otec zomrie, ka\u017ed\u00e9mu z vnukov zanech\u00e1 podiel v miliardovej spolo\u010dnosti&#8230; za ist\u00fdch podmienok, ktor\u00e9 musia splni\u0165. Rowan mus\u00ed pred radou firmy predstavi\u0165 pl\u00e1n, v\u010faka ktor\u00e9mu sa park zrenovuje a potom sa chce vo svojom \u017eivote pohn\u00fa\u0165 \u010falej. Ner\u00e1ta s t\u00fdm, \u017ee stretne Zahru, ktor\u00e1 je jeho presn\u00fdm opakom. Ke\u010f sa dostane do jeho t\u00edmu v\u010faka tomu, \u017ee v opitosti omylom po\u0161le n\u00e1vrh, v ktorom kritizuje najdrah\u0161iu atrakciu, ak\u00fa park m\u00e1, rozto\u010d\u00ed t\u00fdm koloto\u010d, ktor\u00fd zmen\u00ed jej, aj Rowanov \u017eivot. Nau\u010d\u00ed ho, \u017ee peniaze nie s\u00fa v\u0161etko?<\/p>\n<p>V\u00e4zba: pevn\u00e1 bez prebalu<\/p>\n<p>Po\u010det str\u00e1n: 320<\/p>\n<p>ISBN: 978-80-8247-019-5<\/p>\n<div class='qrcode'><img   src='https:\/\/api.qrserver.com\/v1\/create-qr-code\/?size=185x185&ecc=L&qzone=1&data=https%3A%2F%2Fdotlacknih.sk%2Findex.php%2Fprodukt%2Fprojekt-snov-lauren-asher%2F' alt='Projekt snov &#8211; Lauren Asher' \/><\/div>","protected":false},"excerpt":{"rendered":"<p>Prv\u00fd diel tril\u00f3gie Dreamland. Vych\u00e1dza 31.3.2022 Pr\u00edbeh o troch bratoch, vnukoch zakladate\u013ea z\u00e1bavn\u00e9ho parku Dreamland. Ke\u010f star\u00fd otec zomrie, ka\u017ed\u00e9mu z vnukov zanech\u00e1 podiel v miliardovej spolo\u010dnosti&#8230; za ist\u00fdch podmienok, ktor\u00e9 musia splni\u0165. Rowan mus\u00ed pred radou firmy predstavi\u0165 pl\u00e1n, v\u010faka ktor\u00e9mu sa park zrenovuje a potom sa chce vo svojom \u017eivote pohn\u00fa\u0165 \u010falej. Ner\u00e1ta s t\u00fdm, \u017ee stretne Zahru, ktor\u00e1 je jeho presn\u00fdm opakom. Ke\u010f sa dostane do jeho t\u00edmu v\u010faka tomu, \u017ee v opitosti omylom po\u0161le n\u00e1vrh, v ktorom kritizuje najdrah\u0161iu atrakciu, ak\u00fa park m\u00e1, rozto\u010d\u00ed t\u00fdm koloto\u010d, ktor\u00fd zmen\u00ed jej, aj Rowanov \u017eivot. Nau\u010d\u00ed ho, \u017ee peniaze nie s\u00fa v\u0161etko? V\u00e4zba: pevn\u00e1 bez prebalu Po\u010det str\u00e1n: 320 ISBN: 978-80-8247-019-5<\/p>\n","protected":false},"featured_media":1630,"comment_status":"open","ping_status":"closed","template":"","meta":[],"product_brand":[],"product_cat":[154],"product_tag":[99,133,97,96,100,101],"class_list":{"0":"post-1629","1":"product","2":"type-product","3":"status-publish","4":"has-post-thumbnail","6":"product_cat-knihy-2","7":"product_tag-dreamland","8":"product_tag-fine-print","9":"product_tag-lauren-asher","10":"product_tag-projekt-snov","11":"product_tag-rowan-kane","12":"product_tag-zahra-gullian","13":"product_shipping_class-slovenska-posta","15":"first","16":"instock","17":"taxable","18":"shipping-taxable","19":"purchasable","20":"product-type-simple"},"wooqr_code":"1631882149_1339.png","_links":{"self":[{"href":"https:\/\/dotlacknih.sk\/index.php\/wp-json\/wp\/v2\/product\/1629","targetHints":{"allow":["GET"]}}],"collection":[{"href":"https:\/\/dotlacknih.sk\/index.php\/wp-json\/wp\/v2\/product"}],"about":[{"href":"https:\/\/dotlacknih.sk\/index.php\/wp-json\/wp\/v2\/types\/product"}],"replies":[{"embeddable":true,"href":"https:\/\/dotlacknih.sk\/index.php\/wp-json\/wp\/v2\/comments?post=1629"}],"wp:featuredmedia":[{"embeddable":true,"href":"https:\/\/dotlacknih.sk\/index.php\/wp-json\/wp\/v2\/media\/1630"}],"wp:attachment":[{"href":"https:\/\/dotlacknih.sk\/index.php\/wp-json\/wp\/v2\/media?parent=1629"}],"wp:term":[{"taxonomy":"product_brand","embeddable":true,"href":"https:\/\/dotlacknih.sk\/index.php\/wp-json\/wp\/v2\/product_brand?post=1629"},{"taxonomy":"product_cat","embeddable":true,"href":"https:\/\/dotlacknih.sk\/index.php\/wp-json\/wp\/v2\/product_cat?post=1629"},{"taxonomy":"product_tag","embeddable":true,"href":"https:\/\/dotlacknih.sk\/index.php\/wp-json\/wp\/v2\/product_tag?post=1629"}],"curies":[{"name":"wp","href":"https:\/\/api.w.org\/{rel}","templated":true}]}}