{"id":1410,"date":"2021-10-06T09:41:07","date_gmt":"2021-10-06T07:41:07","guid":{"rendered":"https:\/\/dotlacknih.sk\/?post_type=product&#038;p=1410"},"modified":"2026-01-28T14:22:36","modified_gmt":"2026-01-28T13:22:36","slug":"deborah-lerme-goodman-zeusov-tron-seria-vyber-si-svoje-dobrodruzstvo","status":"publish","type":"product","link":"https:\/\/dotlacknih.sk\/index.php\/produkt\/deborah-lerme-goodman-zeusov-tron-seria-vyber-si-svoje-dobrodruzstvo\/","title":{"rendered":"Deborah Lerme Goodman &#8211; Zeusov tr\u00f3n (S\u00e9ria Vyber si svoje dobrodru\u017estvo)"},"content":{"rendered":"<p>Deborah Lerme Goodman: Zeusov tr\u00f3n<\/p>\n<p>S\u00e9ria Vyber si svoje dobrodru\u017estvo predstavuje interakt\u00edvne knihy, v ktor\u00fdch sa \u010ditate\u013e rozhoduje, \u010do bude nasledova\u0165 v deji a vyber\u00e1 si svoju cestu.<br \/>\nZeusov tr\u00f3n od Deborah Lerme Goodman v\u00e1s zoberie na cestu v \u010dase, kde budete h\u013eada\u0165 gr\u00e9ckeho boha Zeusa.<br \/>\nHlavnou postavou si ty a tvoji rodi\u010dia s\u00fa archeol\u00f3govia, ktor\u00ed veria, \u017ee sa im podarilo objavi\u0165 b\u00e1jny Zeusov tr\u00f3n \u2013 ale nemaj\u00fa na to dostatok d\u00f4kazov! Po\u010das slnovratu \u0165a bohy\u0148a At\u00e9na po\u0161le na cestu v \u010dase do antick\u00e9ho Gr\u00e9cka, aby si na\u0161iel d\u00f4kaz! Pri p\u00e1tran\u00ed po Zeusovi sa prelet\u00ed\u0161 s Ikarom, bude\u0161 bojova\u0165 s minotaurom alebo si vymen\u00ed\u0161 miesto s Hermom? Popr\u00edpade sa prid\u00e1\u0161 k Herkulovi, bude\u0161 zbiera\u0165 mu\u0161le pre Poseid\u00f3na alebo sa zahr\u00e1\u0161 s trojhlav\u00fdm psom Kerberom?<\/p>\n<p>Origin\u00e1lny n\u00e1zov: The throne of Zeus<br \/>\ns\u00e9ria: Vyber si svoje dobrodru\u017estvo<br \/>\nV\u00e4zba: m\u00e4kk\u00e1 (paperback)<br \/>\nISBN: 978-80-8247-001-0<br \/>\nPreklad: Lenka Martinkov\u00e1<br \/>\nD\u00e1tum vydania: 31.10.2021<br \/>\ncena: 6,95 eur<\/p>\n<div class='qrcode'><img   src='https:\/\/api.qrserver.com\/v1\/create-qr-code\/?size=185x185&ecc=L&qzone=1&data=https%3A%2F%2Fdotlacknih.sk%2Findex.php%2Fprodukt%2Fdeborah-lerme-goodman-zeusov-tron-seria-vyber-si-svoje-dobrodruzstvo%2F' alt='Deborah Lerme Goodman &#8211; Zeusov tr\u00f3n (S\u00e9ria Vyber si svoje dobrodru\u017estvo)' \/><\/div>","protected":false},"excerpt":{"rendered":"<p>Deborah Lerme Goodman: Zeusov tr\u00f3n S\u00e9ria Vyber si svoje dobrodru\u017estvo predstavuje interakt\u00edvne knihy, v ktor\u00fdch sa \u010ditate\u013e rozhoduje, \u010do bude nasledova\u0165 v deji a vyber\u00e1 si svoju cestu. Zeusov tr\u00f3n od Deborah Lerme Goodman v\u00e1s zoberie na cestu v \u010dase, kde budete h\u013eada\u0165 gr\u00e9ckeho boha Zeusa. Hlavnou postavou si ty a tvoji rodi\u010dia s\u00fa archeol\u00f3govia, ktor\u00ed veria, \u017ee sa im podarilo objavi\u0165 b\u00e1jny Zeusov tr\u00f3n \u2013 ale nemaj\u00fa na to dostatok d\u00f4kazov! Po\u010das slnovratu \u0165a bohy\u0148a At\u00e9na po\u0161le na cestu v \u010dase do antick\u00e9ho Gr\u00e9cka, aby si na\u0161iel d\u00f4kaz! Pri p\u00e1tran\u00ed po Zeusovi sa prelet\u00ed\u0161 s Ikarom, bude\u0161 bojova\u0165 s minotaurom alebo si vymen\u00ed\u0161 miesto s Hermom? Popr\u00edpade sa prid\u00e1\u0161 k Herkulovi, bude\u0161 zbiera\u0165 mu\u0161le pre Poseid\u00f3na alebo sa zahr\u00e1\u0161 s trojhlav\u00fdm psom Kerberom? Origin\u00e1lny n\u00e1zov: The throne of Zeus s\u00e9ria: Vyber si svoje dobrodru\u017estvo V\u00e4zba: m\u00e4kk\u00e1 (paperback) ISBN: 978-80-8247-001-0 Preklad: Lenka Martinkov\u00e1 D\u00e1tum vydania: 31.10.2021 cena: 6,95 eur<\/p>\n","protected":false},"featured_media":1411,"comment_status":"open","ping_status":"closed","template":"","meta":[],"product_brand":[],"product_cat":[15],"product_tag":[],"class_list":{"0":"post-1410","1":"product","2":"type-product","3":"status-publish","4":"has-post-thumbnail","6":"product_cat-nezaradene","7":"product_shipping_class-slovenska-posta","9":"first","10":"instock","11":"taxable","12":"shipping-taxable","13":"purchasable","14":"product-type-simple"},"wooqr_code":"1633506067_1410.png","_links":{"self":[{"href":"https:\/\/dotlacknih.sk\/index.php\/wp-json\/wp\/v2\/product\/1410","targetHints":{"allow":["GET"]}}],"collection":[{"href":"https:\/\/dotlacknih.sk\/index.php\/wp-json\/wp\/v2\/product"}],"about":[{"href":"https:\/\/dotlacknih.sk\/index.php\/wp-json\/wp\/v2\/types\/product"}],"replies":[{"embeddable":true,"href":"https:\/\/dotlacknih.sk\/index.php\/wp-json\/wp\/v2\/comments?post=1410"}],"wp:featuredmedia":[{"embeddable":true,"href":"https:\/\/dotlacknih.sk\/index.php\/wp-json\/wp\/v2\/media\/1411"}],"wp:attachment":[{"href":"https:\/\/dotlacknih.sk\/index.php\/wp-json\/wp\/v2\/media?parent=1410"}],"wp:term":[{"taxonomy":"product_brand","embeddable":true,"href":"https:\/\/dotlacknih.sk\/index.php\/wp-json\/wp\/v2\/product_brand?post=1410"},{"taxonomy":"product_cat","embeddable":true,"href":"https:\/\/dotlacknih.sk\/index.php\/wp-json\/wp\/v2\/product_cat?post=1410"},{"taxonomy":"product_tag","embeddable":true,"href":"https:\/\/dotlacknih.sk\/index.php\/wp-json\/wp\/v2\/product_tag?post=1410"}],"curies":[{"name":"wp","href":"https:\/\/api.w.org\/{rel}","templated":true}]}}