{"id":1404,"date":"2021-10-06T09:35:42","date_gmt":"2021-10-06T07:35:42","guid":{"rendered":"https:\/\/dotlacknih.sk\/?post_type=product&#038;p=1404"},"modified":"2026-01-28T14:38:15","modified_gmt":"2026-01-28T13:38:15","slug":"deborah-lerme-goodman-caro-jednorozca-seria-vyber-si-svoje-dobrodruzstvo","status":"publish","type":"product","link":"https:\/\/dotlacknih.sk\/index.php\/produkt\/deborah-lerme-goodman-caro-jednorozca-seria-vyber-si-svoje-dobrodruzstvo\/","title":{"rendered":"Deborah Lerme Goodman &#8211; \u010caro jednoro\u017eca (S\u00e9ria Vyber si svoje dobrodru\u017estvo)"},"content":{"rendered":"<p>Titul: \u010caro jednoro\u017eca<br \/>\nOrogin\u00e1lny n\u00e1zov: The Magic of Unicorn<br \/>\nAutor: Deborah Lerme Goodman<br \/>\nrok vydania: 2021<br \/>\npo\u010det str\u00e1n: 144<br \/>\nISBN:978-80-8247-002-7<br \/>\nv\u00e4zba: paperback<br \/>\ncena: 6,95 eur<\/p>\n<p>Vych\u00e1dza: 31.10.2021<\/p>\n<p>Anot\u00e1cia:<br \/>\nJe rok 1507. Si stato\u010dn\u00e9 a \u0161ikovn\u00e9 fl\u00e1mske diev\u010da, ktor\u00e9 sa pok\u00fa\u0161a zachr\u00e1ni\u0165 \u017eivot vo svojej dedine a tak p\u00e1tra po rohu jednoro\u017eca. Sna\u017e\u00ed\u0161 sa vyl\u00fa\u0161ti\u0165 h\u00e1danku, v\u010faka ktorej by si sa k nemu mohla dosta\u0165. Pou\u017eije\u0161 \u010darovn\u00fa sie\u0165 a chyt\u00ed\u0161 do nej jednoro\u017eca? Pom\u00f4\u017ee ti \u010darodejnica? Alebo ti sp\u00f4sob\u00ed e\u0161te v\u00e4\u010d\u0161ie probl\u00e9my? Nau\u010d\u00ed\u0161 sa rad\u0161ej tka\u0165 koberce a tak zachr\u00e1ni\u0161 dedinu? Alebo sa postav\u00ed\u0161 zo\u010di vo\u010di nahnevan\u00e9mu strig\u00f4\u0148ovi? Ktor\u00e1 cesta bude t\u00e1 spr\u00e1vna? Je len na tebe, \u010do si zvol\u00ed\u0161 a \u010di bude tvoja cesta \u00faspe\u0161n\u00e1.<\/p>\n<div class='qrcode'><img   src='https:\/\/api.qrserver.com\/v1\/create-qr-code\/?size=185x185&ecc=L&qzone=1&data=https%3A%2F%2Fdotlacknih.sk%2Findex.php%2Fprodukt%2Fdeborah-lerme-goodman-caro-jednorozca-seria-vyber-si-svoje-dobrodruzstvo%2F' alt='Deborah Lerme Goodman &#8211; \u010caro jednoro\u017eca (S\u00e9ria Vyber si svoje dobrodru\u017estvo)' \/><\/div>","protected":false},"excerpt":{"rendered":"<p>Titul: \u010caro jednoro\u017eca Orogin\u00e1lny n\u00e1zov: The Magic of Unicorn Autor: Deborah Lerme Goodman rok vydania: 2021 po\u010det str\u00e1n: 144 ISBN:978-80-8247-002-7 v\u00e4zba: paperback cena: 6,95 eur Vych\u00e1dza: 31.10.2021 Anot\u00e1cia: Je rok 1507. Si stato\u010dn\u00e9 a \u0161ikovn\u00e9 fl\u00e1mske diev\u010da, ktor\u00e9 sa pok\u00fa\u0161a zachr\u00e1ni\u0165 \u017eivot vo svojej dedine a tak p\u00e1tra po rohu jednoro\u017eca. Sna\u017e\u00ed\u0161 sa vyl\u00fa\u0161ti\u0165 h\u00e1danku, v\u010faka ktorej by si sa k nemu mohla dosta\u0165. Pou\u017eije\u0161 \u010darovn\u00fa sie\u0165 a chyt\u00ed\u0161 do nej jednoro\u017eca? Pom\u00f4\u017ee ti \u010darodejnica? Alebo ti sp\u00f4sob\u00ed e\u0161te v\u00e4\u010d\u0161ie probl\u00e9my? Nau\u010d\u00ed\u0161 sa rad\u0161ej tka\u0165 koberce a tak zachr\u00e1ni\u0161 dedinu? Alebo sa postav\u00ed\u0161 zo\u010di vo\u010di nahnevan\u00e9mu strig\u00f4\u0148ovi? Ktor\u00e1 cesta bude t\u00e1 spr\u00e1vna? Je len na tebe, \u010do si zvol\u00ed\u0161 a \u010di bude tvoja cesta \u00faspe\u0161n\u00e1.<\/p>\n","protected":false},"featured_media":1405,"comment_status":"open","ping_status":"closed","template":"","meta":[],"product_brand":[],"product_cat":[15],"product_tag":[],"class_list":{"0":"post-1404","1":"product","2":"type-product","3":"status-publish","4":"has-post-thumbnail","6":"product_cat-nezaradene","7":"product_shipping_class-slovenska-posta","9":"first","10":"instock","11":"taxable","12":"shipping-taxable","13":"purchasable","14":"product-type-simple"},"wooqr_code":"1633505742_1404.png","_links":{"self":[{"href":"https:\/\/dotlacknih.sk\/index.php\/wp-json\/wp\/v2\/product\/1404","targetHints":{"allow":["GET"]}}],"collection":[{"href":"https:\/\/dotlacknih.sk\/index.php\/wp-json\/wp\/v2\/product"}],"about":[{"href":"https:\/\/dotlacknih.sk\/index.php\/wp-json\/wp\/v2\/types\/product"}],"replies":[{"embeddable":true,"href":"https:\/\/dotlacknih.sk\/index.php\/wp-json\/wp\/v2\/comments?post=1404"}],"wp:featuredmedia":[{"embeddable":true,"href":"https:\/\/dotlacknih.sk\/index.php\/wp-json\/wp\/v2\/media\/1405"}],"wp:attachment":[{"href":"https:\/\/dotlacknih.sk\/index.php\/wp-json\/wp\/v2\/media?parent=1404"}],"wp:term":[{"taxonomy":"product_brand","embeddable":true,"href":"https:\/\/dotlacknih.sk\/index.php\/wp-json\/wp\/v2\/product_brand?post=1404"},{"taxonomy":"product_cat","embeddable":true,"href":"https:\/\/dotlacknih.sk\/index.php\/wp-json\/wp\/v2\/product_cat?post=1404"},{"taxonomy":"product_tag","embeddable":true,"href":"https:\/\/dotlacknih.sk\/index.php\/wp-json\/wp\/v2\/product_tag?post=1404"}],"curies":[{"name":"wp","href":"https:\/\/api.w.org\/{rel}","templated":true}]}}