{"id":1339,"date":"2021-09-18T11:09:49","date_gmt":"2021-09-18T09:09:49","guid":{"rendered":"https:\/\/dotlacknih.sk\/?post_type=product&#038;p=1339"},"modified":"2026-03-23T12:16:09","modified_gmt":"2026-03-23T11:16:09","slug":"s-laskou-eloise-julia-quinnova","status":"publish","type":"product","link":"https:\/\/dotlacknih.sk\/index.php\/produkt\/s-laskou-eloise-julia-quinnova\/","title":{"rendered":"S l\u00e1skou Eloise &#8211; Julia Quinnov\u00e1 (skladom 20.4.2026)"},"content":{"rendered":"<p><strong>Piaty pr\u00edbeh zo s\u00e9rie Bridgerton &#8211; S l\u00e1skou Eloise<\/strong><\/p>\n<p>Skladom op\u00e4\u0165 19.3.2026. Posielame po naskladnen\u00ed.<\/p>\n<p>Sir Phillip Crane nadvia\u017ee s\u00a0Eloise Bridgertonovou netradi\u010dn\u00fd vz\u0165ah pln\u00fd slov na listovom papieri. Vyzer\u00e1 to tak, \u017ee Eloise je star\u00e1 dievka, ktor\u00e1 bude ur\u010dite nen\u00e1padn\u00e1, poddajn\u00e1 a\u00a0ur\u010dite bude z\u00fafalo t\u00fa\u017ei\u0165 po man\u017eelstve. Tak jej ho navrhne. Pred jeho dverami sa v\u0161ak objav\u00ed \u017eena, ktor\u00e1 je stelesnen\u00edm v\u0161etk\u00e9ho mo\u017en\u00e9ho, len nie pokojnej d\u00e1my&#8230;<\/p>\n<p>Eloise Bridgertonov\u00e1 prem\u00fd\u0161\u013ea, \u010di je naozaj tak\u00fdm bl\u00e1znom, ktor\u00fd uprostred noci nasadne na dro\u017eku a\u00a0uh\u00e1\u0148a do nezn\u00e1ma. Vyzeralo to tak, \u017ee na konci jej bezhlavej cesty bude mu\u017e, ktor\u00e9ho si s\u00a0rados\u0165ou vezme za mu\u017ea. Nie je. Je v\u0161etko in\u00e9, len nie mu\u017e, ktor\u00fd by aspo\u0148 z\u010faleka pripom\u00ednal lond\u00fdnskych gentlemanov, \u010do ju \u017eiadali o\u00a0ruku. A\u00a0aby toho nebolo m\u00e1lo, je tu jedna skuto\u010dnos\u0165, ktor\u00fa jej zaml\u010dal&#8230;<\/p>\n<p>V\u00e4zba: pevn\u00e1 bez prebalu<\/p>\n<p>Po\u010det str\u00e1n: 256<\/p>\n<p>ISBN: 978-80-973971-5-9<\/p>\n<div class='qrcode'><img   src='https:\/\/api.qrserver.com\/v1\/create-qr-code\/?size=185x185&ecc=L&qzone=1&data=https%3A%2F%2Fdotlacknih.sk%2Findex.php%2Fprodukt%2Fs-laskou-eloise-julia-quinnova%2F' alt='S l\u00e1skou Eloise &#8211; Julia Quinnov\u00e1 (skladom 20.4.2026)' \/><\/div>","protected":false},"excerpt":{"rendered":"<p>Piaty pr\u00edbeh zo s\u00e9rie Bridgerton &#8211; S l\u00e1skou Eloise Skladom op\u00e4\u0165 19.3.2026. Posielame po naskladnen\u00ed. Sir Phillip Crane nadvia\u017ee s\u00a0Eloise Bridgertonovou netradi\u010dn\u00fd vz\u0165ah pln\u00fd slov na listovom papieri. Vyzer\u00e1 to tak, \u017ee Eloise je star\u00e1 dievka, ktor\u00e1 bude ur\u010dite nen\u00e1padn\u00e1, poddajn\u00e1 a\u00a0ur\u010dite bude z\u00fafalo t\u00fa\u017ei\u0165 po man\u017eelstve. Tak jej ho navrhne. Pred jeho dverami sa v\u0161ak objav\u00ed \u017eena, ktor\u00e1 je stelesnen\u00edm v\u0161etk\u00e9ho mo\u017en\u00e9ho, len nie pokojnej d\u00e1my&#8230; Eloise Bridgertonov\u00e1 prem\u00fd\u0161\u013ea, \u010di je naozaj tak\u00fdm bl\u00e1znom, ktor\u00fd uprostred noci nasadne na dro\u017eku a\u00a0uh\u00e1\u0148a do nezn\u00e1ma. Vyzeralo to tak, \u017ee na konci jej bezhlavej cesty bude mu\u017e, ktor\u00e9ho si s\u00a0rados\u0165ou vezme za mu\u017ea. Nie je. Je v\u0161etko in\u00e9, len nie mu\u017e, ktor\u00fd by aspo\u0148 z\u010faleka pripom\u00ednal lond\u00fdnskych gentlemanov, \u010do ju \u017eiadali o\u00a0ruku. A\u00a0aby toho nebolo m\u00e1lo, je tu jedna skuto\u010dnos\u0165, ktor\u00fa jej zaml\u010dal&#8230; V\u00e4zba: pevn\u00e1 bez prebalu Po\u010det str\u00e1n: 256 ISBN: 978-80-973971-5-9<\/p>\n","protected":false},"featured_media":1340,"comment_status":"open","ping_status":"closed","template":"","meta":[],"product_brand":[],"product_cat":[113],"product_tag":[68,71,33,35,66,70,69],"class_list":{"0":"post-1339","1":"product","2":"type-product","3":"status-publish","4":"has-post-thumbnail","6":"product_cat-bridgerton","7":"product_tag-bridgerton","8":"product_tag-colin-bridgerton","9":"product_tag-dotlac-knih","10":"product_tag-historicka-romantika","11":"product_tag-julia-quinnova","12":"product_tag-romancing-mr-bridgerton","13":"product_tag-romanticky-pan-bridgerton","14":"product_shipping_class-slovenska-posta","16":"first","17":"onbackorder","18":"taxable","19":"shipping-taxable","20":"purchasable","21":"product-type-simple"},"wooqr_code":"1631882149_1339.png","_links":{"self":[{"href":"https:\/\/dotlacknih.sk\/index.php\/wp-json\/wp\/v2\/product\/1339","targetHints":{"allow":["GET"]}}],"collection":[{"href":"https:\/\/dotlacknih.sk\/index.php\/wp-json\/wp\/v2\/product"}],"about":[{"href":"https:\/\/dotlacknih.sk\/index.php\/wp-json\/wp\/v2\/types\/product"}],"replies":[{"embeddable":true,"href":"https:\/\/dotlacknih.sk\/index.php\/wp-json\/wp\/v2\/comments?post=1339"}],"wp:featuredmedia":[{"embeddable":true,"href":"https:\/\/dotlacknih.sk\/index.php\/wp-json\/wp\/v2\/media\/1340"}],"wp:attachment":[{"href":"https:\/\/dotlacknih.sk\/index.php\/wp-json\/wp\/v2\/media?parent=1339"}],"wp:term":[{"taxonomy":"product_brand","embeddable":true,"href":"https:\/\/dotlacknih.sk\/index.php\/wp-json\/wp\/v2\/product_brand?post=1339"},{"taxonomy":"product_cat","embeddable":true,"href":"https:\/\/dotlacknih.sk\/index.php\/wp-json\/wp\/v2\/product_cat?post=1339"},{"taxonomy":"product_tag","embeddable":true,"href":"https:\/\/dotlacknih.sk\/index.php\/wp-json\/wp\/v2\/product_tag?post=1339"}],"curies":[{"name":"wp","href":"https:\/\/api.w.org\/{rel}","templated":true}]}}