{"id":1142,"date":"2021-05-23T09:33:31","date_gmt":"2021-05-23T07:33:31","guid":{"rendered":"https:\/\/dotlacknih.sk\/?post_type=product&#038;p=1142"},"modified":"2026-03-23T09:18:58","modified_gmt":"2026-03-23T08:18:58","slug":"nevhodny-navrh-3-julia-quinnova","status":"publish","type":"product","link":"https:\/\/dotlacknih.sk\/index.php\/produkt\/nevhodny-navrh-3-julia-quinnova\/","title":{"rendered":"Nevhodn\u00fd n\u00e1vrh- Julia Quinnov\u00e1"},"content":{"rendered":"<p>Tret\u00ed diel s\u00e9rie o rodine Bridgertonovcov.<\/p>\n<p>Benedict Bridgerton, druh\u00fd najstar\u0161\u00ed brat Bridgertonovcov, po\u010das ma\u0161karn\u00e9ho plesu svojej matky stretne d\u00e1mu, ktor\u00e1 ho o\u010dar\u00ed a\u017e tak, \u017ee na \u0148u nem\u00f4\u017ee presta\u0165 myslie\u0165. Nepozn\u00e1 jej meno a tie\u017e nikdy nevidel jej tv\u00e1r. Jeho Popolu\u0161ka m\u00e1 v\u0161ak svoje d\u00f4vody na to, aby ju nevyp\u00e1tral. N\u00e1jde Benedict l\u00e1sku svojho \u017eivota, ktor\u00e1 nechce, aby vedel, k\u00fdm v skuto\u010dnosti je?<\/p>\n<p>&nbsp;<\/p>\n<p>Spolo\u010densk\u00e1 sez\u00f3na roku 1815 je v plnom pr\u00fade, a hoci by si \u010dlovek pomyslel, \u017ee v\u0161etci bud\u00fa hovori\u0165<br \/>\no Wellingtonovi a Waterloo, pravdou je, \u017ee t\u00e9my rozhovorov sa od poslednej sez\u00f3ny ve\u013emi nezmenili,<br \/>\ns\u00fastre\u010fuj\u00fa na be\u017en\u00e9 spolo\u010densk\u00e9 dianie.<br \/>\nTak ako zvy\u010dajne, sa n\u00e1deje debutantiek na uzavretie man\u017eelstva up\u00ednaj\u00fa k rodine Bridgertonovcov,<br \/>\npredov\u0161etk\u00fdm na najstar\u0161ieho z nezadan\u00fdch bratov, Benedicta. Mo\u017eno nem\u00e1 titul, ale jeho pr\u00ed\u0165a\u017eliv\u00e1<br \/>\ntv\u00e1r, v\u00fdborn\u00e1 postava a tu\u010dn\u00e1 pe\u0148a\u017eenka to \u013eahko vynahradia. Na\u0161a autorka pri viac ako jednej<br \/>\npr\u00edle\u017eitosti za\u010dula, ako nejak\u00e1 Cti\u017eiadostiv\u00e1 matka hovor\u00ed o svojej dc\u00e9re: \u201eVyd\u00e1 sa za vojvodu&#8230; alebo<br \/>\nBridgertona.\u201c<br \/>\nV s\u00fa\u010dasnosti p\u00e1n Bridgerton nejav\u00ed z\u00e1ujem o mlad\u00e9 d\u00e1my, ktor\u00e9 sa objavuj\u00fa na spolo\u010densk\u00fdch<br \/>\npodujatiach. Z\u00fa\u010dast\u0148uje sa takmer ka\u017ed\u00e9ho ve\u010dierka, ale nerob\u00ed tam ni\u010d in\u00e9, iba pozoruje dvere,<br \/>\nakoby \u010dakal na niekoho v\u00fdnimo\u010dn\u00e9ho.<br \/>\nMo\u017eno&#8230;<br \/>\nNa bud\u00facu man\u017eelku?<\/p>\n<p>Spolo\u010densk\u00e9 noviny lady Whistledownovej, 12. j\u00fala 1815<\/p>\n<p>&nbsp;<\/p>\n<p>Po\u010det str\u00e1n: 288<\/p>\n<p>V\u00e4zba: pevn\u00e1 bez prebalu<\/p>\n<p>ISBN: 978-80-973932-0-5<\/p>\n<div class='qrcode'><img   src='https:\/\/api.qrserver.com\/v1\/create-qr-code\/?size=185x185&ecc=L&qzone=1&data=https%3A%2F%2Fdotlacknih.sk%2Findex.php%2Fprodukt%2Fnevhodny-navrh-3-julia-quinnova%2F' alt='Nevhodn\u00fd n\u00e1vrh- Julia Quinnov\u00e1' \/><\/div>","protected":false},"excerpt":{"rendered":"<p>Tret\u00ed diel s\u00e9rie o rodine Bridgertonovcov. Benedict Bridgerton, druh\u00fd najstar\u0161\u00ed brat Bridgertonovcov, po\u010das ma\u0161karn\u00e9ho plesu svojej matky stretne d\u00e1mu, ktor\u00e1 ho o\u010dar\u00ed a\u017e tak, \u017ee na \u0148u nem\u00f4\u017ee presta\u0165 myslie\u0165. Nepozn\u00e1 jej meno a tie\u017e nikdy nevidel jej tv\u00e1r. Jeho Popolu\u0161ka m\u00e1 v\u0161ak svoje d\u00f4vody na to, aby ju nevyp\u00e1tral. N\u00e1jde Benedict l\u00e1sku svojho \u017eivota, ktor\u00e1 nechce, aby vedel, k\u00fdm v skuto\u010dnosti je? &nbsp; Spolo\u010densk\u00e1 sez\u00f3na roku 1815 je v plnom pr\u00fade, a hoci by si \u010dlovek pomyslel, \u017ee v\u0161etci bud\u00fa hovori\u0165 o Wellingtonovi a Waterloo, pravdou je, \u017ee t\u00e9my rozhovorov sa od poslednej sez\u00f3ny ve\u013emi nezmenili, s\u00fastre\u010fuj\u00fa na be\u017en\u00e9 spolo\u010densk\u00e9 dianie. Tak ako zvy\u010dajne, sa n\u00e1deje debutantiek na uzavretie man\u017eelstva up\u00ednaj\u00fa k rodine Bridgertonovcov, predov\u0161etk\u00fdm na najstar\u0161ieho z nezadan\u00fdch bratov, Benedicta. Mo\u017eno nem\u00e1 titul, ale jeho pr\u00ed\u0165a\u017eliv\u00e1 tv\u00e1r, v\u00fdborn\u00e1 postava a tu\u010dn\u00e1 pe\u0148a\u017eenka to \u013eahko vynahradia. Na\u0161a autorka pri viac ako jednej pr\u00edle\u017eitosti za\u010dula, ako nejak\u00e1 Cti\u017eiadostiv\u00e1 matka hovor\u00ed o svojej dc\u00e9re: \u201eVyd\u00e1 sa za vojvodu&#8230; alebo Bridgertona.\u201c V s\u00fa\u010dasnosti p\u00e1n Bridgerton nejav\u00ed z\u00e1ujem o mlad\u00e9 d\u00e1my, ktor\u00e9 sa objavuj\u00fa na spolo\u010densk\u00fdch podujatiach. Z\u00fa\u010dast\u0148uje sa takmer ka\u017ed\u00e9ho ve\u010dierka, ale nerob\u00ed tam ni\u010d in\u00e9, iba pozoruje dvere, akoby \u010dakal na niekoho v\u00fdnimo\u010dn\u00e9ho. Mo\u017eno&#8230; Na bud\u00facu man\u017eelku? Spolo\u010densk\u00e9 noviny lady Whistledownovej, 12. j\u00fala 1815 &nbsp; Po\u010det str\u00e1n: 288 V\u00e4zba: pevn\u00e1 bez prebalu ISBN: 978-80-973932-0-5<\/p>\n","protected":false},"featured_media":1143,"comment_status":"open","ping_status":"closed","template":"","meta":[],"product_brand":[],"product_cat":[113],"product_tag":[145,144,78,142,143],"class_list":{"0":"post-1142","1":"product","2":"type-product","3":"status-publish","4":"has-post-thumbnail","6":"product_cat-bridgerton","7":"product_tag-an-offer-from-a-gentleman","8":"product_tag-benedict-bridgerton","9":"product_tag-julia-quinn","10":"product_tag-nevhodny-navrh","11":"product_tag-sophie-beckett","12":"product_shipping_class-slovenska-posta","14":"first","15":"instock","16":"taxable","17":"shipping-taxable","18":"purchasable","19":"product-type-simple"},"wooqr_code":"1621755211_1142.png","_links":{"self":[{"href":"https:\/\/dotlacknih.sk\/index.php\/wp-json\/wp\/v2\/product\/1142","targetHints":{"allow":["GET"]}}],"collection":[{"href":"https:\/\/dotlacknih.sk\/index.php\/wp-json\/wp\/v2\/product"}],"about":[{"href":"https:\/\/dotlacknih.sk\/index.php\/wp-json\/wp\/v2\/types\/product"}],"replies":[{"embeddable":true,"href":"https:\/\/dotlacknih.sk\/index.php\/wp-json\/wp\/v2\/comments?post=1142"}],"wp:featuredmedia":[{"embeddable":true,"href":"https:\/\/dotlacknih.sk\/index.php\/wp-json\/wp\/v2\/media\/1143"}],"wp:attachment":[{"href":"https:\/\/dotlacknih.sk\/index.php\/wp-json\/wp\/v2\/media?parent=1142"}],"wp:term":[{"taxonomy":"product_brand","embeddable":true,"href":"https:\/\/dotlacknih.sk\/index.php\/wp-json\/wp\/v2\/product_brand?post=1142"},{"taxonomy":"product_cat","embeddable":true,"href":"https:\/\/dotlacknih.sk\/index.php\/wp-json\/wp\/v2\/product_cat?post=1142"},{"taxonomy":"product_tag","embeddable":true,"href":"https:\/\/dotlacknih.sk\/index.php\/wp-json\/wp\/v2\/product_tag?post=1142"}],"curies":[{"name":"wp","href":"https:\/\/api.w.org\/{rel}","templated":true}]}}