{"id":95,"date":"2020-07-21T19:10:14","date_gmt":"2020-07-21T17:10:14","guid":{"rendered":"https:\/\/dotlacknih.sk\/?page_id=95"},"modified":"2024-08-01T17:29:10","modified_gmt":"2024-08-01T15:29:10","slug":"kontakt","status":"publish","type":"page","link":"https:\/\/dotlacknih.sk\/index.php\/kontakt\/","title":{"rendered":"Kontakt"},"content":{"rendered":"\n<p>VYDAVATE\u013dSTVO PANDORA<br>Joliota Curie 735\/37, 058 01 Poprad<\/p>\n\n\n\n<p><\/p>\n\n\n\n<p>email: vydavatelstvopandora@dotlacknih.sk<\/p>\n\n\n\n<p>objedn\u00e1vky, fakt\u00fary, platby a reklam\u00e1cie: martinkova@dotlacknih.sk<\/p>\n\n\n\n<p><\/p>\n\n\n\n<p><\/p>\n<div class='qrcode'><img   src='https:\/\/api.qrserver.com\/v1\/create-qr-code\/?size=185x185&ecc=L&qzone=1&data=https%3A%2F%2Fdotlacknih.sk%2Findex.php%2Fkontakt%2F' alt='Kontakt' \/><\/div>","protected":false},"excerpt":{"rendered":"<p>VYDAVATE\u013dSTVO PANDORAJoliota Curie 735\/37, 058 01 Poprad email: vydavatelstvopandora@dotlacknih.sk objedn\u00e1vky, fakt\u00fary, platby a reklam\u00e1cie: martinkova@dotlacknih.sk<\/p>\n","protected":false},"author":1,"featured_media":0,"parent":0,"menu_order":0,"comment_status":"closed","ping_status":"closed","template":"","meta":{"footnotes":""},"categories":[],"tags":[],"class_list":["post-95","page","type-page","status-publish","hentry"],"_links":{"self":[{"href":"https:\/\/dotlacknih.sk\/index.php\/wp-json\/wp\/v2\/pages\/95","targetHints":{"allow":["GET"]}}],"collection":[{"href":"https:\/\/dotlacknih.sk\/index.php\/wp-json\/wp\/v2\/pages"}],"about":[{"href":"https:\/\/dotlacknih.sk\/index.php\/wp-json\/wp\/v2\/types\/page"}],"author":[{"embeddable":true,"href":"https:\/\/dotlacknih.sk\/index.php\/wp-json\/wp\/v2\/users\/1"}],"replies":[{"embeddable":true,"href":"https:\/\/dotlacknih.sk\/index.php\/wp-json\/wp\/v2\/comments?post=95"}],"version-history":[{"count":6,"href":"https:\/\/dotlacknih.sk\/index.php\/wp-json\/wp\/v2\/pages\/95\/revisions"}],"predecessor-version":[{"id":5455,"href":"https:\/\/dotlacknih.sk\/index.php\/wp-json\/wp\/v2\/pages\/95\/revisions\/5455"}],"wp:attachment":[{"href":"https:\/\/dotlacknih.sk\/index.php\/wp-json\/wp\/v2\/media?parent=95"}],"wp:term":[{"taxonomy":"category","embeddable":true,"href":"https:\/\/dotlacknih.sk\/index.php\/wp-json\/wp\/v2\/categories?post=95"},{"taxonomy":"post_tag","embeddable":true,"href":"https:\/\/dotlacknih.sk\/index.php\/wp-json\/wp\/v2\/tags?post=95"}],"curies":[{"name":"wp","href":"https:\/\/api.w.org\/{rel}","templated":true}]}}