{"id":843,"date":"2020-11-17T11:10:54","date_gmt":"2020-11-17T10:10:54","guid":{"rendered":"https:\/\/dotlacknih.sk\/?page_id=843"},"modified":"2020-11-17T11:11:00","modified_gmt":"2020-11-17T10:11:00","slug":"autorky","status":"publish","type":"page","link":"https:\/\/dotlacknih.sk\/index.php\/autorky\/","title":{"rendered":"Autorky"},"content":{"rendered":"\n<h2 class=\"has-text-align-center wp-block-heading\">Kathleen E. Woodiwissov\u00e1<\/h2>\n\n\n\n<figure class=\"wp-block-image size-large is-style-default\"><img loading=\"lazy\" decoding=\"async\" width=\"500\" height=\"333\" src=\"https:\/\/dotlacknih.sk\/wp-content\/uploads\/2020\/11\/Kathleen-E-Woodiwiss.jpg\" alt=\"\" class=\"wp-image-844\" srcset=\"https:\/\/dotlacknih.sk\/wp-content\/uploads\/2020\/11\/Kathleen-E-Woodiwiss.jpg 500w, https:\/\/dotlacknih.sk\/wp-content\/uploads\/2020\/11\/Kathleen-E-Woodiwiss-300x200.jpg 300w\" sizes=\"auto, (max-width: 500px) 100vw, 500px\" \/><figcaption>zdroj:https:\/\/www.orderofbooks.com\/authors\/kathleen-e-woodiwiss\/<\/figcaption><\/figure>\n\n\n\n<p>Kathleen E. Woodiwissov\u00e1 sa narodila ako Kathleen Erin Hogg v roku 1939 v Alexandrii.  Zomrela v roku 2007 vo veku 68 rokov. Jej \u017eivot pripom\u00ednal pr\u00edbehy, ktor\u00e9 sama nesk\u00f4r za\u010dala p\u00edsa\u0165. Mala siedmich s\u00farodencov a jej otec zomrel, ke\u010f mala 12. Milovala knihy Jana Eyrov\u00e1 a Odviate vetrom. V 16 stretla na tancova\u010dke Rossa Woodiwissa, s ktor\u00fdm sa zasn\u00fabila a vydala sa za neho. Po\u010das jeho nepr\u00edtomnosti za\u010dala p\u00edsa\u0165 romantick\u00e9 pr\u00edbehy. Jej prv\u00fa knihu The Flame and the Flower odmietlo 8 vydavate\u013eov. Rozhodla sa oslovi\u0165 vydavate\u013eov bro\u017eovan\u00fdch kn\u00edh &#8211; Avon. Jej kniha sa dostala do spr\u00e1vnych r\u00fak.  Od 70-rokov 20.storo\u010dia, ke\u010f za\u010dala p\u00edsa\u0165, sa predalo viac ako 30 mili\u00f3nov v\u00fdtla\u010dkov v r\u00f4znych jazykoch. <\/p>\n\n\n\n<h4 class=\"has-text-align-center wp-block-heading\">Jej knihy<\/h4>\n\n\n\n<p>Jej knihy boli vydan\u00e9 aj u n\u00e1s na Slovensku<\/p>\n\n\n\n<p><strong>Birmighamovci:<\/strong><\/p>\n\n\n\n<p>1.The Flame and the Flower (1972) &#8211; Plame\u0148 a kvet <\/p>\n\n\n\n<p>2.The Kiss (1995) &#8211; vydan\u00e9 ako s\u00fa\u010das\u0165  Three weddings and a kiss<\/p>\n\n\n\n<p>3.Beyond the kiss (1996) vydan\u00e9 v Married at Midnight<\/p>\n\n\n\n<p>4.The Elusive Flame(1998) &#8211; Plame\u0148 v srdci <\/p>\n\n\n\n<p>5.A season beyond a kiss (2000) &#8211; V\u00e1\u0161niv\u00fd bozk <\/p>\n\n\n\n<h4 class=\"wp-block-heading\">Samostatn\u00e9 pr\u00edbehy<\/h4>\n\n\n\n<p>The Dove and the Wolf (1974) &#8211; Vlk a holubica<\/p>\n\n\n\n<p>Shanna (1977) &#8211; Leopard a orchidea <\/p>\n\n\n\n<p>Ashes in the Wind (1979) &#8211; Popol vo vetre<\/p>\n\n\n\n<p><strong>A Rose in Winter (1983) &#8211; Ru\u017ea v zime<\/strong><\/p>\n\n\n\n<p>Come love a stranger (1984) &#8211; Nespoznan\u00e1 l\u00e1ska<\/p>\n\n\n\n<p>So worthy my love (1989) &#8211; Osudom spojen\u00ed<\/p>\n\n\n\n<p>Forever in your embrace (1992) &#8211; Nav\u017edy v tvojom objat\u00ed<\/p>\n\n\n\n<p>Petals on the River (1997) &#8211; Lupene na vode<\/p>\n\n\n\n<p>The Reluctant Suitor (2003) &#8211; V\u00e1hav\u00fd n\u00e1padn\u00edk<\/p>\n\n\n\n<p>Everlasting (2007) &#8211; Ve\u010dn\u00e1 l\u00e1ska<\/p>\n\n\n\n<p><\/p>\n\n\n\n<p class=\"has-text-align-center\"><strong>V janu\u00e1ri 2021 vych\u00e1dza nov\u00e9 vydanie Ru\u017ee v zime<\/strong><\/p>\n\n\n\n<figure class=\"wp-block-image size-large\"><img loading=\"lazy\" decoding=\"async\" width=\"1024\" height=\"683\" src=\"https:\/\/dotlacknih.sk\/wp-content\/uploads\/2020\/11\/ruza-v-zime-nova-1024x683.jpg\" alt=\"\" class=\"wp-image-827\" srcset=\"https:\/\/dotlacknih.sk\/wp-content\/uploads\/2020\/11\/ruza-v-zime-nova-1024x683.jpg 1024w, https:\/\/dotlacknih.sk\/wp-content\/uploads\/2020\/11\/ruza-v-zime-nova-600x400.jpg 600w, https:\/\/dotlacknih.sk\/wp-content\/uploads\/2020\/11\/ruza-v-zime-nova-300x200.jpg 300w, https:\/\/dotlacknih.sk\/wp-content\/uploads\/2020\/11\/ruza-v-zime-nova-768x512.jpg 768w, https:\/\/dotlacknih.sk\/wp-content\/uploads\/2020\/11\/ruza-v-zime-nova-1536x1024.jpg 1536w, https:\/\/dotlacknih.sk\/wp-content\/uploads\/2020\/11\/ruza-v-zime-nova-2048x1366.jpg 2048w\" sizes=\"auto, (max-width: 1024px) 100vw, 1024px\" \/><figcaption><strong>Objednajte si u\u017e teraz: <a href=\"https:\/\/dotlacknih.sk\/index.php\/produkt\/kathleen-e-woodiwissova-ruza-v-zime\/\" data-type=\"URL\" data-id=\"https:\/\/dotlacknih.sk\/index.php\/produkt\/kathleen-e-woodiwissova-ruza-v-zime\/\">https:\/\/dotlacknih.sk\/index.php\/produkt\/kathleen-e-woodiwissova-ruza-v-zime\/<\/a><\/strong><\/figcaption><\/figure>\n\n\n\n<p><strong>Zdroj inform\u00e1ci\u00ed: <\/strong>https:\/\/www.theguardian.com\/news\/2007\/aug\/02\/guardianobituaries.booksobituaries<\/p>\n\n\n\n<p><a href=\"https:\/\/www.fantasticfiction.com\/w\/kathleen-woodiwiss\/\">https:\/\/www.fantasticfiction.com\/w\/kathleen-woodiwiss\/<\/a><\/p>\n<div class='qrcode'><img   src='https:\/\/api.qrserver.com\/v1\/create-qr-code\/?size=185x185&ecc=L&qzone=1&data=https%3A%2F%2Fdotlacknih.sk%2Findex.php%2Fautorky%2F' alt='Autorky' \/><\/div>","protected":false},"excerpt":{"rendered":"<p>Kathleen E. Woodiwissov\u00e1 Kathleen E. Woodiwissov\u00e1 sa narodila ako Kathleen Erin Hogg v roku 1939 v Alexandrii. Zomrela v roku 2007 vo veku 68 rokov. Jej \u017eivot pripom\u00ednal pr\u00edbehy, ktor\u00e9 sama nesk\u00f4r za\u010dala p\u00edsa\u0165. Mala siedmich s\u00farodencov a jej otec zomrel, ke\u010f mala 12. Milovala knihy Jana Eyrov\u00e1 a Odviate vetrom. V 16 stretla na tancova\u010dke Rossa Woodiwissa, s ktor\u00fdm sa zasn\u00fabila a vydala sa za neho. Po\u010das jeho nepr\u00edtomnosti za\u010dala p\u00edsa\u0165 romantick\u00e9 pr\u00edbehy. Jej prv\u00fa knihu The Flame and the Flower odmietlo 8 vydavate\u013eov. Rozhodla sa oslovi\u0165 vydavate\u013eov bro\u017eovan\u00fdch kn\u00edh &#8211; Avon. Jej kniha sa dostala do spr\u00e1vnych r\u00fak. Od 70-rokov 20.storo\u010dia, ke\u010f za\u010dala p\u00edsa\u0165, sa predalo viac ako 30 mili\u00f3nov v\u00fdtla\u010dkov v r\u00f4znych jazykoch. Jej knihy Jej knihy boli vydan\u00e9 aj u n\u00e1s na Slovensku Birmighamovci: 1.The Flame and the Flower (1972) &#8211; Plame\u0148 a kvet 2.The Kiss (1995) &#8211; vydan\u00e9 ako s\u00fa\u010das\u0165 Three weddings and a kiss 3.Beyond the kiss (1996) vydan\u00e9 v Married at Midnight 4.The Elusive Flame(1998) &#8211; Plame\u0148 v srdci 5.A season beyond a kiss (2000) &#8211; V\u00e1\u0161niv\u00fd bozk Samostatn\u00e9 pr\u00edbehy The Dove and the Wolf (1974) &#8211; Vlk a holubica Shanna (1977) &#8211; Leopard a orchidea Ashes in the Wind (1979) &#8211; Popol vo vetre A Rose in Winter (1983) &#8211; Ru\u017ea v zime Come love a stranger (1984) &#8211; Nespoznan\u00e1 l\u00e1ska So worthy my love (1989) &#8211; Osudom spojen\u00ed Forever in your embrace (1992) &#8211; Nav\u017edy v tvojom objat\u00ed Petals on the River (1997) &#8211; Lupene na vode The Reluctant Suitor (2003) &#8211; V\u00e1hav\u00fd n\u00e1padn\u00edk Everlasting (2007) &#8211; Ve\u010dn\u00e1 l\u00e1ska V janu\u00e1ri 2021 vych\u00e1dza nov\u00e9 vydanie Ru\u017ee v zime Zdroj inform\u00e1ci\u00ed: https:\/\/www.theguardian.com\/news\/2007\/aug\/02\/guardianobituaries.booksobituaries https:\/\/www.fantasticfiction.com\/w\/kathleen-woodiwiss\/<\/p>\n","protected":false},"author":1,"featured_media":0,"parent":0,"menu_order":0,"comment_status":"closed","ping_status":"closed","template":"","meta":{"footnotes":""},"categories":[],"tags":[],"class_list":["post-843","page","type-page","status-publish","hentry"],"_links":{"self":[{"href":"https:\/\/dotlacknih.sk\/index.php\/wp-json\/wp\/v2\/pages\/843","targetHints":{"allow":["GET"]}}],"collection":[{"href":"https:\/\/dotlacknih.sk\/index.php\/wp-json\/wp\/v2\/pages"}],"about":[{"href":"https:\/\/dotlacknih.sk\/index.php\/wp-json\/wp\/v2\/types\/page"}],"author":[{"embeddable":true,"href":"https:\/\/dotlacknih.sk\/index.php\/wp-json\/wp\/v2\/users\/1"}],"replies":[{"embeddable":true,"href":"https:\/\/dotlacknih.sk\/index.php\/wp-json\/wp\/v2\/comments?post=843"}],"version-history":[{"count":1,"href":"https:\/\/dotlacknih.sk\/index.php\/wp-json\/wp\/v2\/pages\/843\/revisions"}],"predecessor-version":[{"id":849,"href":"https:\/\/dotlacknih.sk\/index.php\/wp-json\/wp\/v2\/pages\/843\/revisions\/849"}],"wp:attachment":[{"href":"https:\/\/dotlacknih.sk\/index.php\/wp-json\/wp\/v2\/media?parent=843"}],"wp:term":[{"taxonomy":"category","embeddable":true,"href":"https:\/\/dotlacknih.sk\/index.php\/wp-json\/wp\/v2\/categories?post=843"},{"taxonomy":"post_tag","embeddable":true,"href":"https:\/\/dotlacknih.sk\/index.php\/wp-json\/wp\/v2\/tags?post=843"}],"curies":[{"name":"wp","href":"https:\/\/api.w.org\/{rel}","templated":true}]}}