{"id":804,"date":"2020-11-10T21:01:58","date_gmt":"2020-11-10T20:01:58","guid":{"rendered":"https:\/\/dotlacknih.sk\/?page_id=804"},"modified":"2022-08-25T12:45:33","modified_gmt":"2022-08-25T10:45:33","slug":"postovne","status":"publish","type":"page","link":"https:\/\/dotlacknih.sk\/index.php\/postovne\/","title":{"rendered":"Po\u0161tovn\u00e9"},"content":{"rendered":"\n<p><\/p>\n\n\n\n<p>Slovenskou po\u0161tou &#8211; cena 3,10 EUR &#8211; bal\u00edk na po\u0161tu<\/p>\n\n\n\n<p>Cez pobo\u010dku Z\u00e1sielkovne &#8211; 2,59 EUR<\/p>\n\n\n\n<p>Osobn\u00fd odber je mo\u017en\u00fd  v Poprade &#8211; okolie nemocnice &#8211; zadarmo<\/p>\n<div class='qrcode'><img   src='https:\/\/api.qrserver.com\/v1\/create-qr-code\/?size=185x185&ecc=L&qzone=1&data=https%3A%2F%2Fdotlacknih.sk%2Findex.php%2Fpostovne%2F' alt='Po\u0161tovn\u00e9' \/><\/div>","protected":false},"excerpt":{"rendered":"<p>Slovenskou po\u0161tou &#8211; cena 3,10 EUR &#8211; bal\u00edk na po\u0161tu Cez pobo\u010dku Z\u00e1sielkovne &#8211; 2,59 EUR Osobn\u00fd odber je mo\u017en\u00fd v Poprade &#8211; okolie nemocnice &#8211; zadarmo<\/p>\n","protected":false},"author":1,"featured_media":0,"parent":0,"menu_order":0,"comment_status":"closed","ping_status":"closed","template":"","meta":{"footnotes":""},"categories":[],"tags":[],"class_list":["post-804","page","type-page","status-publish","hentry"],"_links":{"self":[{"href":"https:\/\/dotlacknih.sk\/index.php\/wp-json\/wp\/v2\/pages\/804","targetHints":{"allow":["GET"]}}],"collection":[{"href":"https:\/\/dotlacknih.sk\/index.php\/wp-json\/wp\/v2\/pages"}],"about":[{"href":"https:\/\/dotlacknih.sk\/index.php\/wp-json\/wp\/v2\/types\/page"}],"author":[{"embeddable":true,"href":"https:\/\/dotlacknih.sk\/index.php\/wp-json\/wp\/v2\/users\/1"}],"replies":[{"embeddable":true,"href":"https:\/\/dotlacknih.sk\/index.php\/wp-json\/wp\/v2\/comments?post=804"}],"version-history":[{"count":3,"href":"https:\/\/dotlacknih.sk\/index.php\/wp-json\/wp\/v2\/pages\/804\/revisions"}],"predecessor-version":[{"id":2071,"href":"https:\/\/dotlacknih.sk\/index.php\/wp-json\/wp\/v2\/pages\/804\/revisions\/2071"}],"wp:attachment":[{"href":"https:\/\/dotlacknih.sk\/index.php\/wp-json\/wp\/v2\/media?parent=804"}],"wp:term":[{"taxonomy":"category","embeddable":true,"href":"https:\/\/dotlacknih.sk\/index.php\/wp-json\/wp\/v2\/categories?post=804"},{"taxonomy":"post_tag","embeddable":true,"href":"https:\/\/dotlacknih.sk\/index.php\/wp-json\/wp\/v2\/tags?post=804"}],"curies":[{"name":"wp","href":"https:\/\/api.w.org\/{rel}","templated":true}]}}