{"id":4854,"date":"2024-05-29T19:23:04","date_gmt":"2024-05-29T17:23:04","guid":{"rendered":"https:\/\/dotlacknih.sk\/index.php\/my-account\/"},"modified":"2024-05-29T19:51:51","modified_gmt":"2024-05-29T17:51:51","slug":"my-account","status":"publish","type":"page","link":"https:\/\/dotlacknih.sk\/index.php\/my-account\/","title":{"rendered":"M\u00f4j \u00fa\u010det"},"content":{"rendered":"<div id=\"user-registration\" class=\"user-registration\">\n\n\n<div class=\"ur-frontend-form login \" id=\"ur-frontend-form\">\n\n\t<form class=\"user-registration-form user-registration-form-login login\" method=\"post\">\n\t\t<div class=\"ur-form-row\">\n\t\t\t<div class=\"ur-form-grid\">\n\t\t\t\t\t\t\t\t\t\t\t\t\t\t<p class=\"user-registration-form-row user-registration-form-row--wide form-row form-row-wide\">\n\t\t\t\t\t\t<label for=\"username\">E-mail <span class=\"required\">*<\/span><\/label>\t\t\t\t\t\t<span class=\"input-wrapper\">\n\t\t\t\t\t\t<input placeholder=\"E-mail\" type=\"text\" class=\"user-registration-Input user-registration-Input--text input-text\" name=\"username\" id=\"username\" value=\"\" style=\"\"\/>\n\t\t\t\t\t\t\t\t\t\t\t\t<\/span>\n\t\t\t\t\t<\/p>\n\t\t\t\t\t\t\t\t\t\t<p class=\"user-registration-form-row user-registration-form-row--wide form-row form-row-wide\">\n\t\t\t\t\t\t<label for=\"password\">Heslo <span class=\"required\">*<\/span><\/label>\t\t\t\t\t\t<span class=\"input-wrapper\">\n\t\t\t\t\t\t<span class=\"password-input-group\">\n\t\t\t\t\t\t<input placeholder=\"Heslo\" class=\"user-registration-Input user-registration-Input--text input-text\" type=\"password\" name=\"password\" id=\"password\" style=\"\" \/>\n\n\t\t\t\t\t\t\t\t\t\t\t\t\t\t\t\t\t\t<\/span>\n\t\t\t\t\t<\/p>\n\t\t\t\t\t\t\t\t\t\t\n\t\t\t\t\t\n\t\t\t\t\t<p class=\"form-row\">\n\t\t\t\t\t\t<input type=\"hidden\" id=\"user-registration-login-nonce\" name=\"user-registration-login-nonce\" value=\"bd0cc2c636\" \/><input type=\"hidden\" name=\"_wp_http_referer\" value=\"\/index.php\/wp-json\/wp\/v2\/pages\/4854\" \/>\t\t\t\t\t\t<div>\n\t\t\t\t\t\t\t\t\t\t\t\t\t\t\t\t\t\t\t\t<input type=\"submit\" class=\"user-registration-Button button \" name=\"login\" value=\"Prihl\u00e1senie\" \/>\n\t\t\t\t\t\t\t\t\t\t\t\t\t<\/div>\n\t\t\t\t\t\t<input type=\"hidden\" name=\"redirect\" value=\"\" \/>\n\t\t\t\t\t\t\t\t\t\t\t\t\t\t<label class=\"user-registration-form__label user-registration-form__label-for-checkbox inline\">\n\t\t\t\t\t\t\t\t\t<input class=\"user-registration-form__input user-registration-form__input-checkbox\" name=\"rememberme\" type=\"checkbox\" id=\"rememberme\" value=\"forever\" \/> <span>Zapam\u00e4taj si ma<\/span>\n\t\t\t\t\t\t\t\t<\/label>\n\t\t\t\t\t\t\t\t\t\t\t\t<\/p>\n\n\t\t\t\t\t\t\t\t\t\t\t\t\t<p class=\"user-registration-LostPassword lost_password\">\n\t\t\t\t\t\t\t\t\t<a href=\"https:\/\/dotlacknih.sk\/index.php\/my-account\/lost-password\/\">Zabudli ste svoje heslo?<\/a>\n\t\t\t\t\t\t\t\t<\/p>\n\t\t\t\t\t\t\n\t\t\t\t\t\t\t\t\t\t<div class=\"user-registration-social-connect-networks\">\n\n\t<\/div>\n\t\t\t<\/div>\n\t\t<\/div>\n\t<\/form>\n\n<\/div>\n\n<\/div>\n<div class='qrcode'><img   src='https:\/\/api.qrserver.com\/v1\/create-qr-code\/?size=185x185&ecc=L&qzone=1&data=https%3A%2F%2Fdotlacknih.sk%2Findex.php%2Fmy-account%2F' alt='M\u00f4j \u00fa\u010det' \/><\/div>","protected":false},"excerpt":{"rendered":"","protected":false},"author":1,"featured_media":0,"parent":0,"menu_order":0,"comment_status":"closed","ping_status":"closed","template":"","meta":{"footnotes":""},"categories":[],"tags":[],"class_list":["post-4854","page","type-page","status-publish","hentry"],"_links":{"self":[{"href":"https:\/\/dotlacknih.sk\/index.php\/wp-json\/wp\/v2\/pages\/4854","targetHints":{"allow":["GET"]}}],"collection":[{"href":"https:\/\/dotlacknih.sk\/index.php\/wp-json\/wp\/v2\/pages"}],"about":[{"href":"https:\/\/dotlacknih.sk\/index.php\/wp-json\/wp\/v2\/types\/page"}],"author":[{"embeddable":true,"href":"https:\/\/dotlacknih.sk\/index.php\/wp-json\/wp\/v2\/users\/1"}],"replies":[{"embeddable":true,"href":"https:\/\/dotlacknih.sk\/index.php\/wp-json\/wp\/v2\/comments?post=4854"}],"version-history":[{"count":2,"href":"https:\/\/dotlacknih.sk\/index.php\/wp-json\/wp\/v2\/pages\/4854\/revisions"}],"predecessor-version":[{"id":4865,"href":"https:\/\/dotlacknih.sk\/index.php\/wp-json\/wp\/v2\/pages\/4854\/revisions\/4865"}],"wp:attachment":[{"href":"https:\/\/dotlacknih.sk\/index.php\/wp-json\/wp\/v2\/media?parent=4854"}],"wp:term":[{"taxonomy":"category","embeddable":true,"href":"https:\/\/dotlacknih.sk\/index.php\/wp-json\/wp\/v2\/categories?post=4854"},{"taxonomy":"post_tag","embeddable":true,"href":"https:\/\/dotlacknih.sk\/index.php\/wp-json\/wp\/v2\/tags?post=4854"}],"curies":[{"name":"wp","href":"https:\/\/api.w.org\/{rel}","templated":true}]}}